{"id":13364,"date":"2025-06-29T14:58:57","date_gmt":"2025-06-29T12:58:57","guid":{"rendered":"https:\/\/uj.adatbank.ro\/lexikon\/termek\/kupas-janos\/"},"modified":"2025-06-29T14:58:57","modified_gmt":"2025-06-29T12:58:57","slug":"kupas-janos","status":"publish","type":"product","link":"https:\/\/uj.adatbank.ro\/lexikon\/termek\/kupas-janos\/","title":{"rendered":"KUP\u00c1S J\u00e1nos"},"content":{"rendered":"<p>? \u2020 ?: tan\u00e1r, igazgat\u00f3. \u2013 Makfalv\u00e1n iskola igazgat\u00f3 (1955\u201359). Kiemelt\u00e9k a tan\u00fcgy k\u00f6tel\u00e9k\u00e9b\u0151l. Szov\u00e1t\u00e1ra helyezt\u00e9k, v\u00e1rosi kult\u00farigazgat\u00f3nak nevezt\u00e9k ki. <br \/><strong>Irod.:<\/strong> Makfalvi okt. t\u00f6rt.<\/br><\/p>\n","protected":false},"excerpt":{"rendered":"<p>? \u2020 ?: tan\u00e1r, igazgat\u00f3. \u2013 Makfalv\u00e1n iskola igazgat\u00f3 (1955\u201359). Kiemelt\u00e9k a tan\u00fcgy k\u00f6tel\u00e9k\u00e9b\u0151l. Szov\u00e1t\u00e1ra helyezt\u00e9k, v\u00e1rosi kult\u00farigazgat\u00f3nak nevezt\u00e9k ki. Irod.: Makfalvi okt. t\u00f6rt.<\/p>\n","protected":false},"featured_media":0,"comment_status":"open","ping_status":"closed","template":"","meta":[],"product_brand":[],"product_cat":[137],"product_tag":[],"class_list":{"0":"post-13364","1":"product","2":"type-product","3":"status-publish","5":"product_cat-maros-megyei-eletrajzi-lexikon","7":"first","8":"instock","9":"shipping-taxable","10":"product-type-simple"},"_links":{"self":[{"href":"https:\/\/uj.adatbank.ro\/lexikon\/wp-json\/wp\/v2\/product\/13364","targetHints":{"allow":["GET"]}}],"collection":[{"href":"https:\/\/uj.adatbank.ro\/lexikon\/wp-json\/wp\/v2\/product"}],"about":[{"href":"https:\/\/uj.adatbank.ro\/lexikon\/wp-json\/wp\/v2\/types\/product"}],"replies":[{"embeddable":true,"href":"https:\/\/uj.adatbank.ro\/lexikon\/wp-json\/wp\/v2\/comments?post=13364"}],"wp:attachment":[{"href":"https:\/\/uj.adatbank.ro\/lexikon\/wp-json\/wp\/v2\/media?parent=13364"}],"wp:term":[{"taxonomy":"product_brand","embeddable":true,"href":"https:\/\/uj.adatbank.ro\/lexikon\/wp-json\/wp\/v2\/product_brand?post=13364"},{"taxonomy":"product_cat","embeddable":true,"href":"https:\/\/uj.adatbank.ro\/lexikon\/wp-json\/wp\/v2\/product_cat?post=13364"},{"taxonomy":"product_tag","embeddable":true,"href":"https:\/\/uj.adatbank.ro\/lexikon\/wp-json\/wp\/v2\/product_tag?post=13364"}],"curies":[{"name":"wp","href":"https:\/\/api.w.org\/{rel}","templated":true}]}}