{"id":13367,"date":"2025-06-29T14:59:08","date_gmt":"2025-06-29T12:59:08","guid":{"rendered":"https:\/\/uj.adatbank.ro\/lexikon\/termek\/kupferstich-antal-kupferstick-n\/"},"modified":"2025-06-29T14:59:08","modified_gmt":"2025-06-29T12:59:08","slug":"kupferstich-antal-kupferstick-n","status":"publish","type":"product","link":"https:\/\/uj.adatbank.ro\/lexikon\/termek\/kupferstich-antal-kupferstick-n\/","title":{"rendered":"KUPFERSTICH Antal, Kupferstick N."},"content":{"rendered":"<p>? \u2020 ?: v\u00e1llalkoz\u00f3, gy\u00e1ralap\u00edt\u00f3. \u2013 Megv\u00e1s\u00e1rolta a mv.-i kocsiken\u0151cs- \u00e9s l\u00e1mpaolaj \u00fczemet (1881) \u00e9s Kupferstick \u00e9s T\u00e1rsa n\u00e9ven ut\u00f3bb k\u00f3olajfinom\u00edt\u00f3v\u00e1 fejlesztet\u00e9k. Le\u00e9gett (1886), megvette Baruch Adolf. Az els\u0151 25 mag\u00e1n t\u00e1vbesz\u00e9l\u0151 el\u0151fizet\u0151 egyike volt Mv.-en Wallerstein Bern\u00e1ttal k\u00f6z\u00f6s v\u00e1llalkoz\u00e1sukban (1893). <br \/><strong>Irod.:<\/strong> Id\u0151t\u00e1r 2; Kusz\u00e1lik\u2013Zal\u00e1nyi<\/br><\/p>\n","protected":false},"excerpt":{"rendered":"<p>? \u2020 ?: v\u00e1llalkoz\u00f3, gy\u00e1ralap\u00edt\u00f3. \u2013 Megv\u00e1s\u00e1rolta a mv.-i kocsiken\u0151cs- \u00e9s l\u00e1mpaolaj \u00fczemet (1881) \u00e9s Kupferstick \u00e9s T\u00e1rsa n\u00e9ven ut\u00f3bb k\u00f3olajfinom\u00edt\u00f3v\u00e1 fejlesztet\u00e9k. Le\u00e9gett (1886), megvette Baruch Adolf. Az els\u0151 25 mag\u00e1n t\u00e1vbesz\u00e9l\u0151 el\u0151fizet\u0151 egyike volt Mv.-en Wallerstein Bern\u00e1ttal k\u00f6z\u00f6s v\u00e1llalkoz\u00e1sukban (1893). Irod.: Id\u0151t\u00e1r 2; Kusz\u00e1lik\u2013Zal\u00e1nyi<\/p>\n","protected":false},"featured_media":0,"comment_status":"open","ping_status":"closed","template":"","meta":[],"product_brand":[],"product_cat":[137],"product_tag":[],"class_list":{"0":"post-13367","1":"product","2":"type-product","3":"status-publish","5":"product_cat-maros-megyei-eletrajzi-lexikon","7":"first","8":"instock","9":"shipping-taxable","10":"product-type-simple"},"_links":{"self":[{"href":"https:\/\/uj.adatbank.ro\/lexikon\/wp-json\/wp\/v2\/product\/13367","targetHints":{"allow":["GET"]}}],"collection":[{"href":"https:\/\/uj.adatbank.ro\/lexikon\/wp-json\/wp\/v2\/product"}],"about":[{"href":"https:\/\/uj.adatbank.ro\/lexikon\/wp-json\/wp\/v2\/types\/product"}],"replies":[{"embeddable":true,"href":"https:\/\/uj.adatbank.ro\/lexikon\/wp-json\/wp\/v2\/comments?post=13367"}],"wp:attachment":[{"href":"https:\/\/uj.adatbank.ro\/lexikon\/wp-json\/wp\/v2\/media?parent=13367"}],"wp:term":[{"taxonomy":"product_brand","embeddable":true,"href":"https:\/\/uj.adatbank.ro\/lexikon\/wp-json\/wp\/v2\/product_brand?post=13367"},{"taxonomy":"product_cat","embeddable":true,"href":"https:\/\/uj.adatbank.ro\/lexikon\/wp-json\/wp\/v2\/product_cat?post=13367"},{"taxonomy":"product_tag","embeddable":true,"href":"https:\/\/uj.adatbank.ro\/lexikon\/wp-json\/wp\/v2\/product_tag?post=13367"}],"curies":[{"name":"wp","href":"https:\/\/api.w.org\/{rel}","templated":true}]}}