{"id":13369,"date":"2025-06-29T14:59:12","date_gmt":"2025-06-29T12:59:12","guid":{"rendered":"https:\/\/uj.adatbank.ro\/lexikon\/termek\/kurechiusiu-george\/"},"modified":"2025-06-29T14:59:12","modified_gmt":"2025-06-29T12:59:12","slug":"kurechiusiu-george","status":"publish","type":"product","link":"https:\/\/uj.adatbank.ro\/lexikon\/termek\/kurechiusiu-george\/","title":{"rendered":"KURECHIU\u015eIU, George"},"content":{"rendered":"<p>? \u2020 ?: tan\u00edt\u00f3. \u2013 Marosszentgy\u00f6rgy\u00f6n a g. kat iskol\u00e1ban tan\u00edtott (1865\u201369). <br \/><strong>Irod.:<\/strong> S\u00e2ngeorgiu de Mure\u015f \u2013 \u015ecoala<\/br><\/p>\n","protected":false},"excerpt":{"rendered":"<p>? \u2020 ?: tan\u00edt\u00f3. \u2013 Marosszentgy\u00f6rgy\u00f6n a g. kat iskol\u00e1ban tan\u00edtott (1865\u201369). Irod.: S\u00e2ngeorgiu de Mure\u015f \u2013 \u015ecoala<\/p>\n","protected":false},"featured_media":0,"comment_status":"open","ping_status":"closed","template":"","meta":[],"product_brand":[],"product_cat":[137],"product_tag":[],"class_list":{"0":"post-13369","1":"product","2":"type-product","3":"status-publish","5":"product_cat-maros-megyei-eletrajzi-lexikon","7":"first","8":"instock","9":"shipping-taxable","10":"product-type-simple"},"_links":{"self":[{"href":"https:\/\/uj.adatbank.ro\/lexikon\/wp-json\/wp\/v2\/product\/13369","targetHints":{"allow":["GET"]}}],"collection":[{"href":"https:\/\/uj.adatbank.ro\/lexikon\/wp-json\/wp\/v2\/product"}],"about":[{"href":"https:\/\/uj.adatbank.ro\/lexikon\/wp-json\/wp\/v2\/types\/product"}],"replies":[{"embeddable":true,"href":"https:\/\/uj.adatbank.ro\/lexikon\/wp-json\/wp\/v2\/comments?post=13369"}],"wp:attachment":[{"href":"https:\/\/uj.adatbank.ro\/lexikon\/wp-json\/wp\/v2\/media?parent=13369"}],"wp:term":[{"taxonomy":"product_brand","embeddable":true,"href":"https:\/\/uj.adatbank.ro\/lexikon\/wp-json\/wp\/v2\/product_brand?post=13369"},{"taxonomy":"product_cat","embeddable":true,"href":"https:\/\/uj.adatbank.ro\/lexikon\/wp-json\/wp\/v2\/product_cat?post=13369"},{"taxonomy":"product_tag","embeddable":true,"href":"https:\/\/uj.adatbank.ro\/lexikon\/wp-json\/wp\/v2\/product_tag?post=13369"}],"curies":[{"name":"wp","href":"https:\/\/api.w.org\/{rel}","templated":true}]}}