{"id":13371,"date":"2025-06-29T14:59:15","date_gmt":"2025-06-29T12:59:15","guid":{"rendered":"https:\/\/uj.adatbank.ro\/lexikon\/termek\/kuri-mihaly-2\/"},"modified":"2025-06-29T14:59:15","modified_gmt":"2025-06-29T12:59:15","slug":"kuri-mihaly-2","status":"publish","type":"product","link":"https:\/\/uj.adatbank.ro\/lexikon\/termek\/kuri-mihaly-2\/","title":{"rendered":"KURI Mih\u00e1ly"},"content":{"rendered":"<p>Nagykend, 1898., \u2020 ? : gazd\u00e1lkod\u00f3. \u2013 A sz\u00fcl\u0151 h\u00e1zn\u00e1l tanult gazd\u00e1lkodni, \u00f6n\u00e1ll\u00f3 (1934\u2013) Nagykenden 14 hold f\u00f6ldj\u00e9n. Az els\u0151 vh.-ban mint ir\u00e1ny\u00edt\u00f3 f\u0151t\u0171z\u00e9r az orosz \u00e9s olasz fronton harcolt. A MP titk\u00e1ra, a k\u00f6zs\u00e9g p\u00e9nzt\u00e1rosa, a k\u00f6z\u00fcgyek lelkes t\u00e1mogat\u00f3ja \u00e9s r\u00e9sztvev\u0151je volt. <br \/><strong>Irod.:<\/strong> Sz\u00e9kelyf\u00f6ld \u00ed. k.<\/br><\/p>\n","protected":false},"excerpt":{"rendered":"<p>Nagykend, 1898., \u2020 ? : gazd\u00e1lkod\u00f3. \u2013 A sz\u00fcl\u0151 h\u00e1zn\u00e1l tanult gazd\u00e1lkodni, \u00f6n\u00e1ll\u00f3 (1934\u2013) Nagykenden 14 hold f\u00f6ldj\u00e9n. Az els\u0151 vh.-ban mint ir\u00e1ny\u00edt\u00f3 f\u0151t\u0171z\u00e9r az orosz \u00e9s olasz fronton harcolt. A MP titk\u00e1ra, a k\u00f6zs\u00e9g p\u00e9nzt\u00e1rosa, a k\u00f6z\u00fcgyek lelkes t\u00e1mogat\u00f3ja \u00e9s r\u00e9sztvev\u0151je volt. Irod.: Sz\u00e9kelyf\u00f6ld \u00ed. k.<\/p>\n","protected":false},"featured_media":0,"comment_status":"open","ping_status":"closed","template":"","meta":[],"product_brand":[],"product_cat":[137],"product_tag":[],"class_list":{"0":"post-13371","1":"product","2":"type-product","3":"status-publish","5":"product_cat-maros-megyei-eletrajzi-lexikon","7":"first","8":"instock","9":"shipping-taxable","10":"product-type-simple"},"_links":{"self":[{"href":"https:\/\/uj.adatbank.ro\/lexikon\/wp-json\/wp\/v2\/product\/13371","targetHints":{"allow":["GET"]}}],"collection":[{"href":"https:\/\/uj.adatbank.ro\/lexikon\/wp-json\/wp\/v2\/product"}],"about":[{"href":"https:\/\/uj.adatbank.ro\/lexikon\/wp-json\/wp\/v2\/types\/product"}],"replies":[{"embeddable":true,"href":"https:\/\/uj.adatbank.ro\/lexikon\/wp-json\/wp\/v2\/comments?post=13371"}],"wp:attachment":[{"href":"https:\/\/uj.adatbank.ro\/lexikon\/wp-json\/wp\/v2\/media?parent=13371"}],"wp:term":[{"taxonomy":"product_brand","embeddable":true,"href":"https:\/\/uj.adatbank.ro\/lexikon\/wp-json\/wp\/v2\/product_brand?post=13371"},{"taxonomy":"product_cat","embeddable":true,"href":"https:\/\/uj.adatbank.ro\/lexikon\/wp-json\/wp\/v2\/product_cat?post=13371"},{"taxonomy":"product_tag","embeddable":true,"href":"https:\/\/uj.adatbank.ro\/lexikon\/wp-json\/wp\/v2\/product_tag?post=13371"}],"curies":[{"name":"wp","href":"https:\/\/api.w.org\/{rel}","templated":true}]}}