{"id":13373,"date":"2025-06-29T14:59:19","date_gmt":"2025-06-29T12:59:19","guid":{"rendered":"https:\/\/uj.adatbank.ro\/lexikon\/termek\/kuron-andras\/"},"modified":"2025-06-29T14:59:19","modified_gmt":"2025-06-29T12:59:19","slug":"kuron-andras","status":"publish","type":"product","link":"https:\/\/uj.adatbank.ro\/lexikon\/termek\/kuron-andras\/","title":{"rendered":"KURON Andr\u00e1s"},"content":{"rendered":"<p>Kv.-on sz\u00fcletett, 1929., \u2020 2012: orvos. \u2013 Mv.-en a MOGYI orvos kar\u00e1n v\u00e9gzett (1954). T\u00fcd\u0151gy\u00f3gy\u00e1sz, a gyermekklinik\u00e1t vezeti, de feln\u0151tteket is gy\u00f3gy\u00edt. <br \/><strong>Irod.:<\/strong> Kiss\u2013P\u00e9terffy\u2013P\u00e9terffy<\/br><\/p>\n","protected":false},"excerpt":{"rendered":"<p>Kv.-on sz\u00fcletett, 1929., \u2020 2012: orvos. \u2013 Mv.-en a MOGYI orvos kar\u00e1n v\u00e9gzett (1954). T\u00fcd\u0151gy\u00f3gy\u00e1sz, a gyermekklinik\u00e1t vezeti, de feln\u0151tteket is gy\u00f3gy\u00edt. Irod.: Kiss\u2013P\u00e9terffy\u2013P\u00e9terffy<\/p>\n","protected":false},"featured_media":0,"comment_status":"open","ping_status":"closed","template":"","meta":[],"product_brand":[],"product_cat":[137],"product_tag":[],"class_list":{"0":"post-13373","1":"product","2":"type-product","3":"status-publish","5":"product_cat-maros-megyei-eletrajzi-lexikon","7":"first","8":"instock","9":"shipping-taxable","10":"product-type-simple"},"_links":{"self":[{"href":"https:\/\/uj.adatbank.ro\/lexikon\/wp-json\/wp\/v2\/product\/13373","targetHints":{"allow":["GET"]}}],"collection":[{"href":"https:\/\/uj.adatbank.ro\/lexikon\/wp-json\/wp\/v2\/product"}],"about":[{"href":"https:\/\/uj.adatbank.ro\/lexikon\/wp-json\/wp\/v2\/types\/product"}],"replies":[{"embeddable":true,"href":"https:\/\/uj.adatbank.ro\/lexikon\/wp-json\/wp\/v2\/comments?post=13373"}],"wp:attachment":[{"href":"https:\/\/uj.adatbank.ro\/lexikon\/wp-json\/wp\/v2\/media?parent=13373"}],"wp:term":[{"taxonomy":"product_brand","embeddable":true,"href":"https:\/\/uj.adatbank.ro\/lexikon\/wp-json\/wp\/v2\/product_brand?post=13373"},{"taxonomy":"product_cat","embeddable":true,"href":"https:\/\/uj.adatbank.ro\/lexikon\/wp-json\/wp\/v2\/product_cat?post=13373"},{"taxonomy":"product_tag","embeddable":true,"href":"https:\/\/uj.adatbank.ro\/lexikon\/wp-json\/wp\/v2\/product_tag?post=13373"}],"curies":[{"name":"wp","href":"https:\/\/api.w.org\/{rel}","templated":true}]}}