{"id":13374,"date":"2025-06-29T14:59:21","date_gmt":"2025-06-29T12:59:21","guid":{"rendered":"https:\/\/uj.adatbank.ro\/lexikon\/termek\/kuron-marton\/"},"modified":"2025-06-29T14:59:21","modified_gmt":"2025-06-29T12:59:21","slug":"kuron-marton","status":"publish","type":"product","link":"https:\/\/uj.adatbank.ro\/lexikon\/termek\/kuron-marton\/","title":{"rendered":"KURON M\u00e1rton"},"content":{"rendered":"<p>Kv., 1929., \u2020 2012: orvos a MOGYI-n v\u00e9gzett (1954) \u2013 A mv.-i T\u00fcd\u0151klinik\u00e1n dolgozik. A gyermektuberkol\u00f3zis  szakorvosa. <br \/><strong>Irod.:<\/strong> Kiss\u2013P\u00e9terffy\u2013P\u00e9terffy<\/br><\/p>\n","protected":false},"excerpt":{"rendered":"<p>Kv., 1929., \u2020 2012: orvos a MOGYI-n v\u00e9gzett (1954) \u2013 A mv.-i T\u00fcd\u0151klinik\u00e1n dolgozik. A gyermektuberkol\u00f3zis szakorvosa. Irod.: Kiss\u2013P\u00e9terffy\u2013P\u00e9terffy<\/p>\n","protected":false},"featured_media":0,"comment_status":"open","ping_status":"closed","template":"","meta":[],"product_brand":[],"product_cat":[137],"product_tag":[],"class_list":{"0":"post-13374","1":"product","2":"type-product","3":"status-publish","5":"product_cat-maros-megyei-eletrajzi-lexikon","7":"first","8":"instock","9":"shipping-taxable","10":"product-type-simple"},"_links":{"self":[{"href":"https:\/\/uj.adatbank.ro\/lexikon\/wp-json\/wp\/v2\/product\/13374","targetHints":{"allow":["GET"]}}],"collection":[{"href":"https:\/\/uj.adatbank.ro\/lexikon\/wp-json\/wp\/v2\/product"}],"about":[{"href":"https:\/\/uj.adatbank.ro\/lexikon\/wp-json\/wp\/v2\/types\/product"}],"replies":[{"embeddable":true,"href":"https:\/\/uj.adatbank.ro\/lexikon\/wp-json\/wp\/v2\/comments?post=13374"}],"wp:attachment":[{"href":"https:\/\/uj.adatbank.ro\/lexikon\/wp-json\/wp\/v2\/media?parent=13374"}],"wp:term":[{"taxonomy":"product_brand","embeddable":true,"href":"https:\/\/uj.adatbank.ro\/lexikon\/wp-json\/wp\/v2\/product_brand?post=13374"},{"taxonomy":"product_cat","embeddable":true,"href":"https:\/\/uj.adatbank.ro\/lexikon\/wp-json\/wp\/v2\/product_cat?post=13374"},{"taxonomy":"product_tag","embeddable":true,"href":"https:\/\/uj.adatbank.ro\/lexikon\/wp-json\/wp\/v2\/product_tag?post=13374"}],"curies":[{"name":"wp","href":"https:\/\/api.w.org\/{rel}","templated":true}]}}