{"id":13376,"date":"2025-06-29T14:59:25","date_gmt":"2025-06-29T12:59:25","guid":{"rendered":"https:\/\/uj.adatbank.ro\/lexikon\/termek\/kurschner-michael\/"},"modified":"2025-06-29T14:59:25","modified_gmt":"2025-06-29T12:59:25","slug":"kurschner-michael","status":"publish","type":"product","link":"https:\/\/uj.adatbank.ro\/lexikon\/termek\/kurschner-michael\/","title":{"rendered":"K\u00dcRSCHNER, Michael"},"content":{"rendered":"<p>? \u2020 ?: b\u00edr\u00f3. \u2013 Segesv\u00e1ri polg\u00e1r, oszt\u00f3b\u00edr\u00f3 (1645\u201347), majd k\u0151halmi sz\u00e9kb\u00edr\u00f3. <br \/><strong>Irod.:<\/strong> Kraus: Erd\u00e9lyi kr\u00f3nika<\/br><\/p>\n","protected":false},"excerpt":{"rendered":"<p>? \u2020 ?: b\u00edr\u00f3. \u2013 Segesv\u00e1ri polg\u00e1r, oszt\u00f3b\u00edr\u00f3 (1645\u201347), majd k\u0151halmi sz\u00e9kb\u00edr\u00f3. Irod.: Kraus: Erd\u00e9lyi kr\u00f3nika<\/p>\n","protected":false},"featured_media":0,"comment_status":"open","ping_status":"closed","template":"","meta":[],"product_brand":[],"product_cat":[137],"product_tag":[],"class_list":{"0":"post-13376","1":"product","2":"type-product","3":"status-publish","5":"product_cat-maros-megyei-eletrajzi-lexikon","7":"first","8":"instock","9":"shipping-taxable","10":"product-type-simple"},"_links":{"self":[{"href":"https:\/\/uj.adatbank.ro\/lexikon\/wp-json\/wp\/v2\/product\/13376","targetHints":{"allow":["GET"]}}],"collection":[{"href":"https:\/\/uj.adatbank.ro\/lexikon\/wp-json\/wp\/v2\/product"}],"about":[{"href":"https:\/\/uj.adatbank.ro\/lexikon\/wp-json\/wp\/v2\/types\/product"}],"replies":[{"embeddable":true,"href":"https:\/\/uj.adatbank.ro\/lexikon\/wp-json\/wp\/v2\/comments?post=13376"}],"wp:attachment":[{"href":"https:\/\/uj.adatbank.ro\/lexikon\/wp-json\/wp\/v2\/media?parent=13376"}],"wp:term":[{"taxonomy":"product_brand","embeddable":true,"href":"https:\/\/uj.adatbank.ro\/lexikon\/wp-json\/wp\/v2\/product_brand?post=13376"},{"taxonomy":"product_cat","embeddable":true,"href":"https:\/\/uj.adatbank.ro\/lexikon\/wp-json\/wp\/v2\/product_cat?post=13376"},{"taxonomy":"product_tag","embeddable":true,"href":"https:\/\/uj.adatbank.ro\/lexikon\/wp-json\/wp\/v2\/product_tag?post=13376"}],"curies":[{"name":"wp","href":"https:\/\/api.w.org\/{rel}","templated":true}]}}