{"id":13379,"date":"2025-06-29T14:59:32","date_gmt":"2025-06-29T12:59:32","guid":{"rendered":"https:\/\/uj.adatbank.ro\/lexikon\/termek\/kusch-lorinc\/"},"modified":"2025-06-29T14:59:32","modified_gmt":"2025-06-29T12:59:32","slug":"kusch-lorinc","status":"publish","type":"product","link":"https:\/\/uj.adatbank.ro\/lexikon\/termek\/kusch-lorinc\/","title":{"rendered":"KUSCH L\u0151rinc"},"content":{"rendered":"<p>Segesv\u00e1r, 1622 k.., \u2020 Brass\u00f3, 1670. j\u00fan. 28., : a brass\u00f3i k\u00fcls\u0151 tan\u00e1cs tagja. \u2013 K\u00e9zirata: Tagebuch von 1653\u20131661, nvezetes kutf\u0151, mert a brass\u00f3i v\u00e1rosh\u00e1z\u00e1n t\u00f6rt\u00e9nt esem\u00e9nyeket mint szemtan\u00fa t\u00e1rgyalja. <br \/><strong>Irod.:<\/strong> Szinnyei<\/br><\/p>\n","protected":false},"excerpt":{"rendered":"<p>Segesv\u00e1r, 1622 k.., \u2020 Brass\u00f3, 1670. j\u00fan. 28., : a brass\u00f3i k\u00fcls\u0151 tan\u00e1cs tagja. \u2013 K\u00e9zirata: Tagebuch von 1653\u20131661, nvezetes kutf\u0151, mert a brass\u00f3i v\u00e1rosh\u00e1z\u00e1n t\u00f6rt\u00e9nt esem\u00e9nyeket mint szemtan\u00fa t\u00e1rgyalja. Irod.: Szinnyei<\/p>\n","protected":false},"featured_media":0,"comment_status":"open","ping_status":"closed","template":"","meta":[],"product_brand":[],"product_cat":[137],"product_tag":[],"class_list":{"0":"post-13379","1":"product","2":"type-product","3":"status-publish","5":"product_cat-maros-megyei-eletrajzi-lexikon","7":"first","8":"instock","9":"shipping-taxable","10":"product-type-simple"},"_links":{"self":[{"href":"https:\/\/uj.adatbank.ro\/lexikon\/wp-json\/wp\/v2\/product\/13379","targetHints":{"allow":["GET"]}}],"collection":[{"href":"https:\/\/uj.adatbank.ro\/lexikon\/wp-json\/wp\/v2\/product"}],"about":[{"href":"https:\/\/uj.adatbank.ro\/lexikon\/wp-json\/wp\/v2\/types\/product"}],"replies":[{"embeddable":true,"href":"https:\/\/uj.adatbank.ro\/lexikon\/wp-json\/wp\/v2\/comments?post=13379"}],"wp:attachment":[{"href":"https:\/\/uj.adatbank.ro\/lexikon\/wp-json\/wp\/v2\/media?parent=13379"}],"wp:term":[{"taxonomy":"product_brand","embeddable":true,"href":"https:\/\/uj.adatbank.ro\/lexikon\/wp-json\/wp\/v2\/product_brand?post=13379"},{"taxonomy":"product_cat","embeddable":true,"href":"https:\/\/uj.adatbank.ro\/lexikon\/wp-json\/wp\/v2\/product_cat?post=13379"},{"taxonomy":"product_tag","embeddable":true,"href":"https:\/\/uj.adatbank.ro\/lexikon\/wp-json\/wp\/v2\/product_tag?post=13379"}],"curies":[{"name":"wp","href":"https:\/\/api.w.org\/{rel}","templated":true}]}}