{"id":13383,"date":"2025-06-29T14:59:38","date_gmt":"2025-06-29T12:59:38","guid":{"rendered":"https:\/\/uj.adatbank.ro\/lexikon\/termek\/kuszka-ferenc\/"},"modified":"2025-06-29T14:59:38","modified_gmt":"2025-06-29T12:59:38","slug":"kuszka-ferenc","status":"publish","type":"product","link":"https:\/\/uj.adatbank.ro\/lexikon\/termek\/kuszka-ferenc\/","title":{"rendered":"KUSZKA Ferenc"},"content":{"rendered":"<p>? \u2020 ? : \u00e9p\u00edt\u00e9si v\u00e1llalkoz\u00f3. \u2013 Mv.-en ipari v\u00e1llalat\u00e1nak. alap\u00edt\u00e1sa (1910), alkalmazottainak sz\u00e1ma 25. <br \/><strong>Irod.:<\/strong> Fodor J\u00e1nos; Maros megyei m. -s\u00e1g. 4.<\/br><\/p>\n","protected":false},"excerpt":{"rendered":"<p>? \u2020 ? : \u00e9p\u00edt\u00e9si v\u00e1llalkoz\u00f3. \u2013 Mv.-en ipari v\u00e1llalat\u00e1nak. alap\u00edt\u00e1sa (1910), alkalmazottainak sz\u00e1ma 25. Irod.: Fodor J\u00e1nos; Maros megyei m. -s\u00e1g. 4.<\/p>\n","protected":false},"featured_media":0,"comment_status":"open","ping_status":"closed","template":"","meta":[],"product_brand":[],"product_cat":[137],"product_tag":[],"class_list":{"0":"post-13383","1":"product","2":"type-product","3":"status-publish","5":"product_cat-maros-megyei-eletrajzi-lexikon","7":"first","8":"instock","9":"shipping-taxable","10":"product-type-simple"},"_links":{"self":[{"href":"https:\/\/uj.adatbank.ro\/lexikon\/wp-json\/wp\/v2\/product\/13383","targetHints":{"allow":["GET"]}}],"collection":[{"href":"https:\/\/uj.adatbank.ro\/lexikon\/wp-json\/wp\/v2\/product"}],"about":[{"href":"https:\/\/uj.adatbank.ro\/lexikon\/wp-json\/wp\/v2\/types\/product"}],"replies":[{"embeddable":true,"href":"https:\/\/uj.adatbank.ro\/lexikon\/wp-json\/wp\/v2\/comments?post=13383"}],"wp:attachment":[{"href":"https:\/\/uj.adatbank.ro\/lexikon\/wp-json\/wp\/v2\/media?parent=13383"}],"wp:term":[{"taxonomy":"product_brand","embeddable":true,"href":"https:\/\/uj.adatbank.ro\/lexikon\/wp-json\/wp\/v2\/product_brand?post=13383"},{"taxonomy":"product_cat","embeddable":true,"href":"https:\/\/uj.adatbank.ro\/lexikon\/wp-json\/wp\/v2\/product_cat?post=13383"},{"taxonomy":"product_tag","embeddable":true,"href":"https:\/\/uj.adatbank.ro\/lexikon\/wp-json\/wp\/v2\/product_tag?post=13383"}],"curies":[{"name":"wp","href":"https:\/\/api.w.org\/{rel}","templated":true}]}}