{"id":13386,"date":"2025-06-29T14:59:43","date_gmt":"2025-06-29T12:59:43","guid":{"rendered":"https:\/\/uj.adatbank.ro\/lexikon\/termek\/kusztos-benjamin\/"},"modified":"2025-06-29T14:59:43","modified_gmt":"2025-06-29T12:59:43","slug":"kusztos-benjamin","status":"publish","type":"product","link":"https:\/\/uj.adatbank.ro\/lexikon\/termek\/kusztos-benjamin\/","title":{"rendered":"KUSZT\u00d3S Benj\u00e1min"},"content":{"rendered":"<p>Ny\u00e1r\u00e1dselye, 1917. m\u00e1j. 12. \u2020 Wizenka, 1944. j\u00fan. 14.: honv\u00e9d \u2013 Kacs\u00f3 Elza fia. Az 57\/III. z\u00e1szl\u00f3aljban honv\u00e9d. <br \/><strong>Irod.:<\/strong> Berekm\u00e9ri 2015<\/br><\/p>\n","protected":false},"excerpt":{"rendered":"<p>Ny\u00e1r\u00e1dselye, 1917. m\u00e1j. 12. \u2020 Wizenka, 1944. j\u00fan. 14.: honv\u00e9d \u2013 Kacs\u00f3 Elza fia. Az 57\/III. z\u00e1szl\u00f3aljban honv\u00e9d. Irod.: Berekm\u00e9ri 2015<\/p>\n","protected":false},"featured_media":0,"comment_status":"open","ping_status":"closed","template":"","meta":[],"product_brand":[],"product_cat":[137],"product_tag":[],"class_list":{"0":"post-13386","1":"product","2":"type-product","3":"status-publish","5":"product_cat-maros-megyei-eletrajzi-lexikon","7":"first","8":"instock","9":"shipping-taxable","10":"product-type-simple"},"_links":{"self":[{"href":"https:\/\/uj.adatbank.ro\/lexikon\/wp-json\/wp\/v2\/product\/13386","targetHints":{"allow":["GET"]}}],"collection":[{"href":"https:\/\/uj.adatbank.ro\/lexikon\/wp-json\/wp\/v2\/product"}],"about":[{"href":"https:\/\/uj.adatbank.ro\/lexikon\/wp-json\/wp\/v2\/types\/product"}],"replies":[{"embeddable":true,"href":"https:\/\/uj.adatbank.ro\/lexikon\/wp-json\/wp\/v2\/comments?post=13386"}],"wp:attachment":[{"href":"https:\/\/uj.adatbank.ro\/lexikon\/wp-json\/wp\/v2\/media?parent=13386"}],"wp:term":[{"taxonomy":"product_brand","embeddable":true,"href":"https:\/\/uj.adatbank.ro\/lexikon\/wp-json\/wp\/v2\/product_brand?post=13386"},{"taxonomy":"product_cat","embeddable":true,"href":"https:\/\/uj.adatbank.ro\/lexikon\/wp-json\/wp\/v2\/product_cat?post=13386"},{"taxonomy":"product_tag","embeddable":true,"href":"https:\/\/uj.adatbank.ro\/lexikon\/wp-json\/wp\/v2\/product_tag?post=13386"}],"curies":[{"name":"wp","href":"https:\/\/api.w.org\/{rel}","templated":true}]}}