{"id":13388,"date":"2025-06-29T14:59:48","date_gmt":"2025-06-29T12:59:48","guid":{"rendered":"https:\/\/uj.adatbank.ro\/lexikon\/termek\/kusztos-endre\/"},"modified":"2025-06-29T14:59:48","modified_gmt":"2025-06-29T12:59:48","slug":"kusztos-endre","status":"publish","type":"product","link":"https:\/\/uj.adatbank.ro\/lexikon\/termek\/kusztos-endre\/","title":{"rendered":"KUSZTOS Endre"},"content":{"rendered":"<p>Kib\u00e9d, 1893., \u2020 ? : keresked\u0151. \u2013 Iskol\u00e1i elv\u00e9gz\u00e9se ut\u00e1n keresked\u0151 lett, sz\u00f6vetkezeti vezet\u0151 volt, majd \u00f6n\u00e1ll\u00f3 lett Cs\u00f3kfalv\u00e1n (1932\u2013). R\u00e9szt vett az els\u0151 vh. -ban. Hal\u00e1la ut\u00e1n \u00f6zvegye vezette az \u00fczletet (G\u00e1sp\u00e1r Vilma). <br \/><strong>Irod.:<\/strong> Sz\u00e9kelyf\u00f6ld \u00ed. k.<\/br><\/p>\n","protected":false},"excerpt":{"rendered":"<p>Kib\u00e9d, 1893., \u2020 ? : keresked\u0151. \u2013 Iskol\u00e1i elv\u00e9gz\u00e9se ut\u00e1n keresked\u0151 lett, sz\u00f6vetkezeti vezet\u0151 volt, majd \u00f6n\u00e1ll\u00f3 lett Cs\u00f3kfalv\u00e1n (1932\u2013). R\u00e9szt vett az els\u0151 vh. -ban. Hal\u00e1la ut\u00e1n \u00f6zvegye vezette az \u00fczletet (G\u00e1sp\u00e1r Vilma). Irod.: Sz\u00e9kelyf\u00f6ld \u00ed. k.<\/p>\n","protected":false},"featured_media":0,"comment_status":"open","ping_status":"closed","template":"","meta":[],"product_brand":[],"product_cat":[137],"product_tag":[],"class_list":{"0":"post-13388","1":"product","2":"type-product","3":"status-publish","5":"product_cat-maros-megyei-eletrajzi-lexikon","7":"first","8":"instock","9":"shipping-taxable","10":"product-type-simple"},"_links":{"self":[{"href":"https:\/\/uj.adatbank.ro\/lexikon\/wp-json\/wp\/v2\/product\/13388","targetHints":{"allow":["GET"]}}],"collection":[{"href":"https:\/\/uj.adatbank.ro\/lexikon\/wp-json\/wp\/v2\/product"}],"about":[{"href":"https:\/\/uj.adatbank.ro\/lexikon\/wp-json\/wp\/v2\/types\/product"}],"replies":[{"embeddable":true,"href":"https:\/\/uj.adatbank.ro\/lexikon\/wp-json\/wp\/v2\/comments?post=13388"}],"wp:attachment":[{"href":"https:\/\/uj.adatbank.ro\/lexikon\/wp-json\/wp\/v2\/media?parent=13388"}],"wp:term":[{"taxonomy":"product_brand","embeddable":true,"href":"https:\/\/uj.adatbank.ro\/lexikon\/wp-json\/wp\/v2\/product_brand?post=13388"},{"taxonomy":"product_cat","embeddable":true,"href":"https:\/\/uj.adatbank.ro\/lexikon\/wp-json\/wp\/v2\/product_cat?post=13388"},{"taxonomy":"product_tag","embeddable":true,"href":"https:\/\/uj.adatbank.ro\/lexikon\/wp-json\/wp\/v2\/product_tag?post=13388"}],"curies":[{"name":"wp","href":"https:\/\/api.w.org\/{rel}","templated":true}]}}