{"id":13391,"date":"2025-06-29T14:59:57","date_gmt":"2025-06-29T12:59:57","guid":{"rendered":"https:\/\/uj.adatbank.ro\/lexikon\/termek\/kusztos-jozsef\/"},"modified":"2025-06-29T14:59:57","modified_gmt":"2025-06-29T12:59:57","slug":"kusztos-jozsef","status":"publish","type":"product","link":"https:\/\/uj.adatbank.ro\/lexikon\/termek\/kusztos-jozsef\/","title":{"rendered":"KUSZT\u00d3S J\u00f3zsef"},"content":{"rendered":"<p>Nagybacon, 1831. jan. 11., \u2020 1906. szept. 26. Benedekfi: Benedekfi : k\u00e1ntor, tan\u00edt\u00f3. \u2013 Feles\u00e9geinek neve: Benedekfi Borb\u00e1la, Benedekfi L\u00eddia \u00e9s Moln\u00e1r Irma. \u00d6sszesen 20 gyermek\u00fck volt. Marosbog\u00e1t ut\u00e1n Kib\u00e9den sikeres k\u00e1ntortan\u00edt\u00f3 44 \u00e9vig (1862 febr. 5. \u2013 1906). <br \/><strong>Irod.:<\/strong> Kib\u00e9d 2<\/br><\/p>\n","protected":false},"excerpt":{"rendered":"<p>Nagybacon, 1831. jan. 11., \u2020 1906. szept. 26. Benedekfi: Benedekfi : k\u00e1ntor, tan\u00edt\u00f3. \u2013 Feles\u00e9geinek neve: Benedekfi Borb\u00e1la, Benedekfi L\u00eddia \u00e9s Moln\u00e1r Irma. \u00d6sszesen 20 gyermek\u00fck volt. Marosbog\u00e1t ut\u00e1n Kib\u00e9den sikeres k\u00e1ntortan\u00edt\u00f3 44 \u00e9vig (1862 febr. 5. \u2013 1906). Irod.: Kib\u00e9d 2<\/p>\n","protected":false},"featured_media":0,"comment_status":"open","ping_status":"closed","template":"","meta":[],"product_brand":[],"product_cat":[137],"product_tag":[],"class_list":{"0":"post-13391","1":"product","2":"type-product","3":"status-publish","5":"product_cat-maros-megyei-eletrajzi-lexikon","7":"first","8":"instock","9":"shipping-taxable","10":"product-type-simple"},"_links":{"self":[{"href":"https:\/\/uj.adatbank.ro\/lexikon\/wp-json\/wp\/v2\/product\/13391","targetHints":{"allow":["GET"]}}],"collection":[{"href":"https:\/\/uj.adatbank.ro\/lexikon\/wp-json\/wp\/v2\/product"}],"about":[{"href":"https:\/\/uj.adatbank.ro\/lexikon\/wp-json\/wp\/v2\/types\/product"}],"replies":[{"embeddable":true,"href":"https:\/\/uj.adatbank.ro\/lexikon\/wp-json\/wp\/v2\/comments?post=13391"}],"wp:attachment":[{"href":"https:\/\/uj.adatbank.ro\/lexikon\/wp-json\/wp\/v2\/media?parent=13391"}],"wp:term":[{"taxonomy":"product_brand","embeddable":true,"href":"https:\/\/uj.adatbank.ro\/lexikon\/wp-json\/wp\/v2\/product_brand?post=13391"},{"taxonomy":"product_cat","embeddable":true,"href":"https:\/\/uj.adatbank.ro\/lexikon\/wp-json\/wp\/v2\/product_cat?post=13391"},{"taxonomy":"product_tag","embeddable":true,"href":"https:\/\/uj.adatbank.ro\/lexikon\/wp-json\/wp\/v2\/product_tag?post=13391"}],"curies":[{"name":"wp","href":"https:\/\/api.w.org\/{rel}","templated":true}]}}