{"id":13400,"date":"2025-06-29T15:00:10","date_gmt":"2025-06-29T13:00:10","guid":{"rendered":"https:\/\/uj.adatbank.ro\/lexikon\/termek\/kuthy-denes\/"},"modified":"2025-06-29T15:00:10","modified_gmt":"2025-06-29T13:00:10","slug":"kuthy-denes","status":"publish","type":"product","link":"https:\/\/uj.adatbank.ro\/lexikon\/termek\/kuthy-denes\/","title":{"rendered":"KUTHY D\u00e9nes"},"content":{"rendered":"<p>Cserefalva (Maros), 1874., \u2020 ? : gazd\u00e1lkod\u00f3. \u2013 Iskol\u00e1i elv\u00e9gz\u00e9se ut\u00e1n gazd\u00e1lkodni tanult, \u00f6n\u00e1ll\u00f3 lett (1906) Cserefalv\u00e1n 60 hold birtok\u00e1n. Tekint\u00e9lyes polg\u00e1ra volt k\u00f6zs\u00e9g\u00e9nek, v\u00e1lasztott megyebizotts\u00e1gi tag, a dal\u00e1rda alap\u00edt\u00f3ja, nagy r\u00e9sze volt a Gazdak\u00f6r \u00e9s a Tejsz\u00f6vetkezet megalap\u00edt\u00e1s\u00e1ban. Sz\u00e1mos \u00e9rt\u00e9kes d\u00edjaz\u00e1sban volt r\u00e9sze a gazdaki\u00e1ll\u00edt\u00e1sokon kiv\u00e1ll\u00f3 min\u0151s\u00e9g\u0171 term\u00e9nyei\u00e9rt \u00e9s \u00e1llatai\u00e9rt. Esztend\u0151k\u00f6n \u00e1t volt b\u00edr\u00f3, k\u00e9tszer volt ogy. k\u00e9pvisel\u0151jel\u00f6lt az OMP r\u00e9sz\u00e9r\u0151l (1932, 1933). Gazdat\u00e1rsai \u00e9rdekeit mindig \u00f6nzetlen\u00fcl k\u00e9pviselte. <br \/><strong>Irod.:<\/strong> Sz\u00e9kelyf\u00f6ld \u00ed. k.<\/br><\/p>\n","protected":false},"excerpt":{"rendered":"<p>Cserefalva (Maros), 1874., \u2020 ? : gazd\u00e1lkod\u00f3. \u2013 Iskol\u00e1i elv\u00e9gz\u00e9se ut\u00e1n gazd\u00e1lkodni tanult, \u00f6n\u00e1ll\u00f3 lett (1906) Cserefalv\u00e1n 60 hold birtok\u00e1n. Tekint\u00e9lyes polg\u00e1ra volt k\u00f6zs\u00e9g\u00e9nek, v\u00e1lasztott megyebizotts\u00e1gi tag, a dal\u00e1rda alap\u00edt\u00f3ja, nagy r\u00e9sze volt a Gazdak\u00f6r \u00e9s a Tejsz\u00f6vetkezet megalap\u00edt\u00e1s\u00e1ban. Sz\u00e1mos \u00e9rt\u00e9kes d\u00edjaz\u00e1sban volt r\u00e9sze a gazdaki\u00e1ll\u00edt\u00e1sokon kiv\u00e1ll\u00f3 min\u0151s\u00e9g\u0171 term\u00e9nyei\u00e9rt \u00e9s \u00e1llatai\u00e9rt. Esztend\u0151k\u00f6n \u00e1t volt b\u00edr\u00f3, [&hellip;]<\/p>\n","protected":false},"featured_media":0,"comment_status":"open","ping_status":"closed","template":"","meta":[],"product_brand":[],"product_cat":[137],"product_tag":[],"class_list":{"0":"post-13400","1":"product","2":"type-product","3":"status-publish","5":"product_cat-maros-megyei-eletrajzi-lexikon","7":"first","8":"instock","9":"shipping-taxable","10":"product-type-simple"},"_links":{"self":[{"href":"https:\/\/uj.adatbank.ro\/lexikon\/wp-json\/wp\/v2\/product\/13400","targetHints":{"allow":["GET"]}}],"collection":[{"href":"https:\/\/uj.adatbank.ro\/lexikon\/wp-json\/wp\/v2\/product"}],"about":[{"href":"https:\/\/uj.adatbank.ro\/lexikon\/wp-json\/wp\/v2\/types\/product"}],"replies":[{"embeddable":true,"href":"https:\/\/uj.adatbank.ro\/lexikon\/wp-json\/wp\/v2\/comments?post=13400"}],"wp:attachment":[{"href":"https:\/\/uj.adatbank.ro\/lexikon\/wp-json\/wp\/v2\/media?parent=13400"}],"wp:term":[{"taxonomy":"product_brand","embeddable":true,"href":"https:\/\/uj.adatbank.ro\/lexikon\/wp-json\/wp\/v2\/product_brand?post=13400"},{"taxonomy":"product_cat","embeddable":true,"href":"https:\/\/uj.adatbank.ro\/lexikon\/wp-json\/wp\/v2\/product_cat?post=13400"},{"taxonomy":"product_tag","embeddable":true,"href":"https:\/\/uj.adatbank.ro\/lexikon\/wp-json\/wp\/v2\/product_tag?post=13400"}],"curies":[{"name":"wp","href":"https:\/\/api.w.org\/{rel}","templated":true}]}}