{"id":13401,"date":"2025-06-29T15:00:11","date_gmt":"2025-06-29T13:00:11","guid":{"rendered":"https:\/\/uj.adatbank.ro\/lexikon\/termek\/kuti-abel-hidegkuti\/"},"modified":"2025-06-29T15:00:11","modified_gmt":"2025-06-29T13:00:11","slug":"kuti-abel-hidegkuti","status":"publish","type":"product","link":"https:\/\/uj.adatbank.ro\/lexikon\/termek\/kuti-abel-hidegkuti\/","title":{"rendered":"KUTI \u00c1bel, hidegk\u00fati"},"content":{"rendered":"<p>Szentgerice, 1871., \u2020 ?: f\u00f6ldbirtokos. \u2013 \u0150sei 300 \u00e9vvel ezel\u0151tt ker\u00fcltek Szentgeric\u00e9re. \u00d6n\u00e1ll\u00f3 gazda (1900\u2013) 50 hold f\u00f6ldj\u00e9n. T\u00f6bbsz\u00f6r volt a k\u00f6zs\u00e9g b\u00edr\u00e1ja. R\u00e9szt vett az els\u0151 vh. -ban. A Hitelsz\u00f6vetkezet eln\u00f6ke, melynek megalap\u00edt\u00e1s\u00e1ban tev\u00e9keny r\u00e9szt v\u00e1llalt, a MP tagja, minden kultur\u00e1lis \u00e9s hazafias mozgalom t\u00e1mogat\u00f3ja volt. <br \/><strong>Irod.:<\/strong> Sz\u00e9kelyf\u00f6ld \u00ed. k.<\/br><\/p>\n","protected":false},"excerpt":{"rendered":"<p>Szentgerice, 1871., \u2020 ?: f\u00f6ldbirtokos. \u2013 \u0150sei 300 \u00e9vvel ezel\u0151tt ker\u00fcltek Szentgeric\u00e9re. \u00d6n\u00e1ll\u00f3 gazda (1900\u2013) 50 hold f\u00f6ldj\u00e9n. T\u00f6bbsz\u00f6r volt a k\u00f6zs\u00e9g b\u00edr\u00e1ja. R\u00e9szt vett az els\u0151 vh. -ban. A Hitelsz\u00f6vetkezet eln\u00f6ke, melynek megalap\u00edt\u00e1s\u00e1ban tev\u00e9keny r\u00e9szt v\u00e1llalt, a MP tagja, minden kultur\u00e1lis \u00e9s hazafias mozgalom t\u00e1mogat\u00f3ja volt. Irod.: Sz\u00e9kelyf\u00f6ld \u00ed. k.<\/p>\n","protected":false},"featured_media":0,"comment_status":"open","ping_status":"closed","template":"","meta":[],"product_brand":[],"product_cat":[137],"product_tag":[],"class_list":{"0":"post-13401","1":"product","2":"type-product","3":"status-publish","5":"product_cat-maros-megyei-eletrajzi-lexikon","7":"first","8":"instock","9":"shipping-taxable","10":"product-type-simple"},"_links":{"self":[{"href":"https:\/\/uj.adatbank.ro\/lexikon\/wp-json\/wp\/v2\/product\/13401","targetHints":{"allow":["GET"]}}],"collection":[{"href":"https:\/\/uj.adatbank.ro\/lexikon\/wp-json\/wp\/v2\/product"}],"about":[{"href":"https:\/\/uj.adatbank.ro\/lexikon\/wp-json\/wp\/v2\/types\/product"}],"replies":[{"embeddable":true,"href":"https:\/\/uj.adatbank.ro\/lexikon\/wp-json\/wp\/v2\/comments?post=13401"}],"wp:attachment":[{"href":"https:\/\/uj.adatbank.ro\/lexikon\/wp-json\/wp\/v2\/media?parent=13401"}],"wp:term":[{"taxonomy":"product_brand","embeddable":true,"href":"https:\/\/uj.adatbank.ro\/lexikon\/wp-json\/wp\/v2\/product_brand?post=13401"},{"taxonomy":"product_cat","embeddable":true,"href":"https:\/\/uj.adatbank.ro\/lexikon\/wp-json\/wp\/v2\/product_cat?post=13401"},{"taxonomy":"product_tag","embeddable":true,"href":"https:\/\/uj.adatbank.ro\/lexikon\/wp-json\/wp\/v2\/product_tag?post=13401"}],"curies":[{"name":"wp","href":"https:\/\/api.w.org\/{rel}","templated":true}]}}