{"id":13405,"date":"2025-06-29T15:00:22","date_gmt":"2025-06-29T13:00:22","guid":{"rendered":"https:\/\/uj.adatbank.ro\/lexikon\/termek\/kuti-elek\/"},"modified":"2025-06-29T15:00:22","modified_gmt":"2025-06-29T13:00:22","slug":"kuti-elek","status":"publish","type":"product","link":"https:\/\/uj.adatbank.ro\/lexikon\/termek\/kuti-elek\/","title":{"rendered":"KUTI Elek"},"content":{"rendered":"<p>? \u2020 ?: a MAT P\u00e1rtbizotts\u00e1ga gazdas\u00e1gi oszt\u00e1ly\u00e1nak vezet\u0151je (1956 k.). <br \/><strong>Irod.:<\/strong> \u00c1ldozatok; Bottoni 2008<\/br><\/p>\n","protected":false},"excerpt":{"rendered":"<p>? \u2020 ?: a MAT P\u00e1rtbizotts\u00e1ga gazdas\u00e1gi oszt\u00e1ly\u00e1nak vezet\u0151je (1956 k.). Irod.: \u00c1ldozatok; Bottoni 2008<\/p>\n","protected":false},"featured_media":0,"comment_status":"open","ping_status":"closed","template":"","meta":[],"product_brand":[],"product_cat":[137],"product_tag":[],"class_list":{"0":"post-13405","1":"product","2":"type-product","3":"status-publish","5":"product_cat-maros-megyei-eletrajzi-lexikon","7":"first","8":"instock","9":"shipping-taxable","10":"product-type-simple"},"_links":{"self":[{"href":"https:\/\/uj.adatbank.ro\/lexikon\/wp-json\/wp\/v2\/product\/13405","targetHints":{"allow":["GET"]}}],"collection":[{"href":"https:\/\/uj.adatbank.ro\/lexikon\/wp-json\/wp\/v2\/product"}],"about":[{"href":"https:\/\/uj.adatbank.ro\/lexikon\/wp-json\/wp\/v2\/types\/product"}],"replies":[{"embeddable":true,"href":"https:\/\/uj.adatbank.ro\/lexikon\/wp-json\/wp\/v2\/comments?post=13405"}],"wp:attachment":[{"href":"https:\/\/uj.adatbank.ro\/lexikon\/wp-json\/wp\/v2\/media?parent=13405"}],"wp:term":[{"taxonomy":"product_brand","embeddable":true,"href":"https:\/\/uj.adatbank.ro\/lexikon\/wp-json\/wp\/v2\/product_brand?post=13405"},{"taxonomy":"product_cat","embeddable":true,"href":"https:\/\/uj.adatbank.ro\/lexikon\/wp-json\/wp\/v2\/product_cat?post=13405"},{"taxonomy":"product_tag","embeddable":true,"href":"https:\/\/uj.adatbank.ro\/lexikon\/wp-json\/wp\/v2\/product_tag?post=13405"}],"curies":[{"name":"wp","href":"https:\/\/api.w.org\/{rel}","templated":true}]}}