{"id":13406,"date":"2025-06-29T15:00:25","date_gmt":"2025-06-29T13:00:25","guid":{"rendered":"https:\/\/uj.adatbank.ro\/lexikon\/termek\/kuti-endre\/"},"modified":"2025-06-29T15:00:25","modified_gmt":"2025-06-29T13:00:25","slug":"kuti-endre","status":"publish","type":"product","link":"https:\/\/uj.adatbank.ro\/lexikon\/termek\/kuti-endre\/","title":{"rendered":"KUTI Endre"},"content":{"rendered":"<p>Szentgerice, 1908. febr. 14., \u2020 Mv., 1987. j\u00fal. 12.: keresked\u0151. \u2013 Iskol\u00e1i elv\u00e9gz\u00e9se ut\u00e1n a keresked\u0151i p\u00e1ly\u00e1ra l\u00e9pett, \u00f6n\u00e1ll\u00f3 lett Mv.-en (1941\u2013). A kultur\u00e1lis mozgalmakban \u00e9l\u00e9nk szerepet j\u00e1tszott. Letart\u00f3ztatt\u00e1k (1959. szept. 15.) A MAT Katonai \u00dcgy\u00e9szs\u00e9ge a t\u00e1rsadalmi rend elleni tev\u00e9kenyked\u00e9s v\u00e1dj\u00e1val ker\u00fclt b\u00edr\u00f3s\u00e1g el\u00e9 <br \/><strong>Irod.:<\/strong> Sz\u00e9kelyf\u00f6ld \u00ed. k.; [Nekrol\u00f3g] (V. Z., 1987. j\u00fal. 14.)<\/br><\/p>\n","protected":false},"excerpt":{"rendered":"<p>Szentgerice, 1908. febr. 14., \u2020 Mv., 1987. j\u00fal. 12.: keresked\u0151. \u2013 Iskol\u00e1i elv\u00e9gz\u00e9se ut\u00e1n a keresked\u0151i p\u00e1ly\u00e1ra l\u00e9pett, \u00f6n\u00e1ll\u00f3 lett Mv.-en (1941\u2013). A kultur\u00e1lis mozgalmakban \u00e9l\u00e9nk szerepet j\u00e1tszott. Letart\u00f3ztatt\u00e1k (1959. szept. 15.) A MAT Katonai \u00dcgy\u00e9szs\u00e9ge a t\u00e1rsadalmi rend elleni tev\u00e9kenyked\u00e9s v\u00e1dj\u00e1val ker\u00fclt b\u00edr\u00f3s\u00e1g el\u00e9 Irod.: Sz\u00e9kelyf\u00f6ld \u00ed. k.; [Nekrol\u00f3g] (V. Z., 1987. j\u00fal. 14.)<\/p>\n","protected":false},"featured_media":0,"comment_status":"open","ping_status":"closed","template":"","meta":[],"product_brand":[],"product_cat":[137],"product_tag":[],"class_list":{"0":"post-13406","1":"product","2":"type-product","3":"status-publish","5":"product_cat-maros-megyei-eletrajzi-lexikon","7":"first","8":"instock","9":"shipping-taxable","10":"product-type-simple"},"_links":{"self":[{"href":"https:\/\/uj.adatbank.ro\/lexikon\/wp-json\/wp\/v2\/product\/13406","targetHints":{"allow":["GET"]}}],"collection":[{"href":"https:\/\/uj.adatbank.ro\/lexikon\/wp-json\/wp\/v2\/product"}],"about":[{"href":"https:\/\/uj.adatbank.ro\/lexikon\/wp-json\/wp\/v2\/types\/product"}],"replies":[{"embeddable":true,"href":"https:\/\/uj.adatbank.ro\/lexikon\/wp-json\/wp\/v2\/comments?post=13406"}],"wp:attachment":[{"href":"https:\/\/uj.adatbank.ro\/lexikon\/wp-json\/wp\/v2\/media?parent=13406"}],"wp:term":[{"taxonomy":"product_brand","embeddable":true,"href":"https:\/\/uj.adatbank.ro\/lexikon\/wp-json\/wp\/v2\/product_brand?post=13406"},{"taxonomy":"product_cat","embeddable":true,"href":"https:\/\/uj.adatbank.ro\/lexikon\/wp-json\/wp\/v2\/product_cat?post=13406"},{"taxonomy":"product_tag","embeddable":true,"href":"https:\/\/uj.adatbank.ro\/lexikon\/wp-json\/wp\/v2\/product_tag?post=13406"}],"curies":[{"name":"wp","href":"https:\/\/api.w.org\/{rel}","templated":true}]}}