{"id":13408,"date":"2025-06-29T15:00:30","date_gmt":"2025-06-29T13:00:30","guid":{"rendered":"https:\/\/uj.adatbank.ro\/lexikon\/termek\/kuti-istvan-uzoni\/"},"modified":"2025-06-29T15:00:30","modified_gmt":"2025-06-29T13:00:30","slug":"kuti-istvan-uzoni","status":"publish","type":"product","link":"https:\/\/uj.adatbank.ro\/lexikon\/termek\/kuti-istvan-uzoni\/","title":{"rendered":"KUTI Istv\u00e1n, uzoni"},"content":{"rendered":"<p>Mv., 1867. j\u00fan. 8., \u2020 Selmecb\u00e1nya, 1912. \u00e1pr. 12.: v\u00e1rosi rend\u0151rf\u0151kapit\u00e1ny. \u2013 A k\u00f6z\u00e9piskol\u00e1t Nagyszebenben, a jogot Kv.-on v\u00e9gezte. Kv.-on a v\u00e1rosi \u00e1rvasz\u00e9k aljegyz\u0151je (1893\u2013) majd v\u00e1rosi aljegyz\u0151; Selmecb\u00e1nya rend\u0151ralkapit\u00e1nya (1895\u2013); lemondott \u00e9s borb\u00e9lym\u0171helyt nyitott (1905); f\u0151kapit\u00e1ny lett (1907\u2013). Politikai cikkei : B. H\u00edrlap, Rend\u0151ri Lapok, K\u00f6zbisztons\u00e1g-ban, szerkesztette a selbmecb\u00e1nyai helyi lapot. <br \/><strong>Irod.:<\/strong> Guly\u00e1s<\/br><\/p>\n","protected":false},"excerpt":{"rendered":"<p>Mv., 1867. j\u00fan. 8., \u2020 Selmecb\u00e1nya, 1912. \u00e1pr. 12.: v\u00e1rosi rend\u0151rf\u0151kapit\u00e1ny. \u2013 A k\u00f6z\u00e9piskol\u00e1t Nagyszebenben, a jogot Kv.-on v\u00e9gezte. Kv.-on a v\u00e1rosi \u00e1rvasz\u00e9k aljegyz\u0151je (1893\u2013) majd v\u00e1rosi aljegyz\u0151; Selmecb\u00e1nya rend\u0151ralkapit\u00e1nya (1895\u2013); lemondott \u00e9s borb\u00e9lym\u0171helyt nyitott (1905); f\u0151kapit\u00e1ny lett (1907\u2013). Politikai cikkei : B. H\u00edrlap, Rend\u0151ri Lapok, K\u00f6zbisztons\u00e1g-ban, szerkesztette a selbmecb\u00e1nyai helyi lapot. Irod.: Guly\u00e1s<\/p>\n","protected":false},"featured_media":0,"comment_status":"open","ping_status":"closed","template":"","meta":[],"product_brand":[],"product_cat":[137],"product_tag":[],"class_list":{"0":"post-13408","1":"product","2":"type-product","3":"status-publish","5":"product_cat-maros-megyei-eletrajzi-lexikon","7":"first","8":"instock","9":"shipping-taxable","10":"product-type-simple"},"_links":{"self":[{"href":"https:\/\/uj.adatbank.ro\/lexikon\/wp-json\/wp\/v2\/product\/13408","targetHints":{"allow":["GET"]}}],"collection":[{"href":"https:\/\/uj.adatbank.ro\/lexikon\/wp-json\/wp\/v2\/product"}],"about":[{"href":"https:\/\/uj.adatbank.ro\/lexikon\/wp-json\/wp\/v2\/types\/product"}],"replies":[{"embeddable":true,"href":"https:\/\/uj.adatbank.ro\/lexikon\/wp-json\/wp\/v2\/comments?post=13408"}],"wp:attachment":[{"href":"https:\/\/uj.adatbank.ro\/lexikon\/wp-json\/wp\/v2\/media?parent=13408"}],"wp:term":[{"taxonomy":"product_brand","embeddable":true,"href":"https:\/\/uj.adatbank.ro\/lexikon\/wp-json\/wp\/v2\/product_brand?post=13408"},{"taxonomy":"product_cat","embeddable":true,"href":"https:\/\/uj.adatbank.ro\/lexikon\/wp-json\/wp\/v2\/product_cat?post=13408"},{"taxonomy":"product_tag","embeddable":true,"href":"https:\/\/uj.adatbank.ro\/lexikon\/wp-json\/wp\/v2\/product_tag?post=13408"}],"curies":[{"name":"wp","href":"https:\/\/api.w.org\/{rel}","templated":true}]}}