{"id":13409,"date":"2025-06-29T15:00:32","date_gmt":"2025-06-29T13:00:32","guid":{"rendered":"https:\/\/uj.adatbank.ro\/lexikon\/termek\/kuti-janos\/"},"modified":"2025-06-29T15:00:32","modified_gmt":"2025-06-29T13:00:32","slug":"kuti-janos","status":"publish","type":"product","link":"https:\/\/uj.adatbank.ro\/lexikon\/termek\/kuti-janos\/","title":{"rendered":"KUTI J\u00e1nos"},"content":{"rendered":"<p>?\u2020 ?: tan\u00e1r. \u2013 A mv.-i schola particula. tan\u00e1ra, rektora (1636). A Londoni Liga \u00e9s a magyar puritanizmus legradik\u00e1lisabb ir\u00e1nyzat\u00e1nak, Tolnai Dali J\u00e1nos k\u00f6r\u00e9nek tagja. Leidenben tanult, indul\u00e1sa el\u0151tt m\u0171k\u00f6d\u00f6tt el\u0151sz\u00f6r Mv.-en, majd k\u00fclf\u00f6ldr\u0151l \u00fajb\u00f3l visszat\u00e9rt tan\u00edtani (1638). K\u00e9s\u0151bb d\u00e9si rektor. <br \/><strong>Irod.:<\/strong> Id\u0151t\u00e1r 1; Kozma; P\u00e1l-Antal; P\u00e1l-Antal 2009<\/br><\/p>\n","protected":false},"excerpt":{"rendered":"<p>?\u2020 ?: tan\u00e1r. \u2013 A mv.-i schola particula. tan\u00e1ra, rektora (1636). A Londoni Liga \u00e9s a magyar puritanizmus legradik\u00e1lisabb ir\u00e1nyzat\u00e1nak, Tolnai Dali J\u00e1nos k\u00f6r\u00e9nek tagja. Leidenben tanult, indul\u00e1sa el\u0151tt m\u0171k\u00f6d\u00f6tt el\u0151sz\u00f6r Mv.-en, majd k\u00fclf\u00f6ldr\u0151l \u00fajb\u00f3l visszat\u00e9rt tan\u00edtani (1638). K\u00e9s\u0151bb d\u00e9si rektor. Irod.: Id\u0151t\u00e1r 1; Kozma; P\u00e1l-Antal; P\u00e1l-Antal 2009<\/p>\n","protected":false},"featured_media":0,"comment_status":"open","ping_status":"closed","template":"","meta":[],"product_brand":[],"product_cat":[137],"product_tag":[],"class_list":{"0":"post-13409","1":"product","2":"type-product","3":"status-publish","5":"product_cat-maros-megyei-eletrajzi-lexikon","7":"first","8":"instock","9":"shipping-taxable","10":"product-type-simple"},"_links":{"self":[{"href":"https:\/\/uj.adatbank.ro\/lexikon\/wp-json\/wp\/v2\/product\/13409","targetHints":{"allow":["GET"]}}],"collection":[{"href":"https:\/\/uj.adatbank.ro\/lexikon\/wp-json\/wp\/v2\/product"}],"about":[{"href":"https:\/\/uj.adatbank.ro\/lexikon\/wp-json\/wp\/v2\/types\/product"}],"replies":[{"embeddable":true,"href":"https:\/\/uj.adatbank.ro\/lexikon\/wp-json\/wp\/v2\/comments?post=13409"}],"wp:attachment":[{"href":"https:\/\/uj.adatbank.ro\/lexikon\/wp-json\/wp\/v2\/media?parent=13409"}],"wp:term":[{"taxonomy":"product_brand","embeddable":true,"href":"https:\/\/uj.adatbank.ro\/lexikon\/wp-json\/wp\/v2\/product_brand?post=13409"},{"taxonomy":"product_cat","embeddable":true,"href":"https:\/\/uj.adatbank.ro\/lexikon\/wp-json\/wp\/v2\/product_cat?post=13409"},{"taxonomy":"product_tag","embeddable":true,"href":"https:\/\/uj.adatbank.ro\/lexikon\/wp-json\/wp\/v2\/product_tag?post=13409"}],"curies":[{"name":"wp","href":"https:\/\/api.w.org\/{rel}","templated":true}]}}