{"id":13545,"date":"2025-07-15T12:32:16","date_gmt":"2025-07-15T10:32:16","guid":{"rendered":"https:\/\/uj.adatbank.ro\/lexikon\/termek\/laazi-zoltan\/"},"modified":"2025-07-15T12:32:16","modified_gmt":"2025-07-15T10:32:16","slug":"laazi-zoltan","status":"publish","type":"product","link":"https:\/\/uj.adatbank.ro\/lexikon\/termek\/laazi-zoltan\/","title":{"rendered":"LA\u00c1ZI Zolt\u00e1n"},"content":{"rendered":"<p>Sz\u00e1szr\u00e9gen, 1910. nov. 13.,\u2020\u00a0?: fel\u00fcgyel\u0151 inspektor. \u2013 A mv.-i V\u00e1rosi N\u00e9ptan\u00e1cs szoci\u00e1lis ell\u00e1t\u00e1s oszt\u00e1ly inspektora, nacionalista int\u00e9zked\u00e9sekkel v\u00e1dolt\u00e1k (1952). <br \/><strong>Irod.:<\/strong> Bartos 2012<\/br><\/p>\n","protected":false},"excerpt":{"rendered":"<p>Sz\u00e1szr\u00e9gen, 1910. nov. 13.,\u2020\u00a0?: fel\u00fcgyel\u0151 inspektor. \u2013 A mv.-i V\u00e1rosi N\u00e9ptan\u00e1cs szoci\u00e1lis ell\u00e1t\u00e1s oszt\u00e1ly inspektora, nacionalista int\u00e9zked\u00e9sekkel v\u00e1dolt\u00e1k (1952). Irod.: Bartos 2012<\/p>\n","protected":false},"featured_media":0,"comment_status":"open","ping_status":"closed","template":"","meta":[],"product_brand":[],"product_cat":[137],"product_tag":[],"class_list":{"0":"post-13545","1":"product","2":"type-product","3":"status-publish","5":"product_cat-maros-megyei-eletrajzi-lexikon","7":"first","8":"instock","9":"shipping-taxable","10":"product-type-simple"},"_links":{"self":[{"href":"https:\/\/uj.adatbank.ro\/lexikon\/wp-json\/wp\/v2\/product\/13545","targetHints":{"allow":["GET"]}}],"collection":[{"href":"https:\/\/uj.adatbank.ro\/lexikon\/wp-json\/wp\/v2\/product"}],"about":[{"href":"https:\/\/uj.adatbank.ro\/lexikon\/wp-json\/wp\/v2\/types\/product"}],"replies":[{"embeddable":true,"href":"https:\/\/uj.adatbank.ro\/lexikon\/wp-json\/wp\/v2\/comments?post=13545"}],"wp:attachment":[{"href":"https:\/\/uj.adatbank.ro\/lexikon\/wp-json\/wp\/v2\/media?parent=13545"}],"wp:term":[{"taxonomy":"product_brand","embeddable":true,"href":"https:\/\/uj.adatbank.ro\/lexikon\/wp-json\/wp\/v2\/product_brand?post=13545"},{"taxonomy":"product_cat","embeddable":true,"href":"https:\/\/uj.adatbank.ro\/lexikon\/wp-json\/wp\/v2\/product_cat?post=13545"},{"taxonomy":"product_tag","embeddable":true,"href":"https:\/\/uj.adatbank.ro\/lexikon\/wp-json\/wp\/v2\/product_tag?post=13545"}],"curies":[{"name":"wp","href":"https:\/\/api.w.org\/{rel}","templated":true}]}}