{"id":13553,"date":"2025-07-15T12:32:28","date_gmt":"2025-07-15T10:32:28","guid":{"rendered":"https:\/\/uj.adatbank.ro\/lexikon\/termek\/laczeg-gyorgy-latzeg-gyorgy\/"},"modified":"2025-07-15T12:32:28","modified_gmt":"2025-07-15T10:32:28","slug":"laczeg-gyorgy-latzeg-gyorgy","status":"publish","type":"product","link":"https:\/\/uj.adatbank.ro\/lexikon\/termek\/laczeg-gyorgy-latzeg-gyorgy\/","title":{"rendered":"L\u00c1CZEG Gy\u00f6rgy, L\u00e1tzeg Gy\u00f6rgy"},"content":{"rendered":"<p>Kv.,? \u2020\u00a01784. nov. 11.: r. k. pap. \u2013 Kv.-on (1737\u201342) \u00e9s Nagyszombaton (1750\u201352) tanult. Pl\u00e9b\u00e1nos Sz\u0151kefalv\u00e1n (1753- 71), V\u00edzakn\u00e1n (1771\u201382), Minorita lett. <br \/><strong>Irod.:<\/strong> Ferenczi S\u00e1ndor 2009<\/br><\/p>\n","protected":false},"excerpt":{"rendered":"<p>Kv.,? \u2020\u00a01784. nov. 11.: r. k. pap. \u2013 Kv.-on (1737\u201342) \u00e9s Nagyszombaton (1750\u201352) tanult. Pl\u00e9b\u00e1nos Sz\u0151kefalv\u00e1n (1753- 71), V\u00edzakn\u00e1n (1771\u201382), Minorita lett. Irod.: Ferenczi S\u00e1ndor 2009<\/p>\n","protected":false},"featured_media":0,"comment_status":"open","ping_status":"closed","template":"","meta":[],"product_brand":[],"product_cat":[137],"product_tag":[],"class_list":{"0":"post-13553","1":"product","2":"type-product","3":"status-publish","5":"product_cat-maros-megyei-eletrajzi-lexikon","7":"first","8":"instock","9":"shipping-taxable","10":"product-type-simple"},"_links":{"self":[{"href":"https:\/\/uj.adatbank.ro\/lexikon\/wp-json\/wp\/v2\/product\/13553","targetHints":{"allow":["GET"]}}],"collection":[{"href":"https:\/\/uj.adatbank.ro\/lexikon\/wp-json\/wp\/v2\/product"}],"about":[{"href":"https:\/\/uj.adatbank.ro\/lexikon\/wp-json\/wp\/v2\/types\/product"}],"replies":[{"embeddable":true,"href":"https:\/\/uj.adatbank.ro\/lexikon\/wp-json\/wp\/v2\/comments?post=13553"}],"wp:attachment":[{"href":"https:\/\/uj.adatbank.ro\/lexikon\/wp-json\/wp\/v2\/media?parent=13553"}],"wp:term":[{"taxonomy":"product_brand","embeddable":true,"href":"https:\/\/uj.adatbank.ro\/lexikon\/wp-json\/wp\/v2\/product_brand?post=13553"},{"taxonomy":"product_cat","embeddable":true,"href":"https:\/\/uj.adatbank.ro\/lexikon\/wp-json\/wp\/v2\/product_cat?post=13553"},{"taxonomy":"product_tag","embeddable":true,"href":"https:\/\/uj.adatbank.ro\/lexikon\/wp-json\/wp\/v2\/product_tag?post=13553"}],"curies":[{"name":"wp","href":"https:\/\/api.w.org\/{rel}","templated":true}]}}