{"id":13554,"date":"2025-07-15T12:32:30","date_gmt":"2025-07-15T10:32:30","guid":{"rendered":"https:\/\/uj.adatbank.ro\/lexikon\/termek\/laczko-antal\/"},"modified":"2025-07-15T12:32:30","modified_gmt":"2025-07-15T10:32:30","slug":"laczko-antal","status":"publish","type":"product","link":"https:\/\/uj.adatbank.ro\/lexikon\/termek\/laczko-antal\/","title":{"rendered":"LACZK\u00d3 Antal"},"content":{"rendered":"<p>? \u2020\u00a01805. jan. 29.: r. k. pap. \u2013 Tanult Gyulafeh\u00e9rv\u00e1ron (1780\u201383), itt papp\u00e1 szentelt\u00e9k (1783. nov. 1.). K\u00e1pl\u00e1n volt Mv.-en (1787), pl\u00e9b\u00e1nos Mez\u0151szengyelen (1788), majd Sz\u00e9kelyb\u0151ben. <br \/><strong>Irod.:<\/strong> Ferenczi S\u00e1ndor 2009<\/br><\/p>\n","protected":false},"excerpt":{"rendered":"<p>? \u2020\u00a01805. jan. 29.: r. k. pap. \u2013 Tanult Gyulafeh\u00e9rv\u00e1ron (1780\u201383), itt papp\u00e1 szentelt\u00e9k (1783. nov. 1.). K\u00e1pl\u00e1n volt Mv.-en (1787), pl\u00e9b\u00e1nos Mez\u0151szengyelen (1788), majd Sz\u00e9kelyb\u0151ben. Irod.: Ferenczi S\u00e1ndor 2009<\/p>\n","protected":false},"featured_media":0,"comment_status":"open","ping_status":"closed","template":"","meta":[],"product_brand":[],"product_cat":[137],"product_tag":[],"class_list":{"0":"post-13554","1":"product","2":"type-product","3":"status-publish","5":"product_cat-maros-megyei-eletrajzi-lexikon","7":"first","8":"instock","9":"shipping-taxable","10":"product-type-simple"},"_links":{"self":[{"href":"https:\/\/uj.adatbank.ro\/lexikon\/wp-json\/wp\/v2\/product\/13554","targetHints":{"allow":["GET"]}}],"collection":[{"href":"https:\/\/uj.adatbank.ro\/lexikon\/wp-json\/wp\/v2\/product"}],"about":[{"href":"https:\/\/uj.adatbank.ro\/lexikon\/wp-json\/wp\/v2\/types\/product"}],"replies":[{"embeddable":true,"href":"https:\/\/uj.adatbank.ro\/lexikon\/wp-json\/wp\/v2\/comments?post=13554"}],"wp:attachment":[{"href":"https:\/\/uj.adatbank.ro\/lexikon\/wp-json\/wp\/v2\/media?parent=13554"}],"wp:term":[{"taxonomy":"product_brand","embeddable":true,"href":"https:\/\/uj.adatbank.ro\/lexikon\/wp-json\/wp\/v2\/product_brand?post=13554"},{"taxonomy":"product_cat","embeddable":true,"href":"https:\/\/uj.adatbank.ro\/lexikon\/wp-json\/wp\/v2\/product_cat?post=13554"},{"taxonomy":"product_tag","embeddable":true,"href":"https:\/\/uj.adatbank.ro\/lexikon\/wp-json\/wp\/v2\/product_tag?post=13554"}],"curies":[{"name":"wp","href":"https:\/\/api.w.org\/{rel}","templated":true}]}}