{"id":13555,"date":"2025-07-15T12:32:31","date_gmt":"2025-07-15T10:32:31","guid":{"rendered":"https:\/\/uj.adatbank.ro\/lexikon\/termek\/ladanyi-imre\/"},"modified":"2025-07-15T12:32:31","modified_gmt":"2025-07-15T10:32:31","slug":"ladanyi-imre","status":"publish","type":"product","link":"https:\/\/uj.adatbank.ro\/lexikon\/termek\/ladanyi-imre\/","title":{"rendered":"LAD\u00c1NYI Imre"},"content":{"rendered":"<p>Hajd\u00fan\u00e1n\u00e1s, Hajd\u00fan\u00e1dudvar, 1877. szept. 1., \u2020 Temesv\u00e1r, 1949. nov. 17.: sz\u00edn\u00e9sz, rendez\u0151, pr\u00f3za\u00edr\u00f3. \u2013 K\u00f6z\u00e9piskolai tanulm\u00e1nyait Hajd\u00fab\u00f6sz\u00f6rm\u00e9nyben \u00e9s Debrecenben v\u00e9gezte, ahol p\u00e1r \u00e9ven \u00e1t jogot is hallgatott.Solymossy Elek sz\u00edniiskol\u00e1j\u00e1t v\u00e9gezte (1902). Az els\u0151 vh. ut\u00e1n ker\u00fclt Erd\u00e9lybe. Fell\u00e9pett Mv.-en (1921\u201322) Szab\u00f3 P\u00e1l t\u00e1rsulat\u00e1val, ekkor j\u00e1tszotta el Othelo szerep\u00e9t \u00e9s rendezte is az el\u0151ad\u00e1st. Ezut\u00e1n j\u00e1tszott m\u00e9g a k\u00f6vetkez\u0151 v\u00e1rosokban: Temesv\u00e1ron, Aradon, Lugoson, Zilahonon, Tord\u00e1n, Szil\u00e1gysomly\u00f3n, Brass\u00f3ban, Nagyenyedrn, Nagyszeben, Mv-en (1924\u201329).Temesv\u00e1ron a Frany\u00f3 Zolt\u00e1n t\u00e1rsulat\u00e1nak m\u0171v\u00e9szeti igazgat\u00f3ja volt (1926\u201327). Ott \u00fcnnepelte 25 \u00e9ves sz\u00edn\u00e9szi jubileum\u00e1t Bernstein: S\u00e1mson c. darabj\u00e1nak c\u00edmszerep\u00e9ben (1928. \u00e1pr. 26). Elbesz\u00e9l\u00e9sei, t\u00e1rc\u00e1i, megeml\u00e9kez\u00e9sei temesv\u00e1ri \u00fajs\u00e1gokban \u00e9s hetilapokban l\u00e1ttak napvil\u00e1got. A II. vil\u00e1gh\u00e1bor\u00fa ut\u00e1n az MNSZ kezdem\u00e9nyez\u00e9s\u00e9re megalakult temesv\u00e1ri Magyar N\u00e9psz\u00ednh\u00e1z rendez\u0151je, t\u00f6bbek k\u00f6zt Moli\u00e8re, Goldoni, Szigligeti \u00e9s Darvas J\u00f3zsef sz\u00ednm\u0171veit \u00e1ll\u00edtotta sz\u00ednpadra.\u2013 <strong>F. sz.:<\/strong> B\u00e1r\u00f3 (Heltai Jen\u0151: T\u00fcnd\u00e9rlaki l\u00e1nyok); Herceg (B\u00edr\u00f3 Lajos: Az utols\u00f3 cs\u00f3k); Jaques (Bernstein: S\u00e1mson); \u00c1d\u00e1m (Mad\u00e1ch: Az ember trag\u00e9di\u00e1ja); Berkenyey k\u00e9pvisel\u0151 (Herczeg Ferenc: K\u00e9z kezet mos); Erd\u0151s L\u00e1szl\u00f3 \u00fcgyv\u00e9d (Ruttkay Gy\u00f6rgy: S\u00f6t\u00e9ts\u00e9g); K\u00e1lm\u00e1n (Cs\u00edky Gergely: A nagymama); R\u00f3bert (Sidermann: Becs\u00fclet); Litvay (Moln\u00e1r Ferenc: Sz\u00ednh\u00e1z\/Marsall); Mr Brown (Savoir: K\u00e9kszak\u00e1ll nyolcadig feles\u00e9ge), Gaudet igazs\u00e1g\u00fcgyminiszter (Weber-Hennequin: Az eln\u00f6kn\u00e9); \u00d6rd\u00f6g (Moln\u00e1r Ferenc: \u00d6rd\u00f6g); Othello (Shakespeare: Othello). <br \/><strong>Irod.:<\/strong> K\u00f6t\u0151; RMIL<\/br><\/p>\n","protected":false},"excerpt":{"rendered":"<p>Hajd\u00fan\u00e1n\u00e1s, Hajd\u00fan\u00e1dudvar, 1877. szept. 1., \u2020 Temesv\u00e1r, 1949. nov. 17.: sz\u00edn\u00e9sz, rendez\u0151, pr\u00f3za\u00edr\u00f3. \u2013 K\u00f6z\u00e9piskolai tanulm\u00e1nyait Hajd\u00fab\u00f6sz\u00f6rm\u00e9nyben \u00e9s Debrecenben v\u00e9gezte, ahol p\u00e1r \u00e9ven \u00e1t jogot is hallgatott.Solymossy Elek sz\u00edniiskol\u00e1j\u00e1t v\u00e9gezte (1902). Az els\u0151 vh. ut\u00e1n ker\u00fclt Erd\u00e9lybe. Fell\u00e9pett Mv.-en (1921\u201322) Szab\u00f3 P\u00e1l t\u00e1rsulat\u00e1val, ekkor j\u00e1tszotta el Othelo szerep\u00e9t \u00e9s rendezte is az el\u0151ad\u00e1st. Ezut\u00e1n j\u00e1tszott [&hellip;]<\/p>\n","protected":false},"featured_media":0,"comment_status":"open","ping_status":"closed","template":"","meta":[],"product_brand":[],"product_cat":[137],"product_tag":[],"class_list":{"0":"post-13555","1":"product","2":"type-product","3":"status-publish","5":"product_cat-maros-megyei-eletrajzi-lexikon","7":"first","8":"instock","9":"shipping-taxable","10":"product-type-simple"},"_links":{"self":[{"href":"https:\/\/uj.adatbank.ro\/lexikon\/wp-json\/wp\/v2\/product\/13555","targetHints":{"allow":["GET"]}}],"collection":[{"href":"https:\/\/uj.adatbank.ro\/lexikon\/wp-json\/wp\/v2\/product"}],"about":[{"href":"https:\/\/uj.adatbank.ro\/lexikon\/wp-json\/wp\/v2\/types\/product"}],"replies":[{"embeddable":true,"href":"https:\/\/uj.adatbank.ro\/lexikon\/wp-json\/wp\/v2\/comments?post=13555"}],"wp:attachment":[{"href":"https:\/\/uj.adatbank.ro\/lexikon\/wp-json\/wp\/v2\/media?parent=13555"}],"wp:term":[{"taxonomy":"product_brand","embeddable":true,"href":"https:\/\/uj.adatbank.ro\/lexikon\/wp-json\/wp\/v2\/product_brand?post=13555"},{"taxonomy":"product_cat","embeddable":true,"href":"https:\/\/uj.adatbank.ro\/lexikon\/wp-json\/wp\/v2\/product_cat?post=13555"},{"taxonomy":"product_tag","embeddable":true,"href":"https:\/\/uj.adatbank.ro\/lexikon\/wp-json\/wp\/v2\/product_tag?post=13555"}],"curies":[{"name":"wp","href":"https:\/\/api.w.org\/{rel}","templated":true}]}}