{"id":13562,"date":"2025-07-15T12:32:48","date_gmt":"2025-07-15T10:32:48","guid":{"rendered":"https:\/\/uj.adatbank.ro\/lexikon\/termek\/laiber-antal\/"},"modified":"2025-07-15T12:32:48","modified_gmt":"2025-07-15T10:32:48","slug":"laiber-antal","status":"publish","type":"product","link":"https:\/\/uj.adatbank.ro\/lexikon\/termek\/laiber-antal\/","title":{"rendered":"LAIBER Antal"},"content":{"rendered":"<p>Sz\u00e9kelyudvarhely, 1828. dec. 28., \u2020\u00a01904. febr.11.: r. k. pap. \u2013 Sz\u00e9kelyudvarhelyen \u00e9s Gyulafeh\u00e9rv\u00e1ron tanult. Papp\u00e1 szentelt\u00e9k (1856. febr. 1.). K\u00e1pl\u00e1n Tord\u00e1n, lelkip\u00e1sztor Bar\u00f3ton, Ol\u00e1hl\u00e1poson (1859), Sz\u00e9kelykereszt\u00faron, Mez\u0151szengyelen (1867\u201372), M\u00e1r\u00e9falv\u00e1n, Oroszhegyen (1879\u20131900). <br \/><strong>Irod.:<\/strong> Ferenczi S\u00e1ndor 2009<\/br><\/p>\n","protected":false},"excerpt":{"rendered":"<p>Sz\u00e9kelyudvarhely, 1828. dec. 28., \u2020\u00a01904. febr.11.: r. k. pap. \u2013 Sz\u00e9kelyudvarhelyen \u00e9s Gyulafeh\u00e9rv\u00e1ron tanult. Papp\u00e1 szentelt\u00e9k (1856. febr. 1.). K\u00e1pl\u00e1n Tord\u00e1n, lelkip\u00e1sztor Bar\u00f3ton, Ol\u00e1hl\u00e1poson (1859), Sz\u00e9kelykereszt\u00faron, Mez\u0151szengyelen (1867\u201372), M\u00e1r\u00e9falv\u00e1n, Oroszhegyen (1879\u20131900). Irod.: Ferenczi S\u00e1ndor 2009<\/p>\n","protected":false},"featured_media":0,"comment_status":"open","ping_status":"closed","template":"","meta":[],"product_brand":[],"product_cat":[137],"product_tag":[],"class_list":{"0":"post-13562","1":"product","2":"type-product","3":"status-publish","5":"product_cat-maros-megyei-eletrajzi-lexikon","7":"first","8":"instock","9":"shipping-taxable","10":"product-type-simple"},"_links":{"self":[{"href":"https:\/\/uj.adatbank.ro\/lexikon\/wp-json\/wp\/v2\/product\/13562","targetHints":{"allow":["GET"]}}],"collection":[{"href":"https:\/\/uj.adatbank.ro\/lexikon\/wp-json\/wp\/v2\/product"}],"about":[{"href":"https:\/\/uj.adatbank.ro\/lexikon\/wp-json\/wp\/v2\/types\/product"}],"replies":[{"embeddable":true,"href":"https:\/\/uj.adatbank.ro\/lexikon\/wp-json\/wp\/v2\/comments?post=13562"}],"wp:attachment":[{"href":"https:\/\/uj.adatbank.ro\/lexikon\/wp-json\/wp\/v2\/media?parent=13562"}],"wp:term":[{"taxonomy":"product_brand","embeddable":true,"href":"https:\/\/uj.adatbank.ro\/lexikon\/wp-json\/wp\/v2\/product_brand?post=13562"},{"taxonomy":"product_cat","embeddable":true,"href":"https:\/\/uj.adatbank.ro\/lexikon\/wp-json\/wp\/v2\/product_cat?post=13562"},{"taxonomy":"product_tag","embeddable":true,"href":"https:\/\/uj.adatbank.ro\/lexikon\/wp-json\/wp\/v2\/product_tag?post=13562"}],"curies":[{"name":"wp","href":"https:\/\/api.w.org\/{rel}","templated":true}]}}