{"id":13563,"date":"2025-07-15T12:32:49","date_gmt":"2025-07-15T10:32:49","guid":{"rendered":"https:\/\/uj.adatbank.ro\/lexikon\/termek\/lajbel-gaspar\/"},"modified":"2025-07-15T12:32:49","modified_gmt":"2025-07-15T10:32:49","slug":"lajbel-gaspar","status":"publish","type":"product","link":"https:\/\/uj.adatbank.ro\/lexikon\/termek\/lajbel-gaspar\/","title":{"rendered":"LAJBEL G\u00e1sp\u00e1r"},"content":{"rendered":"<p>1784.,\u2020 Mv.,1846.dec.28.- Feles\u00e9ge:Fej\u00e9r Anna. Gyerekeik. Rozalia (1814.jan.5.-?), Kl\u00e1ra (1819.m\u00e1rc.19.-?), Antal Mih\u00e1ly (1821.szept.14.- ?), Mikl\u00f3s (1824.m\u00e1j.7-?), J\u00f3zsef (1827.m\u00e1rc.8\u20131847.aug.13.). <br \/><strong>Irod.:<\/strong> Pusk\u00e1s-Sz\u00e1sz \u00c1.R.<\/br><\/p>\n","protected":false},"excerpt":{"rendered":"<p>1784.,\u2020 Mv.,1846.dec.28.- Feles\u00e9ge:Fej\u00e9r Anna. Gyerekeik. Rozalia (1814.jan.5.-?), Kl\u00e1ra (1819.m\u00e1rc.19.-?), Antal Mih\u00e1ly (1821.szept.14.- ?), Mikl\u00f3s (1824.m\u00e1j.7-?), J\u00f3zsef (1827.m\u00e1rc.8\u20131847.aug.13.). Irod.: Pusk\u00e1s-Sz\u00e1sz \u00c1.R.<\/p>\n","protected":false},"featured_media":0,"comment_status":"open","ping_status":"closed","template":"","meta":[],"product_brand":[],"product_cat":[137],"product_tag":[],"class_list":{"0":"post-13563","1":"product","2":"type-product","3":"status-publish","5":"product_cat-maros-megyei-eletrajzi-lexikon","7":"first","8":"instock","9":"shipping-taxable","10":"product-type-simple"},"_links":{"self":[{"href":"https:\/\/uj.adatbank.ro\/lexikon\/wp-json\/wp\/v2\/product\/13563","targetHints":{"allow":["GET"]}}],"collection":[{"href":"https:\/\/uj.adatbank.ro\/lexikon\/wp-json\/wp\/v2\/product"}],"about":[{"href":"https:\/\/uj.adatbank.ro\/lexikon\/wp-json\/wp\/v2\/types\/product"}],"replies":[{"embeddable":true,"href":"https:\/\/uj.adatbank.ro\/lexikon\/wp-json\/wp\/v2\/comments?post=13563"}],"wp:attachment":[{"href":"https:\/\/uj.adatbank.ro\/lexikon\/wp-json\/wp\/v2\/media?parent=13563"}],"wp:term":[{"taxonomy":"product_brand","embeddable":true,"href":"https:\/\/uj.adatbank.ro\/lexikon\/wp-json\/wp\/v2\/product_brand?post=13563"},{"taxonomy":"product_cat","embeddable":true,"href":"https:\/\/uj.adatbank.ro\/lexikon\/wp-json\/wp\/v2\/product_cat?post=13563"},{"taxonomy":"product_tag","embeddable":true,"href":"https:\/\/uj.adatbank.ro\/lexikon\/wp-json\/wp\/v2\/product_tag?post=13563"}],"curies":[{"name":"wp","href":"https:\/\/api.w.org\/{rel}","templated":true}]}}