{"id":13565,"date":"2025-07-15T12:32:52","date_gmt":"2025-07-15T10:32:52","guid":{"rendered":"https:\/\/uj.adatbank.ro\/lexikon\/termek\/lajos-balazs\/"},"modified":"2025-07-15T12:32:52","modified_gmt":"2025-07-15T10:32:52","slug":"lajos-balazs","status":"publish","type":"product","link":"https:\/\/uj.adatbank.ro\/lexikon\/termek\/lajos-balazs\/","title":{"rendered":"LAJOS Bal\u00e1zs"},"content":{"rendered":"<p>Cs\u00edktapolca, 1870. febr. 16.,\u2020\u00a0Ny\u00fajt\u00f3d, 1950. dec. 2.: r. k. pap. \u2013 Cs\u00edksomly\u00f3n \u00e9s Gyulafef\u00e9rv\u00e1ron tanult. Papp\u00e1 szentelt\u00e9k (1894. j\u00fal. 7.). K\u00e9zdiszentkereszten, Berecken, Ditr\u00f3ban k\u00e1pl\u00e1n \u00e9s hitoktat\u00f3, lelkip\u00e1sztor B\u00f6z\u00f6d\u00fajfaluban (1902\u201329), K\u00e9zdimartonoson nyugd\u00edjaz\u00e1s\u00e1ig (1947). <br \/><strong>Irod.:<\/strong> Ferenczi S\u00e1ndor 2009.<\/br><\/p>\n","protected":false},"excerpt":{"rendered":"<p>Cs\u00edktapolca, 1870. febr. 16.,\u2020\u00a0Ny\u00fajt\u00f3d, 1950. dec. 2.: r. k. pap. \u2013 Cs\u00edksomly\u00f3n \u00e9s Gyulafef\u00e9rv\u00e1ron tanult. Papp\u00e1 szentelt\u00e9k (1894. j\u00fal. 7.). K\u00e9zdiszentkereszten, Berecken, Ditr\u00f3ban k\u00e1pl\u00e1n \u00e9s hitoktat\u00f3, lelkip\u00e1sztor B\u00f6z\u00f6d\u00fajfaluban (1902\u201329), K\u00e9zdimartonoson nyugd\u00edjaz\u00e1s\u00e1ig (1947). Irod.: Ferenczi S\u00e1ndor 2009.<\/p>\n","protected":false},"featured_media":0,"comment_status":"open","ping_status":"closed","template":"","meta":[],"product_brand":[],"product_cat":[137],"product_tag":[],"class_list":{"0":"post-13565","1":"product","2":"type-product","3":"status-publish","5":"product_cat-maros-megyei-eletrajzi-lexikon","7":"first","8":"instock","9":"shipping-taxable","10":"product-type-simple"},"_links":{"self":[{"href":"https:\/\/uj.adatbank.ro\/lexikon\/wp-json\/wp\/v2\/product\/13565","targetHints":{"allow":["GET"]}}],"collection":[{"href":"https:\/\/uj.adatbank.ro\/lexikon\/wp-json\/wp\/v2\/product"}],"about":[{"href":"https:\/\/uj.adatbank.ro\/lexikon\/wp-json\/wp\/v2\/types\/product"}],"replies":[{"embeddable":true,"href":"https:\/\/uj.adatbank.ro\/lexikon\/wp-json\/wp\/v2\/comments?post=13565"}],"wp:attachment":[{"href":"https:\/\/uj.adatbank.ro\/lexikon\/wp-json\/wp\/v2\/media?parent=13565"}],"wp:term":[{"taxonomy":"product_brand","embeddable":true,"href":"https:\/\/uj.adatbank.ro\/lexikon\/wp-json\/wp\/v2\/product_brand?post=13565"},{"taxonomy":"product_cat","embeddable":true,"href":"https:\/\/uj.adatbank.ro\/lexikon\/wp-json\/wp\/v2\/product_cat?post=13565"},{"taxonomy":"product_tag","embeddable":true,"href":"https:\/\/uj.adatbank.ro\/lexikon\/wp-json\/wp\/v2\/product_tag?post=13565"}],"curies":[{"name":"wp","href":"https:\/\/api.w.org\/{rel}","templated":true}]}}