{"id":13570,"date":"2025-07-15T12:33:04","date_gmt":"2025-07-15T10:33:04","guid":{"rendered":"https:\/\/uj.adatbank.ro\/lexikon\/termek\/lajos-janos-szacsvai\/"},"modified":"2025-07-15T12:33:04","modified_gmt":"2025-07-15T10:33:04","slug":"lajos-janos-szacsvai","status":"publish","type":"product","link":"https:\/\/uj.adatbank.ro\/lexikon\/termek\/lajos-janos-szacsvai\/","title":{"rendered":"LAJOS J\u00e1nos, szacsvai"},"content":{"rendered":"<p>Vaja, 1749, \u2020 ?: test\u0151r, katonatiszt.- Az 1.sz\u00e9kely hat\u00e1r\u0151rezredben szolg\u00e1lt, majd bel\u00e9pett a test\u0151rs\u00e9gbe (1768\u20131770), visszat\u00e9rt a hedseregbe, s ezredesk\u00e9nt ment nyugd\u00edjba. <br \/><strong>Irod.:<\/strong> MTN<\/br><\/p>\n","protected":false},"excerpt":{"rendered":"<p>Vaja, 1749, \u2020 ?: test\u0151r, katonatiszt.- Az 1.sz\u00e9kely hat\u00e1r\u0151rezredben szolg\u00e1lt, majd bel\u00e9pett a test\u0151rs\u00e9gbe (1768\u20131770), visszat\u00e9rt a hedseregbe, s ezredesk\u00e9nt ment nyugd\u00edjba. Irod.: MTN<\/p>\n","protected":false},"featured_media":0,"comment_status":"open","ping_status":"closed","template":"","meta":[],"product_brand":[],"product_cat":[137],"product_tag":[],"class_list":{"0":"post-13570","1":"product","2":"type-product","3":"status-publish","5":"product_cat-maros-megyei-eletrajzi-lexikon","7":"first","8":"instock","9":"shipping-taxable","10":"product-type-simple"},"_links":{"self":[{"href":"https:\/\/uj.adatbank.ro\/lexikon\/wp-json\/wp\/v2\/product\/13570","targetHints":{"allow":["GET"]}}],"collection":[{"href":"https:\/\/uj.adatbank.ro\/lexikon\/wp-json\/wp\/v2\/product"}],"about":[{"href":"https:\/\/uj.adatbank.ro\/lexikon\/wp-json\/wp\/v2\/types\/product"}],"replies":[{"embeddable":true,"href":"https:\/\/uj.adatbank.ro\/lexikon\/wp-json\/wp\/v2\/comments?post=13570"}],"wp:attachment":[{"href":"https:\/\/uj.adatbank.ro\/lexikon\/wp-json\/wp\/v2\/media?parent=13570"}],"wp:term":[{"taxonomy":"product_brand","embeddable":true,"href":"https:\/\/uj.adatbank.ro\/lexikon\/wp-json\/wp\/v2\/product_brand?post=13570"},{"taxonomy":"product_cat","embeddable":true,"href":"https:\/\/uj.adatbank.ro\/lexikon\/wp-json\/wp\/v2\/product_cat?post=13570"},{"taxonomy":"product_tag","embeddable":true,"href":"https:\/\/uj.adatbank.ro\/lexikon\/wp-json\/wp\/v2\/product_tag?post=13570"}],"curies":[{"name":"wp","href":"https:\/\/api.w.org\/{rel}","templated":true}]}}