{"id":13574,"date":"2025-07-15T12:33:12","date_gmt":"2025-07-15T10:33:12","guid":{"rendered":"https:\/\/uj.adatbank.ro\/lexikon\/termek\/lakatos-albert\/"},"modified":"2025-07-15T12:33:12","modified_gmt":"2025-07-15T10:33:12","slug":"lakatos-albert","status":"publish","type":"product","link":"https:\/\/uj.adatbank.ro\/lexikon\/termek\/lakatos-albert\/","title":{"rendered":"LAKATOS Albert"},"content":{"rendered":"<p>Ny\u00e1r\u00e1dselye, 1915. m\u00e1rc. 18. \u2020\u00a0Wizenka, 1944. j\u00fal. 20.: honv\u00e9d. \u2013 Fodor R\u00e1chel fia. \u2013 A 27\/III. z\u00e1szl\u00f3aljban 9. l\u00f6v\u00e9szsz\u00e1zadban honv\u00e9d. <br \/><strong>Irod.:<\/strong> Berekm\u00e9ri 2015<\/br><\/p>\n","protected":false},"excerpt":{"rendered":"<p>Ny\u00e1r\u00e1dselye, 1915. m\u00e1rc. 18. \u2020\u00a0Wizenka, 1944. j\u00fal. 20.: honv\u00e9d. \u2013 Fodor R\u00e1chel fia. \u2013 A 27\/III. z\u00e1szl\u00f3aljban 9. l\u00f6v\u00e9szsz\u00e1zadban honv\u00e9d. Irod.: Berekm\u00e9ri 2015<\/p>\n","protected":false},"featured_media":0,"comment_status":"open","ping_status":"closed","template":"","meta":[],"product_brand":[],"product_cat":[137],"product_tag":[],"class_list":{"0":"post-13574","1":"product","2":"type-product","3":"status-publish","5":"product_cat-maros-megyei-eletrajzi-lexikon","7":"first","8":"instock","9":"shipping-taxable","10":"product-type-simple"},"_links":{"self":[{"href":"https:\/\/uj.adatbank.ro\/lexikon\/wp-json\/wp\/v2\/product\/13574","targetHints":{"allow":["GET"]}}],"collection":[{"href":"https:\/\/uj.adatbank.ro\/lexikon\/wp-json\/wp\/v2\/product"}],"about":[{"href":"https:\/\/uj.adatbank.ro\/lexikon\/wp-json\/wp\/v2\/types\/product"}],"replies":[{"embeddable":true,"href":"https:\/\/uj.adatbank.ro\/lexikon\/wp-json\/wp\/v2\/comments?post=13574"}],"wp:attachment":[{"href":"https:\/\/uj.adatbank.ro\/lexikon\/wp-json\/wp\/v2\/media?parent=13574"}],"wp:term":[{"taxonomy":"product_brand","embeddable":true,"href":"https:\/\/uj.adatbank.ro\/lexikon\/wp-json\/wp\/v2\/product_brand?post=13574"},{"taxonomy":"product_cat","embeddable":true,"href":"https:\/\/uj.adatbank.ro\/lexikon\/wp-json\/wp\/v2\/product_cat?post=13574"},{"taxonomy":"product_tag","embeddable":true,"href":"https:\/\/uj.adatbank.ro\/lexikon\/wp-json\/wp\/v2\/product_tag?post=13574"}],"curies":[{"name":"wp","href":"https:\/\/api.w.org\/{rel}","templated":true}]}}