{"id":13575,"date":"2025-07-15T12:33:13","date_gmt":"2025-07-15T10:33:13","guid":{"rendered":"https:\/\/uj.adatbank.ro\/lexikon\/termek\/lakatos-andor\/"},"modified":"2025-07-15T12:33:13","modified_gmt":"2025-07-15T10:33:13","slug":"lakatos-andor","status":"publish","type":"product","link":"https:\/\/uj.adatbank.ro\/lexikon\/termek\/lakatos-andor\/","title":{"rendered":"LAKATOS Andor"},"content":{"rendered":"<p>? \u2020\u00a0?: nyomd\u00e1sz. \u2013 Mv.-en t\u00e1rstulajdonosa volt a Lakatos \u00e9s Szab\u00f3 Nyomda, K\u00f6nyvkeresked\u00e9s \u00e9s K\u00f6nyk\u00f6t\u0151d\u00e9nek (1926). Az Apollo k\u00f6nyvesbolt t\u00e1rstulajdonosa volt, amikor kiv\u00e1lt a c\u00e9gb\u0151l (\u20131926). Tagja volt annak a v\u00e1rosi bizotts\u00e1gnak, amely kivizsg\u00e1lta a v\u00e1ros gazd\u00e1lkod\u00e1s\u00e1t az el\u0151z\u0151 mand\u00e1tum alatt (1926). <br \/><strong>Irod.:<\/strong> Id\u0151t\u00e1r 3; Pan\u0103<\/br><\/p>\n","protected":false},"excerpt":{"rendered":"<p>? \u2020\u00a0?: nyomd\u00e1sz. \u2013 Mv.-en t\u00e1rstulajdonosa volt a Lakatos \u00e9s Szab\u00f3 Nyomda, K\u00f6nyvkeresked\u00e9s \u00e9s K\u00f6nyk\u00f6t\u0151d\u00e9nek (1926). Az Apollo k\u00f6nyvesbolt t\u00e1rstulajdonosa volt, amikor kiv\u00e1lt a c\u00e9gb\u0151l (\u20131926). Tagja volt annak a v\u00e1rosi bizotts\u00e1gnak, amely kivizsg\u00e1lta a v\u00e1ros gazd\u00e1lkod\u00e1s\u00e1t az el\u0151z\u0151 mand\u00e1tum alatt (1926). Irod.: Id\u0151t\u00e1r 3; Pan\u0103<\/p>\n","protected":false},"featured_media":0,"comment_status":"open","ping_status":"closed","template":"","meta":[],"product_brand":[],"product_cat":[137],"product_tag":[],"class_list":{"0":"post-13575","1":"product","2":"type-product","3":"status-publish","5":"product_cat-maros-megyei-eletrajzi-lexikon","7":"first","8":"instock","9":"shipping-taxable","10":"product-type-simple"},"_links":{"self":[{"href":"https:\/\/uj.adatbank.ro\/lexikon\/wp-json\/wp\/v2\/product\/13575","targetHints":{"allow":["GET"]}}],"collection":[{"href":"https:\/\/uj.adatbank.ro\/lexikon\/wp-json\/wp\/v2\/product"}],"about":[{"href":"https:\/\/uj.adatbank.ro\/lexikon\/wp-json\/wp\/v2\/types\/product"}],"replies":[{"embeddable":true,"href":"https:\/\/uj.adatbank.ro\/lexikon\/wp-json\/wp\/v2\/comments?post=13575"}],"wp:attachment":[{"href":"https:\/\/uj.adatbank.ro\/lexikon\/wp-json\/wp\/v2\/media?parent=13575"}],"wp:term":[{"taxonomy":"product_brand","embeddable":true,"href":"https:\/\/uj.adatbank.ro\/lexikon\/wp-json\/wp\/v2\/product_brand?post=13575"},{"taxonomy":"product_cat","embeddable":true,"href":"https:\/\/uj.adatbank.ro\/lexikon\/wp-json\/wp\/v2\/product_cat?post=13575"},{"taxonomy":"product_tag","embeddable":true,"href":"https:\/\/uj.adatbank.ro\/lexikon\/wp-json\/wp\/v2\/product_tag?post=13575"}],"curies":[{"name":"wp","href":"https:\/\/api.w.org\/{rel}","templated":true}]}}