{"id":13576,"date":"2025-07-15T12:33:15","date_gmt":"2025-07-15T10:33:15","guid":{"rendered":"https:\/\/uj.adatbank.ro\/lexikon\/termek\/lakatos-anna-mariaveer-anna-maria-lakatos-v-maria\/"},"modified":"2025-07-15T12:33:15","modified_gmt":"2025-07-15T10:33:15","slug":"lakatos-anna-mariaveer-anna-maria-lakatos-v-maria","status":"publish","type":"product","link":"https:\/\/uj.adatbank.ro\/lexikon\/termek\/lakatos-anna-mariaveer-anna-maria-lakatos-v-maria\/","title":{"rendered":"LAKATOS Anna M\u00e1ria,Ve\u00e9r Anna M\u00e1ria, Lakatos V. M\u00e1ria"},"content":{"rendered":"<p>Facs\u00e1d, 1937. szept. 25., \u2020 Gy\u0151r, 2002. nov. 26. Mv.-en temett\u00e9k: orvos. \u2013 V\u00e9gzett a MOGYI-n (1961); doktor\u00e1lt (1966).Gyakornok a MOGYI-n (1960\u201363); D\u00e9sfalv\u00e1n k\u00f6rorvos (1964\u201365); a MOGYI Sz\u00f6vettani Tansz\u00e9k\u00e9n tan\u00e1rseg\u00e9d (1966\u201379); intenz\u00edvter\u00e1pi\u00e1s szakorvos (1974\u2013); a Sejtbiol\u00f3giai Tansz\u00e9k alap\u00edt\u00f3 tagja, el\u0151ad\u00f3tan\u00e1ra (1979\u201390); adjunktus (1990\u201394); \u00f3raad\u00f3 tan\u00e1r a sepsiszentgy\u00f6rgyi Hyperion Egyetemen (1990\u201394); szakorvos a mv.-i Sz\u00fcl\u00e9szeti \u00e9s N\u0151gy\u00f3gy\u00e1szati Klinik\u00e1n (1994\u2013).\u00cdrt egyetemi jegyzeteket \u00e9s 112 tudom\u00e1nyos k\u00f6zlem\u00e9nyt. \u2013 <strong>F. m.:<\/strong> Sejtbiol\u00f3gia: Orvostanhallgat\u00f3k r\u00e9sz\u00e9re. \u2013 Mv. (1984.); Reiki: A gy\u00f3gy\u00edt\u00e1s \u0151si m\u0171v\u00e9szete (Bp., 1998); t\u00e1rssz: Sz\u00f6vettan egyetemi hallgat\u00f3k sz\u00e1m\u00e1ra. Mv. (1981\u20131984); A mv.-i m. nyelv\u0171 orvos\u2013 \u00e9s gy\u00f3gyszer\u00e9szk\u00e9pz\u00e9s 50 \u00e9ve (1995). <br \/><strong>Irod.:<\/strong> EMKK; Genersich; [Nekrol\u00f3g] (N\u00fa., 2002. dec. 6.); P\u00e9ter; RMKK; Tizenk\u00e9t \u00e9v; Todea\u2013F\u00fcl\u00f6p\u2013Avram; Kiss Csekme, P\u00e9terffy, \u00c1, P\u00e9terffy: A: A mv.-i ref. temet\u0151 orvos-s\u00edrjai (Mv, 2017)<\/br><\/p>\n","protected":false},"excerpt":{"rendered":"<p>Facs\u00e1d, 1937. szept. 25., \u2020 Gy\u0151r, 2002. nov. 26. Mv.-en temett\u00e9k: orvos. \u2013 V\u00e9gzett a MOGYI-n (1961); doktor\u00e1lt (1966).Gyakornok a MOGYI-n (1960\u201363); D\u00e9sfalv\u00e1n k\u00f6rorvos (1964\u201365); a MOGYI Sz\u00f6vettani Tansz\u00e9k\u00e9n tan\u00e1rseg\u00e9d (1966\u201379); intenz\u00edvter\u00e1pi\u00e1s szakorvos (1974\u2013); a Sejtbiol\u00f3giai Tansz\u00e9k alap\u00edt\u00f3 tagja, el\u0151ad\u00f3tan\u00e1ra (1979\u201390); adjunktus (1990\u201394); \u00f3raad\u00f3 tan\u00e1r a sepsiszentgy\u00f6rgyi Hyperion Egyetemen (1990\u201394); szakorvos a mv.-i Sz\u00fcl\u00e9szeti \u00e9s [&hellip;]<\/p>\n","protected":false},"featured_media":0,"comment_status":"open","ping_status":"closed","template":"","meta":[],"product_brand":[],"product_cat":[137],"product_tag":[],"class_list":{"0":"post-13576","1":"product","2":"type-product","3":"status-publish","5":"product_cat-maros-megyei-eletrajzi-lexikon","7":"first","8":"instock","9":"shipping-taxable","10":"product-type-simple"},"_links":{"self":[{"href":"https:\/\/uj.adatbank.ro\/lexikon\/wp-json\/wp\/v2\/product\/13576","targetHints":{"allow":["GET"]}}],"collection":[{"href":"https:\/\/uj.adatbank.ro\/lexikon\/wp-json\/wp\/v2\/product"}],"about":[{"href":"https:\/\/uj.adatbank.ro\/lexikon\/wp-json\/wp\/v2\/types\/product"}],"replies":[{"embeddable":true,"href":"https:\/\/uj.adatbank.ro\/lexikon\/wp-json\/wp\/v2\/comments?post=13576"}],"wp:attachment":[{"href":"https:\/\/uj.adatbank.ro\/lexikon\/wp-json\/wp\/v2\/media?parent=13576"}],"wp:term":[{"taxonomy":"product_brand","embeddable":true,"href":"https:\/\/uj.adatbank.ro\/lexikon\/wp-json\/wp\/v2\/product_brand?post=13576"},{"taxonomy":"product_cat","embeddable":true,"href":"https:\/\/uj.adatbank.ro\/lexikon\/wp-json\/wp\/v2\/product_cat?post=13576"},{"taxonomy":"product_tag","embeddable":true,"href":"https:\/\/uj.adatbank.ro\/lexikon\/wp-json\/wp\/v2\/product_tag?post=13576"}],"curies":[{"name":"wp","href":"https:\/\/api.w.org\/{rel}","templated":true}]}}