{"id":13580,"date":"2025-07-15T12:33:24","date_gmt":"2025-07-15T10:33:24","guid":{"rendered":"https:\/\/uj.adatbank.ro\/lexikon\/termek\/lakatos-gaspar\/"},"modified":"2025-07-15T12:33:24","modified_gmt":"2025-07-15T10:33:24","slug":"lakatos-gaspar","status":"publish","type":"product","link":"https:\/\/uj.adatbank.ro\/lexikon\/termek\/lakatos-gaspar\/","title":{"rendered":"LAKATOS G\u00e1sp\u00e1r"},"content":{"rendered":"<p>Sz\u00e9kelyp\u00e1lfalva, 1885. j\u00fan. 26. \u2020\u00a01934. febr. 7.: r. k. pap. \u2013 Sz\u00e9kelyudvarhelyen, Gyulafeh\u00e9rv\u00e1ron tanult. Papp\u00e1 szentelt\u00e9k (1907. nov. 5.). K\u00e1pl\u00e1n Cs\u00edkszentdomokoson, Tusn\u00e1don, Zetelak\u00e1n. Pl\u00e9b\u00e1nos volt Et\u00e9den (1912), Bordoson (1918\u201326), L\u00f6v\u00e9t\u00e9n (11926\u2013). <br \/><strong>Irod.:<\/strong> Ferenczi S\u00e1ndor 2009; Maros-k\u00fck\u00fcll\u0151i f\u0151esp.<\/br><\/p>\n","protected":false},"excerpt":{"rendered":"<p>Sz\u00e9kelyp\u00e1lfalva, 1885. j\u00fan. 26. \u2020\u00a01934. febr. 7.: r. k. pap. \u2013 Sz\u00e9kelyudvarhelyen, Gyulafeh\u00e9rv\u00e1ron tanult. Papp\u00e1 szentelt\u00e9k (1907. nov. 5.). K\u00e1pl\u00e1n Cs\u00edkszentdomokoson, Tusn\u00e1don, Zetelak\u00e1n. Pl\u00e9b\u00e1nos volt Et\u00e9den (1912), Bordoson (1918\u201326), L\u00f6v\u00e9t\u00e9n (11926\u2013). Irod.: Ferenczi S\u00e1ndor 2009; Maros-k\u00fck\u00fcll\u0151i f\u0151esp.<\/p>\n","protected":false},"featured_media":0,"comment_status":"open","ping_status":"closed","template":"","meta":[],"product_brand":[],"product_cat":[137],"product_tag":[],"class_list":{"0":"post-13580","1":"product","2":"type-product","3":"status-publish","5":"product_cat-maros-megyei-eletrajzi-lexikon","7":"first","8":"instock","9":"shipping-taxable","10":"product-type-simple"},"_links":{"self":[{"href":"https:\/\/uj.adatbank.ro\/lexikon\/wp-json\/wp\/v2\/product\/13580","targetHints":{"allow":["GET"]}}],"collection":[{"href":"https:\/\/uj.adatbank.ro\/lexikon\/wp-json\/wp\/v2\/product"}],"about":[{"href":"https:\/\/uj.adatbank.ro\/lexikon\/wp-json\/wp\/v2\/types\/product"}],"replies":[{"embeddable":true,"href":"https:\/\/uj.adatbank.ro\/lexikon\/wp-json\/wp\/v2\/comments?post=13580"}],"wp:attachment":[{"href":"https:\/\/uj.adatbank.ro\/lexikon\/wp-json\/wp\/v2\/media?parent=13580"}],"wp:term":[{"taxonomy":"product_brand","embeddable":true,"href":"https:\/\/uj.adatbank.ro\/lexikon\/wp-json\/wp\/v2\/product_brand?post=13580"},{"taxonomy":"product_cat","embeddable":true,"href":"https:\/\/uj.adatbank.ro\/lexikon\/wp-json\/wp\/v2\/product_cat?post=13580"},{"taxonomy":"product_tag","embeddable":true,"href":"https:\/\/uj.adatbank.ro\/lexikon\/wp-json\/wp\/v2\/product_tag?post=13580"}],"curies":[{"name":"wp","href":"https:\/\/api.w.org\/{rel}","templated":true}]}}