{"id":13583,"date":"2025-07-15T12:33:30","date_gmt":"2025-07-15T10:33:30","guid":{"rendered":"https:\/\/uj.adatbank.ro\/lexikon\/termek\/lakatos-janos\/"},"modified":"2025-07-15T12:33:30","modified_gmt":"2025-07-15T10:33:30","slug":"lakatos-janos","status":"publish","type":"product","link":"https:\/\/uj.adatbank.ro\/lexikon\/termek\/lakatos-janos\/","title":{"rendered":"LAKATOS J\u00e1nos"},"content":{"rendered":"<p>L\u00e1z\u00e1rfalva,1881. j\u00fal. 5., \u2020\u00a0L\u00e1z\u00e1rfalva, 1958. szept.15.: r. k. pap. \u2013 Cs\u00edksomly\u00f3n \u00e9s B\u00e9csben a P\u00e1zm\u00e1neumban (1900\u201303) tanult. Papp\u00e1 szentelt\u00e9k Gyulafeh\u00e9rv\u00e1ron (1903. dec. 19.). K\u00e1pl\u00e1n volt Kolozson, Bereckben, Gyergy\u00f3csomsfalv\u00e1n, Cs\u00e1kiborg\u00f3n, Lelkip\u00e1sztor V\u00e1g\u00e1son (1910), Hossz\u00faasz\u00f3n (1913), Illyefalv\u00e1n (1921), Ny\u00e1r\u00e1dk\u00f6szv\u00e9nyesen (1930\u201338), L\u00e1z\u00e1rfalv\u00e1n (1938\u2013). <br \/><strong>Irod.:<\/strong> Ferenczi S\u00e1ndor 2009; Maros megyei m. t\u00f6rt.5.<\/br><\/p>\n","protected":false},"excerpt":{"rendered":"<p>L\u00e1z\u00e1rfalva,1881. j\u00fal. 5., \u2020\u00a0L\u00e1z\u00e1rfalva, 1958. szept.15.: r. k. pap. \u2013 Cs\u00edksomly\u00f3n \u00e9s B\u00e9csben a P\u00e1zm\u00e1neumban (1900\u201303) tanult. Papp\u00e1 szentelt\u00e9k Gyulafeh\u00e9rv\u00e1ron (1903. dec. 19.). K\u00e1pl\u00e1n volt Kolozson, Bereckben, Gyergy\u00f3csomsfalv\u00e1n, Cs\u00e1kiborg\u00f3n, Lelkip\u00e1sztor V\u00e1g\u00e1son (1910), Hossz\u00faasz\u00f3n (1913), Illyefalv\u00e1n (1921), Ny\u00e1r\u00e1dk\u00f6szv\u00e9nyesen (1930\u201338), L\u00e1z\u00e1rfalv\u00e1n (1938\u2013). Irod.: Ferenczi S\u00e1ndor 2009; Maros megyei m. t\u00f6rt.5.<\/p>\n","protected":false},"featured_media":0,"comment_status":"open","ping_status":"closed","template":"","meta":[],"product_brand":[],"product_cat":[137],"product_tag":[],"class_list":{"0":"post-13583","1":"product","2":"type-product","3":"status-publish","5":"product_cat-maros-megyei-eletrajzi-lexikon","7":"first","8":"instock","9":"shipping-taxable","10":"product-type-simple"},"_links":{"self":[{"href":"https:\/\/uj.adatbank.ro\/lexikon\/wp-json\/wp\/v2\/product\/13583","targetHints":{"allow":["GET"]}}],"collection":[{"href":"https:\/\/uj.adatbank.ro\/lexikon\/wp-json\/wp\/v2\/product"}],"about":[{"href":"https:\/\/uj.adatbank.ro\/lexikon\/wp-json\/wp\/v2\/types\/product"}],"replies":[{"embeddable":true,"href":"https:\/\/uj.adatbank.ro\/lexikon\/wp-json\/wp\/v2\/comments?post=13583"}],"wp:attachment":[{"href":"https:\/\/uj.adatbank.ro\/lexikon\/wp-json\/wp\/v2\/media?parent=13583"}],"wp:term":[{"taxonomy":"product_brand","embeddable":true,"href":"https:\/\/uj.adatbank.ro\/lexikon\/wp-json\/wp\/v2\/product_brand?post=13583"},{"taxonomy":"product_cat","embeddable":true,"href":"https:\/\/uj.adatbank.ro\/lexikon\/wp-json\/wp\/v2\/product_cat?post=13583"},{"taxonomy":"product_tag","embeddable":true,"href":"https:\/\/uj.adatbank.ro\/lexikon\/wp-json\/wp\/v2\/product_tag?post=13583"}],"curies":[{"name":"wp","href":"https:\/\/api.w.org\/{rel}","templated":true}]}}