{"id":13584,"date":"2025-07-15T12:33:34","date_gmt":"2025-07-15T10:33:34","guid":{"rendered":"https:\/\/uj.adatbank.ro\/lexikon\/termek\/lakatos-janos-2\/"},"modified":"2025-07-15T12:33:34","modified_gmt":"2025-07-15T10:33:34","slug":"lakatos-janos-2","status":"publish","type":"product","link":"https:\/\/uj.adatbank.ro\/lexikon\/termek\/lakatos-janos-2\/","title":{"rendered":"LAKATOS J\u00e1nos"},"content":{"rendered":"<p>Bonyha,1932.\u00e1pr.25. \u2020 ?: gazd\u00e1lkod\u00f3. \u2013 D\u00e9zsi Ferenccel egy\u00fctt tart\u00f3ztatt\u00e1k le (1961.febr.23.), a v\u00e1d: rendszerrel szembeni ellens\u00e9ges tartalm\u00fa besz\u00e9lget\u00e9sek. Hat \u00e9vre \u00edt\u00e9lt\u00e9k, Periprav\u00e1t\u00f3l szabadult (1962 m\u00e1rc.). Munkahelyei: a vas\u00fat\u00e1llom\u00e1s Dics\u0151szentm\u00e1rtonban, az \u00fcveggy\u00e1rban (1964\u20131972), a Vegyipari kombin\u00e1tban (1972\u20131982). Szatm\u00e1r megy\u00e9ben Omb\u00f3don lakott. <br \/><strong>Irod.:<\/strong> 1956 Erd\u00e9lyben<\/br><\/p>\n","protected":false},"excerpt":{"rendered":"<p>Bonyha,1932.\u00e1pr.25. \u2020 ?: gazd\u00e1lkod\u00f3. \u2013 D\u00e9zsi Ferenccel egy\u00fctt tart\u00f3ztatt\u00e1k le (1961.febr.23.), a v\u00e1d: rendszerrel szembeni ellens\u00e9ges tartalm\u00fa besz\u00e9lget\u00e9sek. Hat \u00e9vre \u00edt\u00e9lt\u00e9k, Periprav\u00e1t\u00f3l szabadult (1962 m\u00e1rc.). Munkahelyei: a vas\u00fat\u00e1llom\u00e1s Dics\u0151szentm\u00e1rtonban, az \u00fcveggy\u00e1rban (1964\u20131972), a Vegyipari kombin\u00e1tban (1972\u20131982). Szatm\u00e1r megy\u00e9ben Omb\u00f3don lakott. Irod.: 1956 Erd\u00e9lyben<\/p>\n","protected":false},"featured_media":0,"comment_status":"open","ping_status":"closed","template":"","meta":[],"product_brand":[],"product_cat":[137],"product_tag":[],"class_list":{"0":"post-13584","1":"product","2":"type-product","3":"status-publish","5":"product_cat-maros-megyei-eletrajzi-lexikon","7":"first","8":"instock","9":"shipping-taxable","10":"product-type-simple"},"_links":{"self":[{"href":"https:\/\/uj.adatbank.ro\/lexikon\/wp-json\/wp\/v2\/product\/13584","targetHints":{"allow":["GET"]}}],"collection":[{"href":"https:\/\/uj.adatbank.ro\/lexikon\/wp-json\/wp\/v2\/product"}],"about":[{"href":"https:\/\/uj.adatbank.ro\/lexikon\/wp-json\/wp\/v2\/types\/product"}],"replies":[{"embeddable":true,"href":"https:\/\/uj.adatbank.ro\/lexikon\/wp-json\/wp\/v2\/comments?post=13584"}],"wp:attachment":[{"href":"https:\/\/uj.adatbank.ro\/lexikon\/wp-json\/wp\/v2\/media?parent=13584"}],"wp:term":[{"taxonomy":"product_brand","embeddable":true,"href":"https:\/\/uj.adatbank.ro\/lexikon\/wp-json\/wp\/v2\/product_brand?post=13584"},{"taxonomy":"product_cat","embeddable":true,"href":"https:\/\/uj.adatbank.ro\/lexikon\/wp-json\/wp\/v2\/product_cat?post=13584"},{"taxonomy":"product_tag","embeddable":true,"href":"https:\/\/uj.adatbank.ro\/lexikon\/wp-json\/wp\/v2\/product_tag?post=13584"}],"curies":[{"name":"wp","href":"https:\/\/api.w.org\/{rel}","templated":true}]}}