{"id":13585,"date":"2025-07-15T12:33:35","date_gmt":"2025-07-15T10:33:35","guid":{"rendered":"https:\/\/uj.adatbank.ro\/lexikon\/termek\/lakatos-janos-%c2%a7\/"},"modified":"2025-07-15T12:33:35","modified_gmt":"2025-07-15T10:33:35","slug":"lakatos-janos-%c2%a7","status":"publish","type":"product","link":"https:\/\/uj.adatbank.ro\/lexikon\/termek\/lakatos-janos-%c2%a7\/","title":{"rendered":"LAKATOS J\u00e1nos, \u00a7"},"content":{"rendered":"<p>? \u2020 ?: sportol\u00f3. \u2013 Az MSE tagja, a ker\u00e9kp\u00e1rverseny gy\u0151ztesei k\u00f6z\u00f6tt volt (1902. j\u00fan. 21.). <br \/><strong>Irod.:<\/strong> Illy\u00e9s<\/br><\/p>\n","protected":false},"excerpt":{"rendered":"<p>? \u2020 ?: sportol\u00f3. \u2013 Az MSE tagja, a ker\u00e9kp\u00e1rverseny gy\u0151ztesei k\u00f6z\u00f6tt volt (1902. j\u00fan. 21.). Irod.: Illy\u00e9s<\/p>\n","protected":false},"featured_media":0,"comment_status":"open","ping_status":"closed","template":"","meta":[],"product_brand":[],"product_cat":[137],"product_tag":[],"class_list":{"0":"post-13585","1":"product","2":"type-product","3":"status-publish","5":"product_cat-maros-megyei-eletrajzi-lexikon","7":"first","8":"instock","9":"shipping-taxable","10":"product-type-simple"},"_links":{"self":[{"href":"https:\/\/uj.adatbank.ro\/lexikon\/wp-json\/wp\/v2\/product\/13585","targetHints":{"allow":["GET"]}}],"collection":[{"href":"https:\/\/uj.adatbank.ro\/lexikon\/wp-json\/wp\/v2\/product"}],"about":[{"href":"https:\/\/uj.adatbank.ro\/lexikon\/wp-json\/wp\/v2\/types\/product"}],"replies":[{"embeddable":true,"href":"https:\/\/uj.adatbank.ro\/lexikon\/wp-json\/wp\/v2\/comments?post=13585"}],"wp:attachment":[{"href":"https:\/\/uj.adatbank.ro\/lexikon\/wp-json\/wp\/v2\/media?parent=13585"}],"wp:term":[{"taxonomy":"product_brand","embeddable":true,"href":"https:\/\/uj.adatbank.ro\/lexikon\/wp-json\/wp\/v2\/product_brand?post=13585"},{"taxonomy":"product_cat","embeddable":true,"href":"https:\/\/uj.adatbank.ro\/lexikon\/wp-json\/wp\/v2\/product_cat?post=13585"},{"taxonomy":"product_tag","embeddable":true,"href":"https:\/\/uj.adatbank.ro\/lexikon\/wp-json\/wp\/v2\/product_tag?post=13585"}],"curies":[{"name":"wp","href":"https:\/\/api.w.org\/{rel}","templated":true}]}}