{"id":13587,"date":"2025-07-15T12:33:39","date_gmt":"2025-07-15T10:33:39","guid":{"rendered":"https:\/\/uj.adatbank.ro\/lexikon\/termek\/lakatos-mihaly\/"},"modified":"2025-07-15T12:33:39","modified_gmt":"2025-07-15T10:33:39","slug":"lakatos-mihaly","status":"publish","type":"product","link":"https:\/\/uj.adatbank.ro\/lexikon\/termek\/lakatos-mihaly\/","title":{"rendered":"LAKATOS Mih\u00e1ly"},"content":{"rendered":"<p>1853.k.,\u2020\u00a0Dics\u0151szentm\u00e1rton, 1905. \u00e1pr. 10.: tan\u00e1r. \u2013 Dics\u0151szentm\u00e1rtonba Cs\u00edkszered\u00e1b\u00f3l helyezt\u00e9k \u00e1t az ottani polg\u00e1ri iskola megsz\u00fcntet\u00e9se k\u00f6vetkezt\u00e9ben (1904), de csak n\u00e9h\u00e1ny h\u00e9tig tan\u00edtott mert megbetegedett. Cikkei az: Ellenz\u00e9k, a Cs\u00edkv\u00e1rmegyei Gazd. F. N\u00e9piskola \u00c9rtes\u00edt\u0151j\u00e9ben. \u2013 <strong>F. m.:<\/strong> A sz\u00f6vetkezetekr\u0151l, k\u00fcl\u00f6n\u00f6s tekintettel a hitelsz\u00f6vetkezetekre (Cs\u00edkszereda, 1900). <br \/><strong>Irod.:<\/strong> Guly\u00e1s<\/br><\/p>\n","protected":false},"excerpt":{"rendered":"<p>1853.k.,\u2020\u00a0Dics\u0151szentm\u00e1rton, 1905. \u00e1pr. 10.: tan\u00e1r. \u2013 Dics\u0151szentm\u00e1rtonba Cs\u00edkszered\u00e1b\u00f3l helyezt\u00e9k \u00e1t az ottani polg\u00e1ri iskola megsz\u00fcntet\u00e9se k\u00f6vetkezt\u00e9ben (1904), de csak n\u00e9h\u00e1ny h\u00e9tig tan\u00edtott mert megbetegedett. Cikkei az: Ellenz\u00e9k, a Cs\u00edkv\u00e1rmegyei Gazd. F. N\u00e9piskola \u00c9rtes\u00edt\u0151j\u00e9ben. \u2013 F. m.: A sz\u00f6vetkezetekr\u0151l, k\u00fcl\u00f6n\u00f6s tekintettel a hitelsz\u00f6vetkezetekre (Cs\u00edkszereda, 1900). Irod.: Guly\u00e1s<\/p>\n","protected":false},"featured_media":0,"comment_status":"open","ping_status":"closed","template":"","meta":[],"product_brand":[],"product_cat":[137],"product_tag":[],"class_list":{"0":"post-13587","1":"product","2":"type-product","3":"status-publish","5":"product_cat-maros-megyei-eletrajzi-lexikon","7":"first","8":"instock","9":"shipping-taxable","10":"product-type-simple"},"_links":{"self":[{"href":"https:\/\/uj.adatbank.ro\/lexikon\/wp-json\/wp\/v2\/product\/13587","targetHints":{"allow":["GET"]}}],"collection":[{"href":"https:\/\/uj.adatbank.ro\/lexikon\/wp-json\/wp\/v2\/product"}],"about":[{"href":"https:\/\/uj.adatbank.ro\/lexikon\/wp-json\/wp\/v2\/types\/product"}],"replies":[{"embeddable":true,"href":"https:\/\/uj.adatbank.ro\/lexikon\/wp-json\/wp\/v2\/comments?post=13587"}],"wp:attachment":[{"href":"https:\/\/uj.adatbank.ro\/lexikon\/wp-json\/wp\/v2\/media?parent=13587"}],"wp:term":[{"taxonomy":"product_brand","embeddable":true,"href":"https:\/\/uj.adatbank.ro\/lexikon\/wp-json\/wp\/v2\/product_brand?post=13587"},{"taxonomy":"product_cat","embeddable":true,"href":"https:\/\/uj.adatbank.ro\/lexikon\/wp-json\/wp\/v2\/product_cat?post=13587"},{"taxonomy":"product_tag","embeddable":true,"href":"https:\/\/uj.adatbank.ro\/lexikon\/wp-json\/wp\/v2\/product_tag?post=13587"}],"curies":[{"name":"wp","href":"https:\/\/api.w.org\/{rel}","templated":true}]}}