{"id":13588,"date":"2025-07-15T12:33:42","date_gmt":"2025-07-15T10:33:42","guid":{"rendered":"https:\/\/uj.adatbank.ro\/lexikon\/termek\/lakatos-otto\/"},"modified":"2025-07-15T12:33:42","modified_gmt":"2025-07-15T10:33:42","slug":"lakatos-otto","status":"publish","type":"product","link":"https:\/\/uj.adatbank.ro\/lexikon\/termek\/lakatos-otto\/","title":{"rendered":"LAKATOS Ott\u00f3"},"content":{"rendered":"<p>Mv., 1933.\u2020 Mv.,2020: orvos. \u2013 Feles\u00e9ge Ve\u00e9r M\u00e1ria. \u2013 Mv.-en az Eg\u00e9szs\u00e9g\u00fcgyi K\u00f6z\u00e9piskol\u00e1ban tanult \u00e9s \u00e9retts\u00e9gizett (1952) tartal\u00e9kos tisztiiskol\u00e1t Beszterc\u00e9n v\u00e9geztt. (1952\u201355), majd a MOGYI \u2013t fejezte be (1961).Gyakornok az anat\u00f3mia katedr\u00e1n (1967\u2013), tan\u00e1rseg\u00e9d (1987\u2013), docens. Urol\u00f3gus alorvos, szakorvos (1977\u2013), majd f\u0151orvos. Kutat\u00e1si tudom\u00e1nyos munk\u00e1i a m\u00e1j cirr\u00f3zisban betegek gy\u00f3gy\u00edt\u00e1sa, a doktori \u00e9rtekez\u00e9se is ez (1981). Tudom\u00e1nyos dolgozatainak sz\u00e1ma 170 \u00e9s t\u00f6bb mint 100 a fell\u00e9p\u00e9se tudom\u00e1nyos el\u0151ad\u00e1sokon. <br \/><strong>Irod.:<\/strong>Kiss Cs. M 4.<\/br><\/p>\n","protected":false},"excerpt":{"rendered":"<p>Mv., 1933.\u2020 Mv.,2020: orvos. \u2013 Feles\u00e9ge Ve\u00e9r M\u00e1ria. \u2013 Mv.-en az Eg\u00e9szs\u00e9g\u00fcgyi K\u00f6z\u00e9piskol\u00e1ban tanult \u00e9s \u00e9retts\u00e9gizett (1952) tartal\u00e9kos tisztiiskol\u00e1t Beszterc\u00e9n v\u00e9geztt. (1952\u201355), majd a MOGYI \u2013t fejezte be (1961).Gyakornok az anat\u00f3mia katedr\u00e1n (1967\u2013), tan\u00e1rseg\u00e9d (1987\u2013), docens. Urol\u00f3gus alorvos, szakorvos (1977\u2013), majd f\u0151orvos. Kutat\u00e1si tudom\u00e1nyos munk\u00e1i a m\u00e1j cirr\u00f3zisban betegek gy\u00f3gy\u00edt\u00e1sa, a doktori \u00e9rtekez\u00e9se is ez [&hellip;]<\/p>\n","protected":false},"featured_media":0,"comment_status":"open","ping_status":"closed","template":"","meta":[],"product_brand":[],"product_cat":[137],"product_tag":[],"class_list":{"0":"post-13588","1":"product","2":"type-product","3":"status-publish","5":"product_cat-maros-megyei-eletrajzi-lexikon","7":"first","8":"instock","9":"shipping-taxable","10":"product-type-simple"},"_links":{"self":[{"href":"https:\/\/uj.adatbank.ro\/lexikon\/wp-json\/wp\/v2\/product\/13588","targetHints":{"allow":["GET"]}}],"collection":[{"href":"https:\/\/uj.adatbank.ro\/lexikon\/wp-json\/wp\/v2\/product"}],"about":[{"href":"https:\/\/uj.adatbank.ro\/lexikon\/wp-json\/wp\/v2\/types\/product"}],"replies":[{"embeddable":true,"href":"https:\/\/uj.adatbank.ro\/lexikon\/wp-json\/wp\/v2\/comments?post=13588"}],"wp:attachment":[{"href":"https:\/\/uj.adatbank.ro\/lexikon\/wp-json\/wp\/v2\/media?parent=13588"}],"wp:term":[{"taxonomy":"product_brand","embeddable":true,"href":"https:\/\/uj.adatbank.ro\/lexikon\/wp-json\/wp\/v2\/product_brand?post=13588"},{"taxonomy":"product_cat","embeddable":true,"href":"https:\/\/uj.adatbank.ro\/lexikon\/wp-json\/wp\/v2\/product_cat?post=13588"},{"taxonomy":"product_tag","embeddable":true,"href":"https:\/\/uj.adatbank.ro\/lexikon\/wp-json\/wp\/v2\/product_tag?post=13588"}],"curies":[{"name":"wp","href":"https:\/\/api.w.org\/{rel}","templated":true}]}}