{"id":13589,"date":"2025-07-15T12:33:43","date_gmt":"2025-07-15T10:33:43","guid":{"rendered":"https:\/\/uj.adatbank.ro\/lexikon\/termek\/lakatos-samuel\/"},"modified":"2025-07-15T12:33:43","modified_gmt":"2025-07-15T10:33:43","slug":"lakatos-samuel","status":"publish","type":"product","link":"https:\/\/uj.adatbank.ro\/lexikon\/termek\/lakatos-samuel\/","title":{"rendered":"LAKATOS S\u00e1muel"},"content":{"rendered":"<p>Ny\u00e1r\u00e1dselye, 1843. j\u00fal. 4., \u2020 Mv., 1915. aug. 25.: tan\u00e1r. \u2013 Feles\u00e9ge: Proh\u00e1szka Jozefin. \u2013 Tanult Makfalv\u00e1n a \u201eWessel\u00e9nyi Mikl\u00f3s \u00e1ltal alap\u00edtott sz\u00e9kely nemzeti iskol\u00e1ban\u201d(1856\u201357), majd a mv.-i Ref. Koll.-ban (1858\u201367), ahol \u00e9retts\u00e9gizett \u00e9s k\u00e9t \u00e9vig jogot hallgatott, majd teol\u00f3gi\u00e1t v\u00e9gzett Nagyenyeden (1868\u201369). Mv.-en a ref. koll.-ban oszt\u00e1lytan\u00edt\u00f3 (1870\u201373). Lelk\u00e9szi vizsg\u00e1t tett Nagyenyeden (1871).Az utrechti egyetemen folytatta tanulm\u00e1nyait teol\u00f3gia, classica filologiai \u00e9s literaturai el\u0151ad\u00e1sokat hallgatott (1873. m\u00e1rc.\u201375. m\u00e1j.). A mv.-i Ref. Koll.-ban oszt\u00e1lytan\u00edt\u00f3, seg\u00e9dtan\u00e1r (1876\u201385), tan\u00e1ri k\u00e9pes\u00edt\u00e9st szerzett Kv.-on (1882), \u00e9s rendes tan\u00e1rk\u00e9nt m\u0171k\u00f6d\u00f6tt: m. nyelv \u00e9s irodalom, t\u00f6rt\u00e9nelem valamint latint tan\u00edtott (1885\u20131909). Vezet\u0151je volt a Koll. Ifj\u00fas\u00e1gi \u00d6nk\u00e9pz\u0151 K\u00f6r\u00e9nek (1877\u2013); aleln\u00f6ke, a MT \u00c1ltal\u00e1nos Tan\u00edt\u00f3i Test\u00fcletnek (1877\u201386), majd eln\u00f6ke (1787\u2013). \u00e9s szerkesztette A Maros-tordamegyei \u00c1ltal\u00e1nos Tan\u00edt\u00f3test\u00fclet \u00c9vk\u00f6nyv\u00e9t (1886\u201396); a KZST-nak m\u00e1sodtitk\u00e1ra (1881\u2013); igazgat\u00f3ja a koll.-i elemi iskol\u00e1nak (1890\u2013) \u00e9s r\u00f6vid ideig a gimn.-nak. Az EMKE mv.-i v\u00e1rosi v\u00e1lasztm\u00e1ny\u00e1nak alap\u00edt\u00f3tagja, egyi aleln\u00f6ke, jegyz\u0151je (1885); az MTE alap\u00edt\u00f3tagja (1884); a helyi ev. ref. egyh. tan\u00e1cs, egyh. k\u00e9pvisel\u0151 test\u00fclet \u00e9s egyh. iskolasz\u00e9k tagja; a Stef\u00e1nia Kisded\u00f3v\u00f3 Egylet v\u00e1l. tagja; a mv.i Dalk\u00f6r v\u00e1l. tagja; a Mv.-i Kaszin\u00f3 k\u00f6nyvt\u00e1rosa (1895- 1902), titk\u00e1ra volt. K\u00e9ziratban maradt \u00f6n\u00e9let\u00edr\u00e1sa Jegyzetek \u00e9letem, tanulm\u00e1nyaim \u00e9s tapasztalataimr\u00f3l (1887\u201389), melyben Tolnai Lajos mv.-i \u00e9veir\u0151l is besz\u00e1molt. Ford\u00edtott angolb\u00f3l, hollandb\u00f3l. Tanulm\u00e1nyai, <strong>Cikkei:<\/strong> az Erd\u00e9ly, Erd\u00e9lyi Protest\u00e1ns K\u00f6zl\u00f6ny, Erd\u00e9lyi H\u00edrad\u00f3, Erd\u00e9lyi Figyel\u0151, Koszor\u00fa, Marosvid\u00e9k, Maros-V\u00e1s\u00e1rhely, M. Nyelv\u0151r, a Mv.-i Koll. \u00c9rtes\u00edt\u0151je, Marostordamegyei \u00c1lt. Tan. Test. \u00c9vk\u00f6nyve, M. Filoz\u00f3fiai Szemle, Mv.-i f\u00fczetek, Erd\u00e9lyi Protest\u00e1ns Lap-ban. \u2013 <strong>F. m.:<\/strong> \u00d6tven \u00e9v a mv.-i Casin\u00f3 \u00e9let\u00e9b\u0151l (Mv., 1886); A Sz\u00e9kelyf\u0151ld \u00e9s J\u00f3kai (Mv., 1893); Bihari S\u00e1ndor ref. koll.-i tan\u00e1r eml\u00e9kezete (Mv., 1908), <strong>antol\u00f3g.:<\/strong> A mv.-i Casino J\u00f3kai \u00fcnnep\u00e9lye (Mv., 1894); Az evang\u00e9lim szerint reform\u00e1lt erd\u00e9lyr\u00e9szi egyh\u00e1zker\u00fclet f\u0151-k\u00f6z\u00e9p- \u00e9s elemi oskol\u00e1inak \u00e1llapotrajza (Kv., 1896); Bolyai J\u00e1nos eml\u00e9kezete (Mv., 1903). <br \/><strong>Irod.:<\/strong> Bi\u00e1s Istv\u00e1n, Csekme; Eml\u00e9kk\u00f6nyv, EMKE: szervezked\u0151 k\u00f6zgy\u0171l\u00e9s (Kv., 1886); Olosz Katalin: Tolnai Lajos portr\u00e9ja\u2026= Eml\u00e9kk. Szab\u00f3 Mikl\u00f3s; F\u00fcl\u00f6p\u2013Ferencz; Guly\u00e1s; Gy\u00e1szjelent\u0151; Id\u0151t\u00e1r 1; Kelemen Lajos; Koncz; Mv. t\u00f6rt. 2.; Olosz Katalin: Tolnai Lajos portr\u00e9ja egy kort\u00e1rs mv.-i tan\u00e1r eml\u00e9kirat\u00e1ban  =  Eml\u00e9kk. Szab\u00f3 Mikl\u00f3s; Par\u00e1di; Rugonfalvi Kiss; S\u00e1ndor; Sikl\u00f3ssy; Szinnyei; : Vaday<\/br><\/p>\n","protected":false},"excerpt":{"rendered":"<p>Ny\u00e1r\u00e1dselye, 1843. j\u00fal. 4., \u2020 Mv., 1915. aug. 25.: tan\u00e1r. \u2013 Feles\u00e9ge: Proh\u00e1szka Jozefin. \u2013 Tanult Makfalv\u00e1n a \u201eWessel\u00e9nyi Mikl\u00f3s \u00e1ltal alap\u00edtott sz\u00e9kely nemzeti iskol\u00e1ban\u201d(1856\u201357), majd a mv.-i Ref. Koll.-ban (1858\u201367), ahol \u00e9retts\u00e9gizett \u00e9s k\u00e9t \u00e9vig jogot hallgatott, majd teol\u00f3gi\u00e1t v\u00e9gzett Nagyenyeden (1868\u201369). Mv.-en a ref. koll.-ban oszt\u00e1lytan\u00edt\u00f3 (1870\u201373). Lelk\u00e9szi vizsg\u00e1t tett Nagyenyeden (1871).Az utrechti [&hellip;]<\/p>\n","protected":false},"featured_media":0,"comment_status":"open","ping_status":"closed","template":"","meta":[],"product_brand":[],"product_cat":[137],"product_tag":[],"class_list":{"0":"post-13589","1":"product","2":"type-product","3":"status-publish","5":"product_cat-maros-megyei-eletrajzi-lexikon","7":"first","8":"instock","9":"shipping-taxable","10":"product-type-simple"},"_links":{"self":[{"href":"https:\/\/uj.adatbank.ro\/lexikon\/wp-json\/wp\/v2\/product\/13589","targetHints":{"allow":["GET"]}}],"collection":[{"href":"https:\/\/uj.adatbank.ro\/lexikon\/wp-json\/wp\/v2\/product"}],"about":[{"href":"https:\/\/uj.adatbank.ro\/lexikon\/wp-json\/wp\/v2\/types\/product"}],"replies":[{"embeddable":true,"href":"https:\/\/uj.adatbank.ro\/lexikon\/wp-json\/wp\/v2\/comments?post=13589"}],"wp:attachment":[{"href":"https:\/\/uj.adatbank.ro\/lexikon\/wp-json\/wp\/v2\/media?parent=13589"}],"wp:term":[{"taxonomy":"product_brand","embeddable":true,"href":"https:\/\/uj.adatbank.ro\/lexikon\/wp-json\/wp\/v2\/product_brand?post=13589"},{"taxonomy":"product_cat","embeddable":true,"href":"https:\/\/uj.adatbank.ro\/lexikon\/wp-json\/wp\/v2\/product_cat?post=13589"},{"taxonomy":"product_tag","embeddable":true,"href":"https:\/\/uj.adatbank.ro\/lexikon\/wp-json\/wp\/v2\/product_tag?post=13589"}],"curies":[{"name":"wp","href":"https:\/\/api.w.org\/{rel}","templated":true}]}}