{"id":13593,"date":"2025-07-15T12:33:51","date_gmt":"2025-07-15T10:33:51","guid":{"rendered":"https:\/\/uj.adatbank.ro\/lexikon\/termek\/lakatos-veer-maria\/"},"modified":"2025-07-15T12:33:51","modified_gmt":"2025-07-15T10:33:51","slug":"lakatos-veer-maria","status":"publish","type":"product","link":"https:\/\/uj.adatbank.ro\/lexikon\/termek\/lakatos-veer-maria\/","title":{"rendered":"LAKATOS VE\u00c9R M\u00e1ria"},"content":{"rendered":"<p>Facs\u00e1d, 1937. \u2020\u00a0Mv.,2002: orvos. \u2013 Mv.-en v\u00e9gezte a MOGYI orvos kar\u00e1n (1961). D\u00e9sfalv\u00e1n k\u00f6rzeti orvos (1965-ig). A MOGYI Sz\u00f6vettan katedr\u00e1n tan\u00e1rseg\u00e9d (1966\u20131979). A Sejtbiol\u00f3gia tansz\u00e9k egyik alap\u00edt\u00f3 tagja, el\u0151ad\u00f3ja, adjunktus (1990\u201394), intenz\u00edv ter\u00e1pi\u00e1s szakorvos (1974\u2013) \u00e9s a sz\u00fcl\u00e9szeten (1994\u2013). T\u00f6bb mint sz\u00e1z tanulm\u00e1nya jelent meg. <br \/><strong>Irod.:<\/strong> Kiss\u2013P\u00e9terffy\u2013P\u00e9terffy<\/br><\/p>\n","protected":false},"excerpt":{"rendered":"<p>Facs\u00e1d, 1937. \u2020\u00a0Mv.,2002: orvos. \u2013 Mv.-en v\u00e9gezte a MOGYI orvos kar\u00e1n (1961). D\u00e9sfalv\u00e1n k\u00f6rzeti orvos (1965-ig). A MOGYI Sz\u00f6vettan katedr\u00e1n tan\u00e1rseg\u00e9d (1966\u20131979). A Sejtbiol\u00f3gia tansz\u00e9k egyik alap\u00edt\u00f3 tagja, el\u0151ad\u00f3ja, adjunktus (1990\u201394), intenz\u00edv ter\u00e1pi\u00e1s szakorvos (1974\u2013) \u00e9s a sz\u00fcl\u00e9szeten (1994\u2013). T\u00f6bb mint sz\u00e1z tanulm\u00e1nya jelent meg. Irod.: Kiss\u2013P\u00e9terffy\u2013P\u00e9terffy<\/p>\n","protected":false},"featured_media":0,"comment_status":"open","ping_status":"closed","template":"","meta":[],"product_brand":[],"product_cat":[137],"product_tag":[],"class_list":{"0":"post-13593","1":"product","2":"type-product","3":"status-publish","5":"product_cat-maros-megyei-eletrajzi-lexikon","7":"first","8":"instock","9":"shipping-taxable","10":"product-type-simple"},"_links":{"self":[{"href":"https:\/\/uj.adatbank.ro\/lexikon\/wp-json\/wp\/v2\/product\/13593","targetHints":{"allow":["GET"]}}],"collection":[{"href":"https:\/\/uj.adatbank.ro\/lexikon\/wp-json\/wp\/v2\/product"}],"about":[{"href":"https:\/\/uj.adatbank.ro\/lexikon\/wp-json\/wp\/v2\/types\/product"}],"replies":[{"embeddable":true,"href":"https:\/\/uj.adatbank.ro\/lexikon\/wp-json\/wp\/v2\/comments?post=13593"}],"wp:attachment":[{"href":"https:\/\/uj.adatbank.ro\/lexikon\/wp-json\/wp\/v2\/media?parent=13593"}],"wp:term":[{"taxonomy":"product_brand","embeddable":true,"href":"https:\/\/uj.adatbank.ro\/lexikon\/wp-json\/wp\/v2\/product_brand?post=13593"},{"taxonomy":"product_cat","embeddable":true,"href":"https:\/\/uj.adatbank.ro\/lexikon\/wp-json\/wp\/v2\/product_cat?post=13593"},{"taxonomy":"product_tag","embeddable":true,"href":"https:\/\/uj.adatbank.ro\/lexikon\/wp-json\/wp\/v2\/product_tag?post=13593"}],"curies":[{"name":"wp","href":"https:\/\/api.w.org\/{rel}","templated":true}]}}