{"id":13597,"date":"2025-07-15T12:33:56","date_gmt":"2025-07-15T10:33:56","guid":{"rendered":"https:\/\/uj.adatbank.ro\/lexikon\/termek\/lamothai-istvan-lamathai-istvan\/"},"modified":"2025-07-15T12:33:56","modified_gmt":"2025-07-15T10:33:56","slug":"lamothai-istvan-lamathai-istvan","status":"publish","type":"product","link":"https:\/\/uj.adatbank.ro\/lexikon\/termek\/lamothai-istvan-lamathai-istvan\/","title":{"rendered":"LAMOTHAI Istv\u00e1n, Lamathai Istv\u00e1n"},"content":{"rendered":"<p>? \u2020\u00a0?: ref.lelk\u00e9sz. \u2013 Feles\u00e9ge J\u00e1rai Anna. -Tanult Enyeden (1723), S\u00e1rospatakon (1724), Mv.-en (1731). Mez\u0151k\u00f6b\u00f6lk\u00faton (1740\u201344), Magyarr\u00e9genben volt lelk\u00e9sz (1745). <br \/><strong>Irod.:<\/strong> \u0150sz<\/br><\/p>\n","protected":false},"excerpt":{"rendered":"<p>? \u2020\u00a0?: ref.lelk\u00e9sz. \u2013 Feles\u00e9ge J\u00e1rai Anna. -Tanult Enyeden (1723), S\u00e1rospatakon (1724), Mv.-en (1731). Mez\u0151k\u00f6b\u00f6lk\u00faton (1740\u201344), Magyarr\u00e9genben volt lelk\u00e9sz (1745). Irod.: \u0150sz<\/p>\n","protected":false},"featured_media":0,"comment_status":"open","ping_status":"closed","template":"","meta":[],"product_brand":[],"product_cat":[137],"product_tag":[],"class_list":{"0":"post-13597","1":"product","2":"type-product","3":"status-publish","5":"product_cat-maros-megyei-eletrajzi-lexikon","7":"first","8":"instock","9":"shipping-taxable","10":"product-type-simple"},"_links":{"self":[{"href":"https:\/\/uj.adatbank.ro\/lexikon\/wp-json\/wp\/v2\/product\/13597","targetHints":{"allow":["GET"]}}],"collection":[{"href":"https:\/\/uj.adatbank.ro\/lexikon\/wp-json\/wp\/v2\/product"}],"about":[{"href":"https:\/\/uj.adatbank.ro\/lexikon\/wp-json\/wp\/v2\/types\/product"}],"replies":[{"embeddable":true,"href":"https:\/\/uj.adatbank.ro\/lexikon\/wp-json\/wp\/v2\/comments?post=13597"}],"wp:attachment":[{"href":"https:\/\/uj.adatbank.ro\/lexikon\/wp-json\/wp\/v2\/media?parent=13597"}],"wp:term":[{"taxonomy":"product_brand","embeddable":true,"href":"https:\/\/uj.adatbank.ro\/lexikon\/wp-json\/wp\/v2\/product_brand?post=13597"},{"taxonomy":"product_cat","embeddable":true,"href":"https:\/\/uj.adatbank.ro\/lexikon\/wp-json\/wp\/v2\/product_cat?post=13597"},{"taxonomy":"product_tag","embeddable":true,"href":"https:\/\/uj.adatbank.ro\/lexikon\/wp-json\/wp\/v2\/product_tag?post=13597"}],"curies":[{"name":"wp","href":"https:\/\/api.w.org\/{rel}","templated":true}]}}