{"id":13604,"date":"2025-07-15T12:34:08","date_gmt":"2025-07-15T10:34:08","guid":{"rendered":"https:\/\/uj.adatbank.ro\/lexikon\/termek\/landovics-erno\/"},"modified":"2025-07-15T12:34:08","modified_gmt":"2025-07-15T10:34:08","slug":"landovics-erno","status":"publish","type":"product","link":"https:\/\/uj.adatbank.ro\/lexikon\/termek\/landovics-erno\/","title":{"rendered":"LANDOVICS Ern\u0151"},"content":{"rendered":"<p>Mv., 1895., \u2020\u00a0?\u00a0: p\u00e9kmester. \u2013 \u00c9desapja m\u0171hely\u00e9ben saj\u00e1t\u00edtotta el a p\u00e9kszakm\u00e1t mint seg\u00e9d, \u00f6n\u00e1ll\u00f3 lett Mv,.en (1921\u2013). Az els\u0151 vh.-ban a 22. gy. ezredben az orosz fronton harcolt, fogs\u00e1gba esett. <br \/><strong>Irod.:<\/strong> Sz\u00e9kelyf\u00f6ld \u00ed.k<\/br><\/p>\n","protected":false},"excerpt":{"rendered":"<p>Mv., 1895., \u2020\u00a0?\u00a0: p\u00e9kmester. \u2013 \u00c9desapja m\u0171hely\u00e9ben saj\u00e1t\u00edtotta el a p\u00e9kszakm\u00e1t mint seg\u00e9d, \u00f6n\u00e1ll\u00f3 lett Mv,.en (1921\u2013). Az els\u0151 vh.-ban a 22. gy. ezredben az orosz fronton harcolt, fogs\u00e1gba esett. Irod.: Sz\u00e9kelyf\u00f6ld \u00ed.k<\/p>\n","protected":false},"featured_media":0,"comment_status":"open","ping_status":"closed","template":"","meta":[],"product_brand":[],"product_cat":[137],"product_tag":[],"class_list":{"0":"post-13604","1":"product","2":"type-product","3":"status-publish","5":"product_cat-maros-megyei-eletrajzi-lexikon","7":"first","8":"instock","9":"shipping-taxable","10":"product-type-simple"},"_links":{"self":[{"href":"https:\/\/uj.adatbank.ro\/lexikon\/wp-json\/wp\/v2\/product\/13604","targetHints":{"allow":["GET"]}}],"collection":[{"href":"https:\/\/uj.adatbank.ro\/lexikon\/wp-json\/wp\/v2\/product"}],"about":[{"href":"https:\/\/uj.adatbank.ro\/lexikon\/wp-json\/wp\/v2\/types\/product"}],"replies":[{"embeddable":true,"href":"https:\/\/uj.adatbank.ro\/lexikon\/wp-json\/wp\/v2\/comments?post=13604"}],"wp:attachment":[{"href":"https:\/\/uj.adatbank.ro\/lexikon\/wp-json\/wp\/v2\/media?parent=13604"}],"wp:term":[{"taxonomy":"product_brand","embeddable":true,"href":"https:\/\/uj.adatbank.ro\/lexikon\/wp-json\/wp\/v2\/product_brand?post=13604"},{"taxonomy":"product_cat","embeddable":true,"href":"https:\/\/uj.adatbank.ro\/lexikon\/wp-json\/wp\/v2\/product_cat?post=13604"},{"taxonomy":"product_tag","embeddable":true,"href":"https:\/\/uj.adatbank.ro\/lexikon\/wp-json\/wp\/v2\/product_tag?post=13604"}],"curies":[{"name":"wp","href":"https:\/\/api.w.org\/{rel}","templated":true}]}}