{"id":13608,"date":"2025-07-15T12:34:16","date_gmt":"2025-07-15T10:34:16","guid":{"rendered":"https:\/\/uj.adatbank.ro\/lexikon\/termek\/lang-mor\/"},"modified":"2025-07-15T12:34:16","modified_gmt":"2025-07-15T10:34:16","slug":"lang-mor","status":"publish","type":"product","link":"https:\/\/uj.adatbank.ro\/lexikon\/termek\/lang-mor\/","title":{"rendered":"L\u00c1NG M\u00f3r"},"content":{"rendered":"<p>Gyulafeh\u00e9rv\u00e1r, 1898., \u2020 ? : orvos. \u2013 Egyetemet Kv.-on, Bp.-en v\u00e9gzett. Mez\u0151kapuson k\u00f6rorvos (1922\u201323), majd doktor\u00e1lt. A kv.-i klinik\u00e1n Bilasco orvostan\u00e1r mellett m\u0171k\u00f6d\u00f6tt, fogorvosi diplom\u00e1t szerzett (1926), \u00e9s D\u00e9v\u00e1n kezdett fogorvosi praxist. A mv.-i \u00e1llami k\u00f3rh\u00e1z gyakorl\u00f3 orvosa (1929\u201330). Az EME tagja \u00e9s t\u00f6bb kultur\u00e1lis \u00e9s szoci\u00e1lis egyes\u00fcletn\u00e9l tev\u00e9kenykedett. <br \/><strong>Irod.:<\/strong> Ki kicsoda?<\/br><\/p>\n","protected":false},"excerpt":{"rendered":"<p>Gyulafeh\u00e9rv\u00e1r, 1898., \u2020 ? : orvos. \u2013 Egyetemet Kv.-on, Bp.-en v\u00e9gzett. Mez\u0151kapuson k\u00f6rorvos (1922\u201323), majd doktor\u00e1lt. A kv.-i klinik\u00e1n Bilasco orvostan\u00e1r mellett m\u0171k\u00f6d\u00f6tt, fogorvosi diplom\u00e1t szerzett (1926), \u00e9s D\u00e9v\u00e1n kezdett fogorvosi praxist. A mv.-i \u00e1llami k\u00f3rh\u00e1z gyakorl\u00f3 orvosa (1929\u201330). Az EME tagja \u00e9s t\u00f6bb kultur\u00e1lis \u00e9s szoci\u00e1lis egyes\u00fcletn\u00e9l tev\u00e9kenykedett. Irod.: Ki kicsoda?<\/p>\n","protected":false},"featured_media":0,"comment_status":"open","ping_status":"closed","template":"","meta":[],"product_brand":[],"product_cat":[137],"product_tag":[],"class_list":{"0":"post-13608","1":"product","2":"type-product","3":"status-publish","5":"product_cat-maros-megyei-eletrajzi-lexikon","7":"first","8":"instock","9":"shipping-taxable","10":"product-type-simple"},"_links":{"self":[{"href":"https:\/\/uj.adatbank.ro\/lexikon\/wp-json\/wp\/v2\/product\/13608","targetHints":{"allow":["GET"]}}],"collection":[{"href":"https:\/\/uj.adatbank.ro\/lexikon\/wp-json\/wp\/v2\/product"}],"about":[{"href":"https:\/\/uj.adatbank.ro\/lexikon\/wp-json\/wp\/v2\/types\/product"}],"replies":[{"embeddable":true,"href":"https:\/\/uj.adatbank.ro\/lexikon\/wp-json\/wp\/v2\/comments?post=13608"}],"wp:attachment":[{"href":"https:\/\/uj.adatbank.ro\/lexikon\/wp-json\/wp\/v2\/media?parent=13608"}],"wp:term":[{"taxonomy":"product_brand","embeddable":true,"href":"https:\/\/uj.adatbank.ro\/lexikon\/wp-json\/wp\/v2\/product_brand?post=13608"},{"taxonomy":"product_cat","embeddable":true,"href":"https:\/\/uj.adatbank.ro\/lexikon\/wp-json\/wp\/v2\/product_cat?post=13608"},{"taxonomy":"product_tag","embeddable":true,"href":"https:\/\/uj.adatbank.ro\/lexikon\/wp-json\/wp\/v2\/product_tag?post=13608"}],"curies":[{"name":"wp","href":"https:\/\/api.w.org\/{rel}","templated":true}]}}