{"id":13609,"date":"2025-07-15T12:34:17","date_gmt":"2025-07-15T10:34:17","guid":{"rendered":"https:\/\/uj.adatbank.ro\/lexikon\/termek\/langendorff-%c2%a7\/"},"modified":"2025-07-15T12:34:17","modified_gmt":"2025-07-15T10:34:17","slug":"langendorff-%c2%a7","status":"publish","type":"product","link":"https:\/\/uj.adatbank.ro\/lexikon\/termek\/langendorff-%c2%a7\/","title":{"rendered":"LANGENDORFF, \u00a7"},"content":{"rendered":"<p>? \u2020\u00a0?: ezredes. \u2013 Az I. vh.-ban kit\u00fcntetett 51-es ezredes, ezred parancsnok. <br \/><strong>Irod.:<\/strong> Mv. \u00e9s a h\u00e1bor\u00fa<\/br><\/p>\n","protected":false},"excerpt":{"rendered":"<p>? \u2020\u00a0?: ezredes. \u2013 Az I. vh.-ban kit\u00fcntetett 51-es ezredes, ezred parancsnok. Irod.: Mv. \u00e9s a h\u00e1bor\u00fa<\/p>\n","protected":false},"featured_media":0,"comment_status":"open","ping_status":"closed","template":"","meta":[],"product_brand":[],"product_cat":[137],"product_tag":[],"class_list":{"0":"post-13609","1":"product","2":"type-product","3":"status-publish","5":"product_cat-maros-megyei-eletrajzi-lexikon","7":"first","8":"instock","9":"shipping-taxable","10":"product-type-simple"},"_links":{"self":[{"href":"https:\/\/uj.adatbank.ro\/lexikon\/wp-json\/wp\/v2\/product\/13609","targetHints":{"allow":["GET"]}}],"collection":[{"href":"https:\/\/uj.adatbank.ro\/lexikon\/wp-json\/wp\/v2\/product"}],"about":[{"href":"https:\/\/uj.adatbank.ro\/lexikon\/wp-json\/wp\/v2\/types\/product"}],"replies":[{"embeddable":true,"href":"https:\/\/uj.adatbank.ro\/lexikon\/wp-json\/wp\/v2\/comments?post=13609"}],"wp:attachment":[{"href":"https:\/\/uj.adatbank.ro\/lexikon\/wp-json\/wp\/v2\/media?parent=13609"}],"wp:term":[{"taxonomy":"product_brand","embeddable":true,"href":"https:\/\/uj.adatbank.ro\/lexikon\/wp-json\/wp\/v2\/product_brand?post=13609"},{"taxonomy":"product_cat","embeddable":true,"href":"https:\/\/uj.adatbank.ro\/lexikon\/wp-json\/wp\/v2\/product_cat?post=13609"},{"taxonomy":"product_tag","embeddable":true,"href":"https:\/\/uj.adatbank.ro\/lexikon\/wp-json\/wp\/v2\/product_tag?post=13609"}],"curies":[{"name":"wp","href":"https:\/\/api.w.org\/{rel}","templated":true}]}}