{"id":13611,"date":"2025-07-15T12:34:23","date_gmt":"2025-07-15T10:34:23","guid":{"rendered":"https:\/\/uj.adatbank.ro\/lexikon\/termek\/langlois-br\/"},"modified":"2025-07-15T12:34:23","modified_gmt":"2025-07-15T10:34:23","slug":"langlois-br","status":"publish","type":"product","link":"https:\/\/uj.adatbank.ro\/lexikon\/termek\/langlois-br\/","title":{"rendered":"LANGLOIS, br."},"content":{"rendered":"<p>? \u2020\u00a0?: orvos. \u2013 Le\u00e1nya: Cecile, Ziegler K\u00e1roly orvos feles\u00e9ge. \u2013 Napoleon buk\u00e1sa ut\u00e1n, vez\u00e9rkar\u00e1nak jelent\u0151s r\u00e9sze elhagyta Francao.-ot. V\u00e1rosunkba br. Langlois orvos, Houchard m\u00e9rn\u00f6k \u00e9s Dupuis \u00fczletember \u00e9rkezett (1820 k.). A francia eszm\u00e9k\u00e9rt mindig lelkesed\u0151 v\u00e1s\u00e1rhelyiek Mez\u0151szabad hat\u00e1r\u00e1ban fogadt\u00e1k \u0151ket, onnan Bodor P\u00e9ter \u00f6r\u00f6kmozg\u00f3 masin\u00e1ja vontatta be a v\u00e1rosba kocsijukat \u00f3r\u00e1nk\u00e9nt 6 km sebess\u00e9ggel. S\u00edrfeliratuk a mv.-i ref. temet\u0151ben. <br \/><strong>Irod.:<\/strong> Sipos<\/br><\/p>\n","protected":false},"excerpt":{"rendered":"<p>? \u2020\u00a0?: orvos. \u2013 Le\u00e1nya: Cecile, Ziegler K\u00e1roly orvos feles\u00e9ge. \u2013 Napoleon buk\u00e1sa ut\u00e1n, vez\u00e9rkar\u00e1nak jelent\u0151s r\u00e9sze elhagyta Francao.-ot. V\u00e1rosunkba br. Langlois orvos, Houchard m\u00e9rn\u00f6k \u00e9s Dupuis \u00fczletember \u00e9rkezett (1820 k.). A francia eszm\u00e9k\u00e9rt mindig lelkesed\u0151 v\u00e1s\u00e1rhelyiek Mez\u0151szabad hat\u00e1r\u00e1ban fogadt\u00e1k \u0151ket, onnan Bodor P\u00e9ter \u00f6r\u00f6kmozg\u00f3 masin\u00e1ja vontatta be a v\u00e1rosba kocsijukat \u00f3r\u00e1nk\u00e9nt 6 km sebess\u00e9ggel. [&hellip;]<\/p>\n","protected":false},"featured_media":0,"comment_status":"open","ping_status":"closed","template":"","meta":[],"product_brand":[],"product_cat":[137],"product_tag":[],"class_list":{"0":"post-13611","1":"product","2":"type-product","3":"status-publish","5":"product_cat-maros-megyei-eletrajzi-lexikon","7":"first","8":"instock","9":"shipping-taxable","10":"product-type-simple"},"_links":{"self":[{"href":"https:\/\/uj.adatbank.ro\/lexikon\/wp-json\/wp\/v2\/product\/13611","targetHints":{"allow":["GET"]}}],"collection":[{"href":"https:\/\/uj.adatbank.ro\/lexikon\/wp-json\/wp\/v2\/product"}],"about":[{"href":"https:\/\/uj.adatbank.ro\/lexikon\/wp-json\/wp\/v2\/types\/product"}],"replies":[{"embeddable":true,"href":"https:\/\/uj.adatbank.ro\/lexikon\/wp-json\/wp\/v2\/comments?post=13611"}],"wp:attachment":[{"href":"https:\/\/uj.adatbank.ro\/lexikon\/wp-json\/wp\/v2\/media?parent=13611"}],"wp:term":[{"taxonomy":"product_brand","embeddable":true,"href":"https:\/\/uj.adatbank.ro\/lexikon\/wp-json\/wp\/v2\/product_brand?post=13611"},{"taxonomy":"product_cat","embeddable":true,"href":"https:\/\/uj.adatbank.ro\/lexikon\/wp-json\/wp\/v2\/product_cat?post=13611"},{"taxonomy":"product_tag","embeddable":true,"href":"https:\/\/uj.adatbank.ro\/lexikon\/wp-json\/wp\/v2\/product_tag?post=13611"}],"curies":[{"name":"wp","href":"https:\/\/api.w.org\/{rel}","templated":true}]}}