{"id":13614,"date":"2025-07-15T12:34:28","date_gmt":"2025-07-15T10:34:28","guid":{"rendered":"https:\/\/uj.adatbank.ro\/lexikon\/termek\/lantos-andras\/"},"modified":"2025-07-15T12:34:28","modified_gmt":"2025-07-15T10:34:28","slug":"lantos-andras","status":"publish","type":"product","link":"https:\/\/uj.adatbank.ro\/lexikon\/termek\/lantos-andras\/","title":{"rendered":"LANTOS Andr\u00e1s"},"content":{"rendered":"<p>? \u2020\u00a0?: k\u0151m\u0171ves, \u00e9p\u00edt\u00e9sz. \u2013 Tervei szerint \u00e9p\u00fclt a mv.-i ref. kistemplom (1815\u201330). A k\u0151m\u0171ves c\u00e9h m\u00e1sodik c\u00e9hmestere volt (1840 k.). \u0150 k\u00e9sz\u00edtette a templom egyik harangj\u00e1t, amelyet Nemes D\u00e1niel aj\u00e1nd\u00e9kozott az egyh\u00e1znak. <br \/><strong>Irod.:<\/strong> B\u00f3nis J.: A mv.-i c\u00e9hek t\u00e1rgyi eml\u00e9kei = Mv. t\u00f6rt\u00e9net\u00e9b\u0151l; M\u00e1th\u00e9 Levente.<\/br><\/p>\n","protected":false},"excerpt":{"rendered":"<p>? \u2020\u00a0?: k\u0151m\u0171ves, \u00e9p\u00edt\u00e9sz. \u2013 Tervei szerint \u00e9p\u00fclt a mv.-i ref. kistemplom (1815\u201330). A k\u0151m\u0171ves c\u00e9h m\u00e1sodik c\u00e9hmestere volt (1840 k.). \u0150 k\u00e9sz\u00edtette a templom egyik harangj\u00e1t, amelyet Nemes D\u00e1niel aj\u00e1nd\u00e9kozott az egyh\u00e1znak. Irod.: B\u00f3nis J.: A mv.-i c\u00e9hek t\u00e1rgyi eml\u00e9kei = Mv. t\u00f6rt\u00e9net\u00e9b\u0151l; M\u00e1th\u00e9 Levente.<\/p>\n","protected":false},"featured_media":0,"comment_status":"open","ping_status":"closed","template":"","meta":[],"product_brand":[],"product_cat":[137],"product_tag":[],"class_list":{"0":"post-13614","1":"product","2":"type-product","3":"status-publish","5":"product_cat-maros-megyei-eletrajzi-lexikon","7":"first","8":"instock","9":"shipping-taxable","10":"product-type-simple"},"_links":{"self":[{"href":"https:\/\/uj.adatbank.ro\/lexikon\/wp-json\/wp\/v2\/product\/13614","targetHints":{"allow":["GET"]}}],"collection":[{"href":"https:\/\/uj.adatbank.ro\/lexikon\/wp-json\/wp\/v2\/product"}],"about":[{"href":"https:\/\/uj.adatbank.ro\/lexikon\/wp-json\/wp\/v2\/types\/product"}],"replies":[{"embeddable":true,"href":"https:\/\/uj.adatbank.ro\/lexikon\/wp-json\/wp\/v2\/comments?post=13614"}],"wp:attachment":[{"href":"https:\/\/uj.adatbank.ro\/lexikon\/wp-json\/wp\/v2\/media?parent=13614"}],"wp:term":[{"taxonomy":"product_brand","embeddable":true,"href":"https:\/\/uj.adatbank.ro\/lexikon\/wp-json\/wp\/v2\/product_brand?post=13614"},{"taxonomy":"product_cat","embeddable":true,"href":"https:\/\/uj.adatbank.ro\/lexikon\/wp-json\/wp\/v2\/product_cat?post=13614"},{"taxonomy":"product_tag","embeddable":true,"href":"https:\/\/uj.adatbank.ro\/lexikon\/wp-json\/wp\/v2\/product_tag?post=13614"}],"curies":[{"name":"wp","href":"https:\/\/api.w.org\/{rel}","templated":true}]}}