{"id":13615,"date":"2025-07-15T12:34:29","date_gmt":"2025-07-15T10:34:29","guid":{"rendered":"https:\/\/uj.adatbank.ro\/lexikon\/termek\/lantos-bela-%c2%a7\/"},"modified":"2025-07-15T12:34:29","modified_gmt":"2025-07-15T10:34:29","slug":"lantos-bela-%c2%a7","status":"publish","type":"product","link":"https:\/\/uj.adatbank.ro\/lexikon\/termek\/lantos-bela-%c2%a7\/","title":{"rendered":"LANTOS B\u00e9la, \u00a7"},"content":{"rendered":"<p>Vajdahunyad, 1905. \u00e1pr. 26., \u2020 Mv., 1967. m\u00e1rc. 16.: sz\u00edn\u00e9sz, rendez\u0151. \u2013 A bp.-i sz\u00ednm\u0171v\u00e9szeti akad.-n szerzett oklevelet (1926). Sz\u00edn\u00e9szi p\u00e1ly\u00e1j\u00e1t kezdetben Janovics Jen\u0151 ir\u00e1ny\u00edtotta. A kv.-i m. sz\u00ednh\u00e1z tagja (1926\u201352), majd a mv.-i \u00c1llami Sz\u00e9kely Sz\u00ednh\u00e1zban j\u00e1tszott hal\u00e1l\u00e1ig (1952\u201367). A Szentgy\u00f6rgyi Istv\u00e1n Sz\u00ednm\u0171v. Int. tan\u00e1rak\u00e9nt a sz\u00e9p besz\u00e9dre tan\u00edtotta hallgat\u00f3it (1954\u2013). 250 kisebb-nagyobb szerepet j\u00e1tszott 35 \u00e9vi fell\u00e9p\u00e9sei sor\u00e1n.Jellemszerepeit gondos apr\u00f3l\u00e9koss\u00e1ggal \u00e9p\u00edtette fel, k\u00fcl\u00f6n hangs\u00falyt helyezve a dr\u00e1mai fordul\u00f3pontok \u00e9rz\u00e9keltet\u00e9s\u00e9re. Id\u0151nk\u00e9nt rendezett is. \u2013 <strong>F. sz.:<\/strong> \u00c1d\u00e1m, Lucifer (Mad\u00e1ch: Az ember trag\u00e9di\u00e1ja); Otto (Katona J\u00f3zsef: B\u00e1nk b\u00e1n); Bet\u00f6r\u0151 (Karinthy Frigyes: A nagy \u00e9kszer\u00e9sz); Gy\u00f6rgy de\u00e1k (Kerts\u00f3 Cirj\u00e9k: Borka asszony \u00e9s Gy\u00f6rgy de\u00e1k); Kendeffy \u00c1d\u00e1m (Tab\u00e9ry G\u00e9za: Kolozsv\u00e1ri b\u00e1l); Molvik teol\u00f3gus (Ibsen: Vadkacsa); \u00c1rt\u00f3 Mih\u00e1ly (Ny\u00edr\u0151 J\u00f3zsef: A J\u00e9zusfarag\u00f3 ember); Idaios (\u00c1prily Lajos: Idahegyi p\u00e1sztorok); Fekete Pali (Farkas Imre: Igl\u00f3i di\u00e1kok); Praed (Shaw B.: Warrenn\u00e9 mesters\u00e9ge); Zilahy Lajos: Gy\u00fcm\u00f6lcs a f\u00e1n); Moln\u00e1r Ferenc: Liliom; Szigligeti-Szabados: Liliomfi; Sganarelle (Moli\u00e9re: A botcsin\u00e1lta doktor); R\u00f3me\u00f3, Mercutio (Shakespeare: R\u00f3me\u00f3 \u00e9s J\u00falia); Solness (Ibsen: Solness \u00e9p\u00edt\u0151mester); Hamlet (Shakespeare); III. Rich\u00e1rd (Shakespeare); Higgins (Shaw: Pygmalion); Kossuth (Illy\u00e9s Gyula: F\u00e1klyal\u00e1ng); L\u00e9pes Gy\u00f6rgy (K\u00f3s K\u00e1roly: Budai Nagy Antal); Dr. S\u00e1rk\u00e1ny (Moln\u00e1r Ferenc: Doktor \u00far); August Jakobson: K\u00e9t t\u00e1bor (1952); F\u0151\u00far (Br\u00f3dy S\u00e1ndor: A tan\u00edt\u00f3n\u0151, 1956); M\u00e1ty\u00e1s kir\u00e1ly (Heltai Jen\u0151: A n\u00e9ma levente, 1956); Barab\u00e1s seg\u00e9dsz\u00edn\u00e9sz (E. Mirea-Kov\u00e1cs Gy.: Az utols\u00f3 vonat,1957); Csavarg\u00f3 (V. Eftimiu: Rokonunk a csavarg\u00f3); Miron Peter (M. Sebastian: N\u00e9vtelen csillag). \u2013 <strong>F. r.:<\/strong>: Maugham: Szent l\u00e1ng; Zilahy Lajos: Hazaj\u00e1r\u00f3 l\u00e9lek; Machiavelli: Mandrag\u00f3ra; Jonson: Volpone; M. Sebastian: N\u00e9vtelen csillag. <br \/><strong>Irod.:<\/strong> Csif\u00f3; A H\u00e9t \u00e9vk. (1982); Horv\u00e1th Bea; Katona Szab\u00f3 Istv\u00e1n: Az \u00daj \u00c9let lexikona, 101. (\u00daj \u00c9let, 17. sz. 1974.); K\u00e1ntor-K\u00f6t\u0151; K\u00f6t\u0151; M\u00c9L; MSZL; RMIL; Szab\u00f3 Lajos: A nagy el\u0151d\u00f6k: L. B. (V. Z., 1971. nov. 11.); Todea 2013; \u00daM\u00c9L; Viharban; www.nemzetiszinhaz.ro<\/br><\/p>\n","protected":false},"excerpt":{"rendered":"<p>Vajdahunyad, 1905. \u00e1pr. 26., \u2020 Mv., 1967. m\u00e1rc. 16.: sz\u00edn\u00e9sz, rendez\u0151. \u2013 A bp.-i sz\u00ednm\u0171v\u00e9szeti akad.-n szerzett oklevelet (1926). Sz\u00edn\u00e9szi p\u00e1ly\u00e1j\u00e1t kezdetben Janovics Jen\u0151 ir\u00e1ny\u00edtotta. A kv.-i m. sz\u00ednh\u00e1z tagja (1926\u201352), majd a mv.-i \u00c1llami Sz\u00e9kely Sz\u00ednh\u00e1zban j\u00e1tszott hal\u00e1l\u00e1ig (1952\u201367). A Szentgy\u00f6rgyi Istv\u00e1n Sz\u00ednm\u0171v. Int. tan\u00e1rak\u00e9nt a sz\u00e9p besz\u00e9dre tan\u00edtotta hallgat\u00f3it (1954\u2013). 250 kisebb-nagyobb szerepet [&hellip;]<\/p>\n","protected":false},"featured_media":0,"comment_status":"open","ping_status":"closed","template":"","meta":[],"product_brand":[],"product_cat":[137],"product_tag":[],"class_list":{"0":"post-13615","1":"product","2":"type-product","3":"status-publish","5":"product_cat-maros-megyei-eletrajzi-lexikon","7":"first","8":"instock","9":"shipping-taxable","10":"product-type-simple"},"_links":{"self":[{"href":"https:\/\/uj.adatbank.ro\/lexikon\/wp-json\/wp\/v2\/product\/13615","targetHints":{"allow":["GET"]}}],"collection":[{"href":"https:\/\/uj.adatbank.ro\/lexikon\/wp-json\/wp\/v2\/product"}],"about":[{"href":"https:\/\/uj.adatbank.ro\/lexikon\/wp-json\/wp\/v2\/types\/product"}],"replies":[{"embeddable":true,"href":"https:\/\/uj.adatbank.ro\/lexikon\/wp-json\/wp\/v2\/comments?post=13615"}],"wp:attachment":[{"href":"https:\/\/uj.adatbank.ro\/lexikon\/wp-json\/wp\/v2\/media?parent=13615"}],"wp:term":[{"taxonomy":"product_brand","embeddable":true,"href":"https:\/\/uj.adatbank.ro\/lexikon\/wp-json\/wp\/v2\/product_brand?post=13615"},{"taxonomy":"product_cat","embeddable":true,"href":"https:\/\/uj.adatbank.ro\/lexikon\/wp-json\/wp\/v2\/product_cat?post=13615"},{"taxonomy":"product_tag","embeddable":true,"href":"https:\/\/uj.adatbank.ro\/lexikon\/wp-json\/wp\/v2\/product_tag?post=13615"}],"curies":[{"name":"wp","href":"https:\/\/api.w.org\/{rel}","templated":true}]}}