{"id":13617,"date":"2025-07-15T12:34:34","date_gmt":"2025-07-15T10:34:34","guid":{"rendered":"https:\/\/uj.adatbank.ro\/lexikon\/termek\/lanyi-samuel-sz\/"},"modified":"2025-07-15T12:34:34","modified_gmt":"2025-07-15T10:34:34","slug":"lanyi-samuel-sz","status":"publish","type":"product","link":"https:\/\/uj.adatbank.ro\/lexikon\/termek\/lanyi-samuel-sz\/","title":{"rendered":"L\u00c1NYI S\u00e1muel Sz."},"content":{"rendered":"<p>? \u2020\u00a0?: ref. tan\u00edt\u00f3.- Mv.-en subscrib\u00e1lt (1788). Mez\u0151k\u00f6b\u00f6lk\u00faton (1791\u20131794), Kisg\u00f6rg\u00e9nyben (1795\u20131799) l\u00e9vita, Sz\u00e9kesen (1800\u20131806), Lukafalv\u00e1n (1806\u20131811) \u00e9s Csitszentiv\u00e1nban (1812\u20131832) volt mester. <br \/><strong>Irod.:<\/strong> \u0150sz<\/br><\/p>\n","protected":false},"excerpt":{"rendered":"<p>? \u2020\u00a0?: ref. tan\u00edt\u00f3.- Mv.-en subscrib\u00e1lt (1788). Mez\u0151k\u00f6b\u00f6lk\u00faton (1791\u20131794), Kisg\u00f6rg\u00e9nyben (1795\u20131799) l\u00e9vita, Sz\u00e9kesen (1800\u20131806), Lukafalv\u00e1n (1806\u20131811) \u00e9s Csitszentiv\u00e1nban (1812\u20131832) volt mester. Irod.: \u0150sz<\/p>\n","protected":false},"featured_media":0,"comment_status":"open","ping_status":"closed","template":"","meta":[],"product_brand":[],"product_cat":[137],"product_tag":[],"class_list":{"0":"post-13617","1":"product","2":"type-product","3":"status-publish","5":"product_cat-maros-megyei-eletrajzi-lexikon","7":"first","8":"instock","9":"shipping-taxable","10":"product-type-simple"},"_links":{"self":[{"href":"https:\/\/uj.adatbank.ro\/lexikon\/wp-json\/wp\/v2\/product\/13617","targetHints":{"allow":["GET"]}}],"collection":[{"href":"https:\/\/uj.adatbank.ro\/lexikon\/wp-json\/wp\/v2\/product"}],"about":[{"href":"https:\/\/uj.adatbank.ro\/lexikon\/wp-json\/wp\/v2\/types\/product"}],"replies":[{"embeddable":true,"href":"https:\/\/uj.adatbank.ro\/lexikon\/wp-json\/wp\/v2\/comments?post=13617"}],"wp:attachment":[{"href":"https:\/\/uj.adatbank.ro\/lexikon\/wp-json\/wp\/v2\/media?parent=13617"}],"wp:term":[{"taxonomy":"product_brand","embeddable":true,"href":"https:\/\/uj.adatbank.ro\/lexikon\/wp-json\/wp\/v2\/product_brand?post=13617"},{"taxonomy":"product_cat","embeddable":true,"href":"https:\/\/uj.adatbank.ro\/lexikon\/wp-json\/wp\/v2\/product_cat?post=13617"},{"taxonomy":"product_tag","embeddable":true,"href":"https:\/\/uj.adatbank.ro\/lexikon\/wp-json\/wp\/v2\/product_tag?post=13617"}],"curies":[{"name":"wp","href":"https:\/\/api.w.org\/{rel}","templated":true}]}}