{"id":13620,"date":"2025-07-15T12:34:39","date_gmt":"2025-07-15T10:34:39","guid":{"rendered":"https:\/\/uj.adatbank.ro\/lexikon\/termek\/lapikas-janos\/"},"modified":"2025-07-15T12:34:39","modified_gmt":"2025-07-15T10:34:39","slug":"lapikas-janos","status":"publish","type":"product","link":"https:\/\/uj.adatbank.ro\/lexikon\/termek\/lapikas-janos\/","title":{"rendered":"LAPIK\u00c1S J\u00e1nos"},"content":{"rendered":"<p>Vicze,1884., \u2020\u00a0?\u00a0: f\u0171szerkeresked\u0151. \u2013 Szamos\u00fajv\u00e1ron tanulta a keresked\u0151s\u00e9get, majd Zilahon, Kv.-on, Dics\u0151szentm\u00e1rtonban fejlesztette tud\u00e1s\u00e1t.\u00d6n\u00e1ll\u00f3 lett Mv.-en (1913\u2013). Az els\u0151 vh.-ban a 62. cs. k. gy. e.-ben az orosz \u00e9s rom\u00e1n fronton harcolt mint tizedes. Kit\u00fcntet\u00e9k a bronz v. \u00e9. \u00e9s a K\u00e1roly Csapatkereszttel. <br \/><strong>Irod.:<\/strong> Sz\u00e9kelyf\u00f6ld \u00ed.k<\/br><\/p>\n","protected":false},"excerpt":{"rendered":"<p>Vicze,1884., \u2020\u00a0?\u00a0: f\u0171szerkeresked\u0151. \u2013 Szamos\u00fajv\u00e1ron tanulta a keresked\u0151s\u00e9get, majd Zilahon, Kv.-on, Dics\u0151szentm\u00e1rtonban fejlesztette tud\u00e1s\u00e1t.\u00d6n\u00e1ll\u00f3 lett Mv.-en (1913\u2013). Az els\u0151 vh.-ban a 62. cs. k. gy. e.-ben az orosz \u00e9s rom\u00e1n fronton harcolt mint tizedes. Kit\u00fcntet\u00e9k a bronz v. \u00e9. \u00e9s a K\u00e1roly Csapatkereszttel. Irod.: Sz\u00e9kelyf\u00f6ld \u00ed.k<\/p>\n","protected":false},"featured_media":0,"comment_status":"open","ping_status":"closed","template":"","meta":[],"product_brand":[],"product_cat":[137],"product_tag":[],"class_list":{"0":"post-13620","1":"product","2":"type-product","3":"status-publish","5":"product_cat-maros-megyei-eletrajzi-lexikon","7":"first","8":"instock","9":"shipping-taxable","10":"product-type-simple"},"_links":{"self":[{"href":"https:\/\/uj.adatbank.ro\/lexikon\/wp-json\/wp\/v2\/product\/13620","targetHints":{"allow":["GET"]}}],"collection":[{"href":"https:\/\/uj.adatbank.ro\/lexikon\/wp-json\/wp\/v2\/product"}],"about":[{"href":"https:\/\/uj.adatbank.ro\/lexikon\/wp-json\/wp\/v2\/types\/product"}],"replies":[{"embeddable":true,"href":"https:\/\/uj.adatbank.ro\/lexikon\/wp-json\/wp\/v2\/comments?post=13620"}],"wp:attachment":[{"href":"https:\/\/uj.adatbank.ro\/lexikon\/wp-json\/wp\/v2\/media?parent=13620"}],"wp:term":[{"taxonomy":"product_brand","embeddable":true,"href":"https:\/\/uj.adatbank.ro\/lexikon\/wp-json\/wp\/v2\/product_brand?post=13620"},{"taxonomy":"product_cat","embeddable":true,"href":"https:\/\/uj.adatbank.ro\/lexikon\/wp-json\/wp\/v2\/product_cat?post=13620"},{"taxonomy":"product_tag","embeddable":true,"href":"https:\/\/uj.adatbank.ro\/lexikon\/wp-json\/wp\/v2\/product_tag?post=13620"}],"curies":[{"name":"wp","href":"https:\/\/api.w.org\/{rel}","templated":true}]}}