{"id":13621,"date":"2025-07-15T12:34:41","date_gmt":"2025-07-15T10:34:41","guid":{"rendered":"https:\/\/uj.adatbank.ro\/lexikon\/termek\/lapohos-janos-%c2%a7\/"},"modified":"2025-07-15T12:34:41","modified_gmt":"2025-07-15T10:34:41","slug":"lapohos-janos-%c2%a7","status":"publish","type":"product","link":"https:\/\/uj.adatbank.ro\/lexikon\/termek\/lapohos-janos-%c2%a7\/","title":{"rendered":"LAPOHOS J\u00e1nos, \u00a7"},"content":{"rendered":"<p>\u00d6rd\u00f6ng\u0151sf\u00fczes,1929. \u00e1pr. 11., \u2020 Mv., 2010. szept. 14.: fizikus, egyetemi tan\u00e1r. \u2013 K\u00f6z\u00e9piskol\u00e1t a szamus\u00fajv\u00e1ri gimn.-ban v\u00e9gzett (1948), a kv.-i BTE-en szerzett matematika-fizika szakos tan\u00e1ri diplom\u00e1t (1953). A fizikai tudom\u00e1nyok doktora (1980). Doktori \u00e9rtekez\u00e9se Az ionoszf\u00e9ra als\u00f3 r\u00e9tege \u00e1ltal visszavert r\u00e1di\u00f3hull\u00e1mok elektromos tere menet\u00e9nek statisztikai elemz\u00e9se, \u00faj adatokat szolg\u00e1ltatott a napfolt tev\u00e9kenys\u00e9gnek az ionoszf\u00e9ra als\u00f3 r\u00e9tegeire val\u00f3 hat\u00e1s\u00e1r\u00f3l. Gyakornok, majd tan\u00e1rseg\u00e9d a mv.-i OGYI orvosi fizika tansz\u00e9k\u00e9n (1953\u201357); fizikatan\u00e1r a mv.-i 4. sz. L\u00edc.-ban (1957\u201359); szaktanfel\u00fcgyel\u0151 a MAT-ban (1959\u201360); tan\u00e1r, katedraf\u0151n\u00f6k, tizenk\u00e9t \u00e9ven \u00e1t rektora a mv.-i Pedag\u00f3giai F\u0151iskol\u00e1nak (1964\u201376), egyidej\u00fcleg az Alm\u00e9rn\u00f6ki Int\u00e9zet; majd a Petru Maior Egyetem Villamosm\u00e9rn\u00f6ki Tansz\u00e9k\u00e9nek tan\u00e1ra (1976\u201396). Dolgozatai jelentek meg szakfoly\u00f3iratokban: Electronica, Studii \u015fi Cercet\u0103ri Electronice, Metrologie aplicat\u0103, Buletinul \u015ftiin\u0163ific al Universit\u0103\u0163ii din Tg. Mure\u015f c. \u2013 <strong>F. m.:<\/strong> Elektrom\u00e1gnesess\u00e9gtan (Mv., 1968); Electronic\u0103 industrial\u0103 vol.1. Dispozitive electronice (Tg.M, 1985); \u00cendrum\u0103tor de lucr\u0103ri de laborator la \u201eElectronica industrial\u0103\u201d: pentru uzul studen\u0163ilor (TgM, 1990.); <strong>t\u00e1rssz.:<\/strong> Universitatea Tehnic\u0103 din TgM \u2013 30 de ani de activitate (TgM.,1991.). <br \/><strong>Irod.:<\/strong> Aranykorszak; Kiss\u2013P\u00e9terffy\u2013P\u00e9terffy; KKACs; [Nekrol\u00f3g] (N\u00fa., 2010. szept. 17.); R\u00e9thy\u2013\u00dajv\u00e1ri\u2013V\u00e1czi, RMIL; Viharban<\/br><\/p>\n","protected":false},"excerpt":{"rendered":"<p>\u00d6rd\u00f6ng\u0151sf\u00fczes,1929. \u00e1pr. 11., \u2020 Mv., 2010. szept. 14.: fizikus, egyetemi tan\u00e1r. \u2013 K\u00f6z\u00e9piskol\u00e1t a szamus\u00fajv\u00e1ri gimn.-ban v\u00e9gzett (1948), a kv.-i BTE-en szerzett matematika-fizika szakos tan\u00e1ri diplom\u00e1t (1953). A fizikai tudom\u00e1nyok doktora (1980). Doktori \u00e9rtekez\u00e9se Az ionoszf\u00e9ra als\u00f3 r\u00e9tege \u00e1ltal visszavert r\u00e1di\u00f3hull\u00e1mok elektromos tere menet\u00e9nek statisztikai elemz\u00e9se, \u00faj adatokat szolg\u00e1ltatott a napfolt tev\u00e9kenys\u00e9gnek az ionoszf\u00e9ra als\u00f3 [&hellip;]<\/p>\n","protected":false},"featured_media":0,"comment_status":"open","ping_status":"closed","template":"","meta":[],"product_brand":[],"product_cat":[137],"product_tag":[],"class_list":{"0":"post-13621","1":"product","2":"type-product","3":"status-publish","5":"product_cat-maros-megyei-eletrajzi-lexikon","7":"first","8":"instock","9":"shipping-taxable","10":"product-type-simple"},"_links":{"self":[{"href":"https:\/\/uj.adatbank.ro\/lexikon\/wp-json\/wp\/v2\/product\/13621","targetHints":{"allow":["GET"]}}],"collection":[{"href":"https:\/\/uj.adatbank.ro\/lexikon\/wp-json\/wp\/v2\/product"}],"about":[{"href":"https:\/\/uj.adatbank.ro\/lexikon\/wp-json\/wp\/v2\/types\/product"}],"replies":[{"embeddable":true,"href":"https:\/\/uj.adatbank.ro\/lexikon\/wp-json\/wp\/v2\/comments?post=13621"}],"wp:attachment":[{"href":"https:\/\/uj.adatbank.ro\/lexikon\/wp-json\/wp\/v2\/media?parent=13621"}],"wp:term":[{"taxonomy":"product_brand","embeddable":true,"href":"https:\/\/uj.adatbank.ro\/lexikon\/wp-json\/wp\/v2\/product_brand?post=13621"},{"taxonomy":"product_cat","embeddable":true,"href":"https:\/\/uj.adatbank.ro\/lexikon\/wp-json\/wp\/v2\/product_cat?post=13621"},{"taxonomy":"product_tag","embeddable":true,"href":"https:\/\/uj.adatbank.ro\/lexikon\/wp-json\/wp\/v2\/product_tag?post=13621"}],"curies":[{"name":"wp","href":"https:\/\/api.w.org\/{rel}","templated":true}]}}