{"id":13622,"date":"2025-07-15T12:34:45","date_gmt":"2025-07-15T10:34:45","guid":{"rendered":"https:\/\/uj.adatbank.ro\/lexikon\/termek\/lapohos-janosne-illyes-evadr\/"},"modified":"2025-07-15T12:34:45","modified_gmt":"2025-07-15T10:34:45","slug":"lapohos-janosne-illyes-evadr","status":"publish","type":"product","link":"https:\/\/uj.adatbank.ro\/lexikon\/termek\/lapohos-janosne-illyes-evadr\/","title":{"rendered":"LAPOHOS J\u00e1nosn\u00e9 Illy\u00e9s \u00c9va,dr."},"content":{"rendered":"<p>Mv.,1931.,\u2020 Mv.,2009.: Orvos. \u2013 Mv.-en tanult a 4-es sz.Le\u00e1nyk\u00f6z\u00e9piskol\u00e1ban \u00e9s a MOGYI orvoskar\u00e1n v\u00e9gzett (1956). Az \u00e9lettan Katedr\u00e1n volt tan\u00e1rseg\u00e9d. <br \/><strong>Irod.:<\/strong> Kiss Cs. M 4.<\/br><\/p>\n","protected":false},"excerpt":{"rendered":"<p>Mv.,1931.,\u2020 Mv.,2009.: Orvos. \u2013 Mv.-en tanult a 4-es sz.Le\u00e1nyk\u00f6z\u00e9piskol\u00e1ban \u00e9s a MOGYI orvoskar\u00e1n v\u00e9gzett (1956). Az \u00e9lettan Katedr\u00e1n volt tan\u00e1rseg\u00e9d. Irod.: Kiss Cs. M 4.<\/p>\n","protected":false},"featured_media":0,"comment_status":"open","ping_status":"closed","template":"","meta":[],"product_brand":[],"product_cat":[137],"product_tag":[],"class_list":{"0":"post-13622","1":"product","2":"type-product","3":"status-publish","5":"product_cat-maros-megyei-eletrajzi-lexikon","7":"first","8":"instock","9":"shipping-taxable","10":"product-type-simple"},"_links":{"self":[{"href":"https:\/\/uj.adatbank.ro\/lexikon\/wp-json\/wp\/v2\/product\/13622","targetHints":{"allow":["GET"]}}],"collection":[{"href":"https:\/\/uj.adatbank.ro\/lexikon\/wp-json\/wp\/v2\/product"}],"about":[{"href":"https:\/\/uj.adatbank.ro\/lexikon\/wp-json\/wp\/v2\/types\/product"}],"replies":[{"embeddable":true,"href":"https:\/\/uj.adatbank.ro\/lexikon\/wp-json\/wp\/v2\/comments?post=13622"}],"wp:attachment":[{"href":"https:\/\/uj.adatbank.ro\/lexikon\/wp-json\/wp\/v2\/media?parent=13622"}],"wp:term":[{"taxonomy":"product_brand","embeddable":true,"href":"https:\/\/uj.adatbank.ro\/lexikon\/wp-json\/wp\/v2\/product_brand?post=13622"},{"taxonomy":"product_cat","embeddable":true,"href":"https:\/\/uj.adatbank.ro\/lexikon\/wp-json\/wp\/v2\/product_cat?post=13622"},{"taxonomy":"product_tag","embeddable":true,"href":"https:\/\/uj.adatbank.ro\/lexikon\/wp-json\/wp\/v2\/product_tag?post=13622"}],"curies":[{"name":"wp","href":"https:\/\/api.w.org\/{rel}","templated":true}]}}