{"id":13624,"date":"2025-07-15T12:34:48","date_gmt":"2025-07-15T10:34:48","guid":{"rendered":"https:\/\/uj.adatbank.ro\/lexikon\/termek\/larchet-rene\/"},"modified":"2025-07-15T12:34:48","modified_gmt":"2025-07-15T10:34:48","slug":"larchet-rene","status":"publish","type":"product","link":"https:\/\/uj.adatbank.ro\/lexikon\/termek\/larchet-rene\/","title":{"rendered":"LARCHET, Ren\u00e9"},"content":{"rendered":"<p>Franciao.,\u00a0? \u2020\u00a0?\u00a0: tan\u00e1r. \u2013 A mv.-i Papiu Ilarian L\u00edc. franciatan\u00e1ra (1920\u201334). Tan\u00edtott a Francia Int\u00e9zetben is (1921\u201340), az int\u00e9zetet a v\u00e1ros t\u00e1mogatta \u00e9s Francio. is. Nem tudott a p\u00e9nzekkel elsz\u00e1molni ez\u00e9rt elj\u00e1r\u00e1s folyt ellene.Az Indemnul. L\u2019Impulsion a Papiu Liceum tanul\u00f3inak tudom\u00e1nyos, irodalmi \u00e9s folklorisztikai foly\u00f3irat\u00e1nak (1924\u201326), majd a Chez Nous c iskolai foly\u00f3iratnak az igazgat\u00f3ja (1926\u201327) <br \/><strong>Irod.:<\/strong> Ciortea; Id\u0151t\u00e1r 3; MMK, Poptamas-M\u00f3zes<\/br><\/p>\n","protected":false},"excerpt":{"rendered":"<p>Franciao.,\u00a0? \u2020\u00a0?\u00a0: tan\u00e1r. \u2013 A mv.-i Papiu Ilarian L\u00edc. franciatan\u00e1ra (1920\u201334). Tan\u00edtott a Francia Int\u00e9zetben is (1921\u201340), az int\u00e9zetet a v\u00e1ros t\u00e1mogatta \u00e9s Francio. is. Nem tudott a p\u00e9nzekkel elsz\u00e1molni ez\u00e9rt elj\u00e1r\u00e1s folyt ellene.Az Indemnul. L\u2019Impulsion a Papiu Liceum tanul\u00f3inak tudom\u00e1nyos, irodalmi \u00e9s folklorisztikai foly\u00f3irat\u00e1nak (1924\u201326), majd a Chez Nous c iskolai foly\u00f3iratnak az igazgat\u00f3ja [&hellip;]<\/p>\n","protected":false},"featured_media":0,"comment_status":"open","ping_status":"closed","template":"","meta":[],"product_brand":[],"product_cat":[137],"product_tag":[],"class_list":{"0":"post-13624","1":"product","2":"type-product","3":"status-publish","5":"product_cat-maros-megyei-eletrajzi-lexikon","7":"first","8":"instock","9":"shipping-taxable","10":"product-type-simple"},"_links":{"self":[{"href":"https:\/\/uj.adatbank.ro\/lexikon\/wp-json\/wp\/v2\/product\/13624","targetHints":{"allow":["GET"]}}],"collection":[{"href":"https:\/\/uj.adatbank.ro\/lexikon\/wp-json\/wp\/v2\/product"}],"about":[{"href":"https:\/\/uj.adatbank.ro\/lexikon\/wp-json\/wp\/v2\/types\/product"}],"replies":[{"embeddable":true,"href":"https:\/\/uj.adatbank.ro\/lexikon\/wp-json\/wp\/v2\/comments?post=13624"}],"wp:attachment":[{"href":"https:\/\/uj.adatbank.ro\/lexikon\/wp-json\/wp\/v2\/media?parent=13624"}],"wp:term":[{"taxonomy":"product_brand","embeddable":true,"href":"https:\/\/uj.adatbank.ro\/lexikon\/wp-json\/wp\/v2\/product_brand?post=13624"},{"taxonomy":"product_cat","embeddable":true,"href":"https:\/\/uj.adatbank.ro\/lexikon\/wp-json\/wp\/v2\/product_cat?post=13624"},{"taxonomy":"product_tag","embeddable":true,"href":"https:\/\/uj.adatbank.ro\/lexikon\/wp-json\/wp\/v2\/product_tag?post=13624"}],"curies":[{"name":"wp","href":"https:\/\/api.w.org\/{rel}","templated":true}]}}