{"id":13626,"date":"2025-07-15T12:34:52","date_gmt":"2025-07-15T10:34:52","guid":{"rendered":"https:\/\/uj.adatbank.ro\/lexikon\/termek\/lascudean-florin\/"},"modified":"2025-07-15T12:34:52","modified_gmt":"2025-07-15T10:34:52","slug":"lascudean-florin","status":"publish","type":"product","link":"https:\/\/uj.adatbank.ro\/lexikon\/termek\/lascudean-florin\/","title":{"rendered":"L\u0102SCUDEAN, Florin"},"content":{"rendered":"<p>Ol\u00e1hkocs\u00e1rd, ? \u2020 Gyulafeh\u00e9rv\u00e1r, 1849. m\u00e1j. 25.: g. kat. teol\u00f3gus. \u2013 Teol\u00f3gusk\u00e9nt \u00e9s tribunk\u00e9nt r\u00e9szt vett az 1848-as forradalomban. Letart\u00f3ztatt\u00e1k, \u00e9s goly\u00f3 \u00e1ltali hal\u00e1lra \u00edt\u00e9lt\u00e9k, amit v\u00e9gre is hajtottak. <br \/><strong>Irod.:<\/strong> Transilvania 1848\u201349<\/br><\/p>\n","protected":false},"excerpt":{"rendered":"<p>Ol\u00e1hkocs\u00e1rd, ? \u2020 Gyulafeh\u00e9rv\u00e1r, 1849. m\u00e1j. 25.: g. kat. teol\u00f3gus. \u2013 Teol\u00f3gusk\u00e9nt \u00e9s tribunk\u00e9nt r\u00e9szt vett az 1848-as forradalomban. Letart\u00f3ztatt\u00e1k, \u00e9s goly\u00f3 \u00e1ltali hal\u00e1lra \u00edt\u00e9lt\u00e9k, amit v\u00e9gre is hajtottak. Irod.: Transilvania 1848\u201349<\/p>\n","protected":false},"featured_media":0,"comment_status":"open","ping_status":"closed","template":"","meta":[],"product_brand":[],"product_cat":[137],"product_tag":[],"class_list":{"0":"post-13626","1":"product","2":"type-product","3":"status-publish","5":"product_cat-maros-megyei-eletrajzi-lexikon","7":"first","8":"instock","9":"shipping-taxable","10":"product-type-simple"},"_links":{"self":[{"href":"https:\/\/uj.adatbank.ro\/lexikon\/wp-json\/wp\/v2\/product\/13626","targetHints":{"allow":["GET"]}}],"collection":[{"href":"https:\/\/uj.adatbank.ro\/lexikon\/wp-json\/wp\/v2\/product"}],"about":[{"href":"https:\/\/uj.adatbank.ro\/lexikon\/wp-json\/wp\/v2\/types\/product"}],"replies":[{"embeddable":true,"href":"https:\/\/uj.adatbank.ro\/lexikon\/wp-json\/wp\/v2\/comments?post=13626"}],"wp:attachment":[{"href":"https:\/\/uj.adatbank.ro\/lexikon\/wp-json\/wp\/v2\/media?parent=13626"}],"wp:term":[{"taxonomy":"product_brand","embeddable":true,"href":"https:\/\/uj.adatbank.ro\/lexikon\/wp-json\/wp\/v2\/product_brand?post=13626"},{"taxonomy":"product_cat","embeddable":true,"href":"https:\/\/uj.adatbank.ro\/lexikon\/wp-json\/wp\/v2\/product_cat?post=13626"},{"taxonomy":"product_tag","embeddable":true,"href":"https:\/\/uj.adatbank.ro\/lexikon\/wp-json\/wp\/v2\/product_tag?post=13626"}],"curies":[{"name":"wp","href":"https:\/\/api.w.org\/{rel}","templated":true}]}}